{"id":41732,"date":"2023-10-17T10:17:51","date_gmt":"2023-10-17T08:17:51","guid":{"rendered":"https:\/\/www.raschvin.com\/produkt\/drip-stop-wine-pourer-set-of-5\/"},"modified":"2023-10-17T10:17:51","modified_gmt":"2023-10-17T08:17:51","slug":"drip-stop-wine-pourer-set-of-5","status":"publish","type":"product","link":"https:\/\/www.raschvin.com\/sv\/produkt\/drip-stop-wine-pourer-set-of-5\/","title":{"rendered":"Drip Stop Wine Pourer &#8211; Set of 5"},"content":{"rendered":"<p>F\u00f6r att f\u00f6rhindra att droppen glider ner i flaskhalsen, ett tillbeh\u00f6r som avsev\u00e4rt underl\u00e4ttar serveringen av vin vid bordet. \u00c5teranv\u00e4ndbar efter tv\u00e4tt i vatten.<\/p>\n<p>I p\u00e5se med 5 enheter.<\/p>\n","protected":false},"excerpt":{"rendered":"<p>F\u00f6r att f\u00f6rhindra att droppen glider ner i flaskhalsen, ett tillbeh\u00f6r som avsev\u00e4rt underl\u00e4ttar serveringen av vin vid bordet. \u00c5teranv\u00e4ndbar efter tv\u00e4tt i vatten. I p\u00e5se med 5 enheter.<\/p>\n","protected":false},"featured_media":41780,"template":"","meta":{"_acf_changed":false,"rs_blank_template":"","rs_page_bg_color":"","slide_template_v7":""},"product_brand":[],"product_cat":[2753,2761],"product_tag":[],"class_list":{"0":"post-41732","1":"product","2":"type-product","3":"status-publish","4":"has-post-thumbnail","6":"product_cat-gaavor","7":"product_cat-tillbehoer","9":"first","10":"instock","11":"taxable","12":"shipping-taxable","13":"purchasable","14":"product-type-simple"},"bundled_by":[],"bundle_stock_status":"instock","bundle_stock_quantity":null,"bundle_virtual":false,"bundle_layout":"","bundle_add_to_cart_form_location":"","bundle_editable_in_cart":false,"bundle_sold_individually_context":"","bundle_item_grouping":"","bundle_min_size":"","bundle_max_size":"","bundle_price":[],"bundled_items":[],"bundle_sell_ids":[],"acf":[],"_links":{"self":[{"href":"https:\/\/www.raschvin.com\/sv\/wp-json\/wp\/v2\/product\/41732","targetHints":{"allow":["GET"]}}],"collection":[{"href":"https:\/\/www.raschvin.com\/sv\/wp-json\/wp\/v2\/product"}],"about":[{"href":"https:\/\/www.raschvin.com\/sv\/wp-json\/wp\/v2\/types\/product"}],"wp:featuredmedia":[{"embeddable":true,"href":"https:\/\/www.raschvin.com\/sv\/wp-json\/wp\/v2\/media\/41780"}],"wp:attachment":[{"href":"https:\/\/www.raschvin.com\/sv\/wp-json\/wp\/v2\/media?parent=41732"}],"wp:term":[{"taxonomy":"product_brand","embeddable":true,"href":"https:\/\/www.raschvin.com\/sv\/wp-json\/wp\/v2\/product_brand?post=41732"},{"taxonomy":"product_cat","embeddable":true,"href":"https:\/\/www.raschvin.com\/sv\/wp-json\/wp\/v2\/product_cat?post=41732"},{"taxonomy":"product_tag","embeddable":true,"href":"https:\/\/www.raschvin.com\/sv\/wp-json\/wp\/v2\/product_tag?post=41732"}],"curies":[{"name":"wp","href":"https:\/\/api.w.org\/{rel}","templated":true}]}}