{"id":41728,"date":"2023-10-17T09:50:56","date_gmt":"2023-10-17T07:50:56","guid":{"rendered":"https:\/\/www.raschvin.com\/produkt\/boej-pocket-cup-stainless-steel-175-cl\/"},"modified":"2023-10-17T09:50:56","modified_gmt":"2023-10-17T07:50:56","slug":"boej-pocket-cup-stainless-steel-175-cl","status":"publish","type":"product","link":"https:\/\/www.raschvin.com\/sv\/produkt\/boej-pocket-cup-stainless-steel-175-cl\/","title":{"rendered":"B\u00d8J Pocket Cup Brushed Steel 17,5 cl."},"content":{"rendered":"<p>Perfekt f\u00f6r den som vill ta med sig sin favoritdrink, eller helt enkelt som present.<\/p>\n<p>Dess kropp \u00e4r formad med rundade kanter, utan n\u00e5gra oj\u00e4mnheter eller vassa kanter, f\u00f6r att g\u00f6ra den l\u00e4ttare att greppa och b\u00e4ra.<\/p>\n<p>Locket \u00e4r ett skruvlock som f\u00f6rsluter t\u00e4tt f\u00f6r att s\u00e4kerst\u00e4lla att inga v\u00e4tskespill spills.<\/p>\n<p>Den \u00e4r gjord av polerat borstat st\u00e5l och har en kapacitet p\u00e5 175 ml. L\u00e4tt att st\u00e4da:<\/p>\n<p>Tv\u00e4tta den med varmt tv\u00e5lvatten, sk\u00f6lj och torka noga.<\/p>\n","protected":false},"excerpt":{"rendered":"<p>Perfekt f\u00f6r den som vill ta med sig sin favoritdrink, eller helt enkelt som present. Dess kropp \u00e4r formad med rundade kanter, utan n\u00e5gra oj\u00e4mnheter eller vassa kanter, f\u00f6r att&#8230;<\/p>\n","protected":false},"featured_media":41753,"template":"","meta":{"_acf_changed":false,"rs_blank_template":"","rs_page_bg_color":"","slide_template_v7":""},"product_brand":[],"product_cat":[2753,2761],"product_tag":[],"class_list":{"0":"post-41728","1":"product","2":"type-product","3":"status-publish","4":"has-post-thumbnail","6":"product_cat-gaavor","7":"product_cat-tillbehoer","8":"pa_producent-boej-sv","9":"pa_volume-17-5-sv","11":"first","12":"instock","13":"taxable","14":"shipping-taxable","15":"purchasable","16":"product-type-simple"},"bundled_by":[],"bundle_stock_status":"instock","bundle_stock_quantity":null,"bundle_virtual":false,"bundle_layout":"","bundle_add_to_cart_form_location":"","bundle_editable_in_cart":false,"bundle_sold_individually_context":"","bundle_item_grouping":"","bundle_min_size":"","bundle_max_size":"","bundle_price":[],"bundled_items":[],"bundle_sell_ids":[],"acf":[],"_links":{"self":[{"href":"https:\/\/www.raschvin.com\/sv\/wp-json\/wp\/v2\/product\/41728","targetHints":{"allow":["GET"]}}],"collection":[{"href":"https:\/\/www.raschvin.com\/sv\/wp-json\/wp\/v2\/product"}],"about":[{"href":"https:\/\/www.raschvin.com\/sv\/wp-json\/wp\/v2\/types\/product"}],"wp:featuredmedia":[{"embeddable":true,"href":"https:\/\/www.raschvin.com\/sv\/wp-json\/wp\/v2\/media\/41753"}],"wp:attachment":[{"href":"https:\/\/www.raschvin.com\/sv\/wp-json\/wp\/v2\/media?parent=41728"}],"wp:term":[{"taxonomy":"product_brand","embeddable":true,"href":"https:\/\/www.raschvin.com\/sv\/wp-json\/wp\/v2\/product_brand?post=41728"},{"taxonomy":"product_cat","embeddable":true,"href":"https:\/\/www.raschvin.com\/sv\/wp-json\/wp\/v2\/product_cat?post=41728"},{"taxonomy":"product_tag","embeddable":true,"href":"https:\/\/www.raschvin.com\/sv\/wp-json\/wp\/v2\/product_tag?post=41728"}],"curies":[{"name":"wp","href":"https:\/\/api.w.org\/{rel}","templated":true}]}}