{"id":41724,"date":"2023-10-17T09:32:13","date_gmt":"2023-10-17T07:32:13","guid":{"rendered":"https:\/\/www.raschvin.com\/produkt\/pocket-cup-stainless-steel-golf-dorre-andrew\/"},"modified":"2023-10-17T09:32:13","modified_gmt":"2023-10-17T07:32:13","slug":"pocket-cup-stainless-steel-golf-dorre-andrew","status":"publish","type":"product","link":"https:\/\/www.raschvin.com\/sv\/produkt\/pocket-cup-stainless-steel-golf-dorre-andrew\/","title":{"rendered":"Pocket Cup Stainless Steel &#8211; Golf Dorre Andrew"},"content":{"rendered":"<p>Fickplunta Golf Dorre Andrew \u2013 F\u00f6r golfaren som beh\u00f6ver n\u00e5got st\u00e4rkande!<\/p>\n<p>Fickplunta Golf Dorre Andrew \u2013 En fickplunta i rostfritt st\u00e5l som dessutom har ett elegant ornament f\u00f6rest\u00e4llande tv\u00e5 peggar och en golfboll. Pluntan har skruvkork och rymmer 2,1 dl vilket \u00e4r en perfekt storlek som d\u00e4rmed \u00e4r otroligt l\u00e4tt att ha med sig i jackfickan. Den \u00e4r helt utm\u00e4rkt att fylla med din absoluta favoritdryck. Ett m\u00e5ste f\u00f6r golfaren som beh\u00f6ver n\u00e5got st\u00e4rkande eller v\u00e4rmande p\u00e5 golfrundan. Den kan ocks\u00e5 vara en bra att ha med sig om man f\u00e5r tillf\u00e4lle att fira en hole-in-one. \u00c4ven en bra present till den golfintresserade som har glimten i \u00f6gat.<\/p>\n<p>Specifikation<\/p>\n<p>Volym: 2,1 dl<br \/>\nH\u00f6jd: 12 cm<br \/>\nBredd: 9,2 cm<br \/>\nDjup: 2 cm<br \/>\nVikt: 108 g<br \/>\nMaterial: Rostfritt st\u00e5l<br \/>\nT\u00e5l diskmaskin<br \/>\nH\u00e4r kan du hitta fler varianter p\u00e5 bartillbeh\u00f6r<\/p>\n<p>Idag \u00e4r det den tredje generationen som driver familjef\u00f6retaget Dorre. Sedan starten 1963 har Dorre str\u00e4vat efter att snabbt h\u00e4nga p\u00e5 trender samt erbjuda produkter inom k\u00f6k, bar &#038; living. Med ett fokus p\u00e5 design, funktion samt kvalit\u00e9 och dessutom till r\u00e4tt pris. Dorre har m\u00e5nga snygga men ocks\u00e5 bra produkter i sitt sortiment. Visionen bakom Dorre \u00e4r att skapa produkter som h\u00e5ller h\u00f6g kvalitet men ocks\u00e5 till vettiga priser. Den r\u00f6da tr\u00e5den som l\u00f6per genom hela sortimentet har tilltalande utseende och produkter som man dessutom beh\u00f6ver i vardagen.<\/p>\n","protected":false},"excerpt":{"rendered":"<p>Fickplunta Golf Dorre Andrew \u2013 F\u00f6r golfaren som beh\u00f6ver n\u00e5got st\u00e4rkande! Fickplunta Golf Dorre Andrew \u2013 En fickplunta i rostfritt st\u00e5l som dessutom har ett elegant ornament f\u00f6rest\u00e4llande tv\u00e5 peggar&#8230;<\/p>\n","protected":false},"featured_media":41747,"template":"","meta":{"_acf_changed":false,"rs_blank_template":"","rs_page_bg_color":"","slide_template_v7":""},"product_brand":[],"product_cat":[2753,2761],"product_tag":[],"class_list":{"0":"post-41724","1":"product","2":"type-product","3":"status-publish","4":"has-post-thumbnail","6":"product_cat-gaavor","7":"product_cat-tillbehoer","8":"pa_producent-dorre-sv","10":"first","11":"instock","12":"taxable","13":"shipping-taxable","14":"purchasable","15":"product-type-simple"},"bundled_by":[],"bundle_stock_status":"instock","bundle_stock_quantity":null,"bundle_virtual":false,"bundle_layout":"","bundle_add_to_cart_form_location":"","bundle_editable_in_cart":false,"bundle_sold_individually_context":"","bundle_item_grouping":"","bundle_min_size":"","bundle_max_size":"","bundle_price":[],"bundled_items":[],"bundle_sell_ids":[],"acf":[],"_links":{"self":[{"href":"https:\/\/www.raschvin.com\/sv\/wp-json\/wp\/v2\/product\/41724","targetHints":{"allow":["GET"]}}],"collection":[{"href":"https:\/\/www.raschvin.com\/sv\/wp-json\/wp\/v2\/product"}],"about":[{"href":"https:\/\/www.raschvin.com\/sv\/wp-json\/wp\/v2\/types\/product"}],"wp:featuredmedia":[{"embeddable":true,"href":"https:\/\/www.raschvin.com\/sv\/wp-json\/wp\/v2\/media\/41747"}],"wp:attachment":[{"href":"https:\/\/www.raschvin.com\/sv\/wp-json\/wp\/v2\/media?parent=41724"}],"wp:term":[{"taxonomy":"product_brand","embeddable":true,"href":"https:\/\/www.raschvin.com\/sv\/wp-json\/wp\/v2\/product_brand?post=41724"},{"taxonomy":"product_cat","embeddable":true,"href":"https:\/\/www.raschvin.com\/sv\/wp-json\/wp\/v2\/product_cat?post=41724"},{"taxonomy":"product_tag","embeddable":true,"href":"https:\/\/www.raschvin.com\/sv\/wp-json\/wp\/v2\/product_tag?post=41724"}],"curies":[{"name":"wp","href":"https:\/\/api.w.org\/{rel}","templated":true}]}}