{"id":41721,"date":"2023-10-17T09:20:17","date_gmt":"2023-10-17T07:20:17","guid":{"rendered":"https:\/\/www.raschvin.com\/produkt\/quick-freeflow-pourer\/"},"modified":"2023-10-17T09:20:17","modified_gmt":"2023-10-17T07:20:17","slug":"quick-freeflow-pourer","status":"publish","type":"product","link":"https:\/\/www.raschvin.com\/sv\/produkt\/quick-freeflow-pourer\/","title":{"rendered":"Quick Freeflow Pourer"},"content":{"rendered":"<p>Professionell kort h\u00e4llpropp med fri r\u00f6relse. L\u00e4tt att l\u00e4gga p\u00e5 flaskan. L\u00e4mplig f\u00f6r shots d\u00e5 den serverar sprit snabbt.<br \/>\nDesignad f\u00f6r flaskor med standard\u00f6ppning.<\/p>\n","protected":false},"excerpt":{"rendered":"<p>Professionell kort h\u00e4llpropp med fri r\u00f6relse. L\u00e4tt att l\u00e4gga p\u00e5 flaskan. L\u00e4mplig f\u00f6r shots d\u00e5 den serverar sprit snabbt. Designad f\u00f6r flaskor med standard\u00f6ppning.<\/p>\n","protected":false},"featured_media":41762,"template":"","meta":{"_acf_changed":false,"rs_blank_template":"","rs_page_bg_color":"","slide_template_v7":""},"product_brand":[],"product_cat":[2753,2761],"product_tag":[],"class_list":{"0":"post-41721","1":"product","2":"type-product","3":"status-publish","4":"has-post-thumbnail","6":"product_cat-gaavor","7":"product_cat-tillbehoer","9":"first","10":"instock","11":"taxable","12":"shipping-taxable","13":"purchasable","14":"product-type-simple"},"bundled_by":[],"bundle_stock_status":"instock","bundle_stock_quantity":null,"bundle_virtual":false,"bundle_layout":"","bundle_add_to_cart_form_location":"","bundle_editable_in_cart":false,"bundle_sold_individually_context":"","bundle_item_grouping":"","bundle_min_size":"","bundle_max_size":"","bundle_price":[],"bundled_items":[],"bundle_sell_ids":[],"acf":[],"_links":{"self":[{"href":"https:\/\/www.raschvin.com\/sv\/wp-json\/wp\/v2\/product\/41721","targetHints":{"allow":["GET"]}}],"collection":[{"href":"https:\/\/www.raschvin.com\/sv\/wp-json\/wp\/v2\/product"}],"about":[{"href":"https:\/\/www.raschvin.com\/sv\/wp-json\/wp\/v2\/types\/product"}],"wp:featuredmedia":[{"embeddable":true,"href":"https:\/\/www.raschvin.com\/sv\/wp-json\/wp\/v2\/media\/41762"}],"wp:attachment":[{"href":"https:\/\/www.raschvin.com\/sv\/wp-json\/wp\/v2\/media?parent=41721"}],"wp:term":[{"taxonomy":"product_brand","embeddable":true,"href":"https:\/\/www.raschvin.com\/sv\/wp-json\/wp\/v2\/product_brand?post=41721"},{"taxonomy":"product_cat","embeddable":true,"href":"https:\/\/www.raschvin.com\/sv\/wp-json\/wp\/v2\/product_cat?post=41721"},{"taxonomy":"product_tag","embeddable":true,"href":"https:\/\/www.raschvin.com\/sv\/wp-json\/wp\/v2\/product_tag?post=41721"}],"curies":[{"name":"wp","href":"https:\/\/api.w.org\/{rel}","templated":true}]}}