{"id":41565,"date":"2023-10-12T18:26:15","date_gmt":"2023-10-12T16:26:15","guid":{"rendered":"https:\/\/www.raschvin.com\/produkt\/pure-chokolade-70-cl-164\/"},"modified":"2023-10-12T18:26:15","modified_gmt":"2023-10-12T16:26:15","slug":"pure-chokolade-70-cl-164","status":"publish","type":"product","link":"https:\/\/www.raschvin.com\/sv\/produkt\/pure-chokolade-70-cl-164\/","title":{"rendered":"Pure Chokolade 70 cl. 16,4%"},"content":{"rendered":"<p>CHOKLADSHOTS FR\u00c5N PURE!<\/p>\n<p>Pure Chocolate \u00e4r gjord av kakao, hasseln\u00f6t och kola. Kakaopulvret \u00e4r en unik kombination av tv\u00e5 olika typer av kakao, d\u00e4r den ena tillf\u00f6r djup och kryddiga toner, medan den andra bidrar med toner av hasseln\u00f6t.<br \/>\nDetta delikata samspel skapar en sp\u00e4nnande och f\u00f6rf\u00f6risk smakupplevelse. Kakaob\u00f6norna kommer fr\u00e5n h\u00e5llbara v\u00e4stafrikanska k\u00e4llor och \u00e4r av h\u00f6gsta kvalitet.<br \/>\nDenna kombination ger shoten en behaglig doft av choklad, som kompletteras av toner av karamell och rostade hasseln\u00f6tter. Smakupplevelsen \u00e4r v\u00e4lbalanserad med en rik chokladsmak som f\u00f6ljs av en kr\u00e4mig karamellton och avslutas med alkoholens v\u00e4rme.<\/p>\n","protected":false},"excerpt":{"rendered":"<p>Spiritus Made In Aarhus (DK) \u2013 Mixxed By Hand<\/p>\n","protected":false},"featured_media":41556,"template":"","meta":{"_acf_changed":false,"rs_blank_template":"","rs_page_bg_color":"","slide_template_v7":""},"product_brand":[],"product_cat":[2387,4676,2407,2390,2402],"product_tag":[],"class_list":{"0":"post-41565","1":"product","2":"type-product","3":"status-publish","4":"has-post-thumbnail","6":"product_cat-avec-sv","7":"product_cat-choklad","8":"product_cat-shots-sv","9":"product_cat-sprit","10":"product_cat-sprit-sv","11":"pa_land-danmark-sv","12":"pa_procent-16-4-sv","13":"pa_producent-pure-shots-sv","14":"pa_region-aarhus-sv","15":"pa_volume-70-sv-2","17":"first","18":"instock","19":"sale","20":"taxable","21":"shipping-taxable","22":"purchasable","23":"product-type-simple"},"bundled_by":[],"bundle_stock_status":"instock","bundle_stock_quantity":null,"bundle_virtual":false,"bundle_layout":"","bundle_add_to_cart_form_location":"","bundle_editable_in_cart":false,"bundle_sold_individually_context":"","bundle_item_grouping":"","bundle_min_size":"","bundle_max_size":"","bundle_price":[],"bundled_items":[],"bundle_sell_ids":[],"acf":[],"_links":{"self":[{"href":"https:\/\/www.raschvin.com\/sv\/wp-json\/wp\/v2\/product\/41565","targetHints":{"allow":["GET"]}}],"collection":[{"href":"https:\/\/www.raschvin.com\/sv\/wp-json\/wp\/v2\/product"}],"about":[{"href":"https:\/\/www.raschvin.com\/sv\/wp-json\/wp\/v2\/types\/product"}],"wp:featuredmedia":[{"embeddable":true,"href":"https:\/\/www.raschvin.com\/sv\/wp-json\/wp\/v2\/media\/41556"}],"wp:attachment":[{"href":"https:\/\/www.raschvin.com\/sv\/wp-json\/wp\/v2\/media?parent=41565"}],"wp:term":[{"taxonomy":"product_brand","embeddable":true,"href":"https:\/\/www.raschvin.com\/sv\/wp-json\/wp\/v2\/product_brand?post=41565"},{"taxonomy":"product_cat","embeddable":true,"href":"https:\/\/www.raschvin.com\/sv\/wp-json\/wp\/v2\/product_cat?post=41565"},{"taxonomy":"product_tag","embeddable":true,"href":"https:\/\/www.raschvin.com\/sv\/wp-json\/wp\/v2\/product_tag?post=41565"}],"curies":[{"name":"wp","href":"https:\/\/api.w.org\/{rel}","templated":true}]}}