{"id":41469,"date":"2023-10-10T11:39:04","date_gmt":"2023-10-10T09:39:04","guid":{"rendered":"https:\/\/www.raschvin.com\/produkt\/hernoe-pink-btl-gin-eco-50-cl-42\/"},"modified":"2023-10-10T11:39:04","modified_gmt":"2023-10-10T09:39:04","slug":"hernoe-pink-btl-gin-eco-50-cl-42","status":"publish","type":"product","link":"https:\/\/www.raschvin.com\/sv\/produkt\/hernoe-pink-btl-gin-eco-50-cl-42\/","title":{"rendered":"Hern\u00f6 Pink BTL Gin (ECO) 50 cl. 42%"},"content":{"rendered":"<p>This is not a cocktail.<br \/>\nPink Gin is a cocktail.<br \/>\nThis is a pink bottle of a gin.<\/p>\n<p>THIS IS A NO-BULLSHIT GIN<\/p>\n<p>Hern\u00f6 Pink BTL Gin \u00e4r en ekologisk London Dry Gin gjord utan tillsatser som f\u00e4rg, konstgjorda smak\u00e4mnen eller socker. Enligt Hern\u00f6 Gin ska gin inte f\u00e4rgas.<br \/>\nHern\u00f6 Pink BTL Gin \u00e4r en fruktig och blommig gin med dominerande toner av enb\u00e4r. Den \u00e4r destillerad fr\u00e5n 8 ekologiska v\u00e4xter, inklusive enb\u00e4r, jordgubbar och rosenblad.<br \/>\nI doften hittar du gott om enb\u00e4r, krispig, gr\u00f6n skog samt f\u00e4rsk citrus, r\u00f6da frukter och en hint av kryddor. Smaken b\u00f6rjar blommig och f\u00f6ljs av saftig enb\u00e4r, r\u00f6da frukter och koriander. Den k\u00e4nnetecknas av citrus med underliggande kryddor och kassiabark. Jordgubbar dr\u00f6jer sig kvar med enb\u00e4r och kryddiga toner i den mjuka, varma och l\u00e5nga finishen.<\/p>\n<p>UTM\u00c4RKELSER<br \/>\n\u2022 Masters 2020 | The Gin Masters | The Spirits Business 2020<br \/>\n400 kilometer norr om Stockholm hittar du det lilla gindestilleriet, Hern\u00f6 Gin, i t\u00e4torten Dala. Destilleriet \u00e4r det f\u00f6rsta dedikerade gindestilleriet i Sverige och enligt uppgift ocks\u00e5 det nordligaste gindestilleriet i v\u00e4rlden. Hern\u00f6 Gin etablerades 2011 och den 1 december 2012 sl\u00e4pptes den f\u00f6rsta ginen, Hern\u00f6 Dry Gin. Allt b\u00f6rjade med en passion f\u00f6r gin och \u00e4n i dag \u00e4r Hern\u00f6 Gin den mest prisbel\u00f6nta ginen i Europa.<\/p>\n","protected":false},"excerpt":{"rendered":"<p>Handcrafted Scandinavian Organic Gin<\/p>\n","protected":false},"featured_media":41475,"template":"","meta":{"_acf_changed":false,"rs_blank_template":"","rs_page_bg_color":"","slide_template_v7":""},"product_brand":[],"product_cat":[4700,2404,4697,2402],"product_tag":[],"class_list":{"0":"post-41469","1":"product","2":"type-product","3":"status-publish","4":"has-post-thumbnail","6":"product_cat-flavoured-gin-sv","7":"product_cat-gin-sv","8":"product_cat-rose-gin-sv","9":"product_cat-sprit-sv","10":"pa_land-sverige-sv","11":"pa_oekologisk-ja-sv","12":"pa_procent-42-sv","13":"pa_producent-hernoe-destilleri-sv","14":"pa_region-haernoesand-sv","15":"pa_volume-50-sv","17":"first","18":"instock","19":"sale","20":"taxable","21":"shipping-taxable","22":"purchasable","23":"product-type-simple"},"bundled_by":["117248"],"bundle_stock_status":"instock","bundle_stock_quantity":null,"bundle_virtual":false,"bundle_layout":"","bundle_add_to_cart_form_location":"","bundle_editable_in_cart":false,"bundle_sold_individually_context":"","bundle_item_grouping":"","bundle_min_size":"","bundle_max_size":"","bundle_price":[],"bundled_items":[],"bundle_sell_ids":[],"acf":[],"_links":{"self":[{"href":"https:\/\/www.raschvin.com\/sv\/wp-json\/wp\/v2\/product\/41469","targetHints":{"allow":["GET"]}}],"collection":[{"href":"https:\/\/www.raschvin.com\/sv\/wp-json\/wp\/v2\/product"}],"about":[{"href":"https:\/\/www.raschvin.com\/sv\/wp-json\/wp\/v2\/types\/product"}],"wp:featuredmedia":[{"embeddable":true,"href":"https:\/\/www.raschvin.com\/sv\/wp-json\/wp\/v2\/media\/41475"}],"wp:attachment":[{"href":"https:\/\/www.raschvin.com\/sv\/wp-json\/wp\/v2\/media?parent=41469"}],"wp:term":[{"taxonomy":"product_brand","embeddable":true,"href":"https:\/\/www.raschvin.com\/sv\/wp-json\/wp\/v2\/product_brand?post=41469"},{"taxonomy":"product_cat","embeddable":true,"href":"https:\/\/www.raschvin.com\/sv\/wp-json\/wp\/v2\/product_cat?post=41469"},{"taxonomy":"product_tag","embeddable":true,"href":"https:\/\/www.raschvin.com\/sv\/wp-json\/wp\/v2\/product_tag?post=41469"}],"curies":[{"name":"wp","href":"https:\/\/api.w.org\/{rel}","templated":true}]}}