{"id":41466,"date":"2023-10-10T11:27:22","date_gmt":"2023-10-10T09:27:22","guid":{"rendered":"https:\/\/www.raschvin.com\/produkt\/hernoe-old-tom-gin-eco-50-cl-43\/"},"modified":"2023-10-10T11:27:22","modified_gmt":"2023-10-10T09:27:22","slug":"hernoe-old-tom-gin-eco-50-cl-43","status":"publish","type":"product","link":"https:\/\/www.raschvin.com\/sv\/produkt\/hernoe-old-tom-gin-eco-50-cl-43\/","title":{"rendered":"Hern\u00f6 Old Tom Gin (ECO) 50 cl. 43%"},"content":{"rendered":"<p>Int. Vin och sprit Comp. GULD + ENEST\u00c5ENDE<br \/>\nHern\u00f6 Old Tom Gin \u00e4r tillverkad p\u00e5 samma destillerade gin som Hern\u00f6 Dry Gin och Hern\u00f6 Navy Strenght Gin. Hern\u00f6 anv\u00e4nder 8 olika botaniska produkter fr\u00e5n hela v\u00e4rlden, som alla \u00e4r ekologiska och noggrant utvalda. Hern\u00f6 Old Tom Gin \u00e4r mycket kritikerrost och har vundet flotte medaljer.<br \/>\nHern\u00f6 Gin Tom Gin \u00e4r en fyldig gin med tr\u00e4aktiga krydderier, efterfulgt af lyse, saftige eneb\u00e6r och florale noter. Smagen byder p\u00e5 en super glat textur med en let s\u00f8dme och botanisk noter af gr\u00f6nt och spr\u00f8d eneb\u00e6r, efterfulgt af noter af fyrretr\u00e6sblomster. Afslutningen i Hern\u00f6 Old Tom Gin byder p\u00e5 en blommig s\u00f6tme kombinerat med krydderier och eneb\u00e6r.<\/p>\n<p>PR\u00c6MIERINGER<\/p>\n<p>\u2022 Taste Master 2020 | The Spirits Business 2020<br \/>\n\u2022 Trof\u00e9 | International Wine &#038; Spirit Competition, Cathay Pacific, Hong Kong 2018<br \/>\n\u2022 V\u00e4rldens b\u00e4sta gin | World Gin Awards 2018<br \/>\n\u2022 V\u00e4rldens b\u00e4sta gin | World Gin Awards 2017<br \/>\n\u2022 Guld + Enast\u00e5ende | Internationell vin- och spritt\u00e4vling 2015<\/p>\n<p>400 kilometer nord f\u00f6r Stockholm finder man det lille gin-destilleri, Hern\u00f6 Gin, i byen Dala. Destilleriet \u00e4r det f\u00f6rsta dedikerede gin-destilleri i Sverige och efter sigende ocks\u00e5 det nordligaste gin-destilleri i v\u00e4rlden. Hern\u00f6 Gin blev etablerad i 2011, och den 1. december 2012 blev den f\u00f6rsta gin, Hern\u00f6 Dry Gin, utgiven. Det hela startade med en passion for gin, och den dag i dag \u00e4r Hern\u00f6 Gin den mest prisvindande gin i Europa.<\/p>\n","protected":false},"excerpt":{"rendered":"<p>Handcrafted Scandinavian Organic Gin<\/p>\n","protected":false},"featured_media":41464,"template":"","meta":{"_acf_changed":false,"rs_blank_template":"","rs_page_bg_color":"","slide_template_v7":""},"product_brand":[],"product_cat":[4703,2402,2404],"product_tag":[],"class_list":{"0":"post-41466","1":"product","2":"type-product","3":"status-publish","4":"has-post-thumbnail","6":"product_cat-old-tom-sv","7":"product_cat-sprit-sv","8":"product_cat-gin-sv","9":"pa_land-sverige-sv","10":"pa_oekologisk-ja-sv","11":"pa_procent-43-sv","12":"pa_producent-hernoe-destilleri-sv","13":"pa_region-haernoesand-sv","14":"pa_volume-50-sv","16":"first","17":"instock","18":"sale","19":"taxable","20":"shipping-taxable","21":"purchasable","22":"product-type-simple"},"bundled_by":[],"bundle_stock_status":"instock","bundle_stock_quantity":null,"bundle_virtual":false,"bundle_layout":"","bundle_add_to_cart_form_location":"","bundle_editable_in_cart":false,"bundle_sold_individually_context":"","bundle_item_grouping":"","bundle_min_size":"","bundle_max_size":"","bundle_price":[],"bundled_items":[],"bundle_sell_ids":[],"acf":[],"_links":{"self":[{"href":"https:\/\/www.raschvin.com\/sv\/wp-json\/wp\/v2\/product\/41466","targetHints":{"allow":["GET"]}}],"collection":[{"href":"https:\/\/www.raschvin.com\/sv\/wp-json\/wp\/v2\/product"}],"about":[{"href":"https:\/\/www.raschvin.com\/sv\/wp-json\/wp\/v2\/types\/product"}],"wp:featuredmedia":[{"embeddable":true,"href":"https:\/\/www.raschvin.com\/sv\/wp-json\/wp\/v2\/media\/41464"}],"wp:attachment":[{"href":"https:\/\/www.raschvin.com\/sv\/wp-json\/wp\/v2\/media?parent=41466"}],"wp:term":[{"taxonomy":"product_brand","embeddable":true,"href":"https:\/\/www.raschvin.com\/sv\/wp-json\/wp\/v2\/product_brand?post=41466"},{"taxonomy":"product_cat","embeddable":true,"href":"https:\/\/www.raschvin.com\/sv\/wp-json\/wp\/v2\/product_cat?post=41466"},{"taxonomy":"product_tag","embeddable":true,"href":"https:\/\/www.raschvin.com\/sv\/wp-json\/wp\/v2\/product_tag?post=41466"}],"curies":[{"name":"wp","href":"https:\/\/api.w.org\/{rel}","templated":true}]}}