{"id":41433,"date":"2023-10-10T11:11:22","date_gmt":"2023-10-10T09:11:22","guid":{"rendered":"https:\/\/www.raschvin.com\/produkt\/hernoe-dry-gin-eco-50-cl-405\/"},"modified":"2023-10-10T11:11:22","modified_gmt":"2023-10-10T09:11:22","slug":"hernoe-dry-gin-eco-50-cl-405","status":"publish","type":"product","link":"https:\/\/www.raschvin.com\/sv\/produkt\/hernoe-dry-gin-eco-50-cl-405\/","title":{"rendered":"Hern\u00f6 Dry Gin (ECO) 50 cl. 40,5%"},"content":{"rendered":"<p>Hern\u00f6 Dry Gin \u00e4r en topprecensionerad gin som blivit oerh\u00f6rt k\u00e4nd och erk\u00e4nd. Tillverkad av naturliga och noggrant utvalda ekologiska v\u00e4xter, det \u00e4r en rund och len gin.<br \/>\nHern\u00f6 Dry Gin har en rund doft av enb\u00e4r, f\u00e4rsk citrus och en blommig komplexitet. Smaken erbjuder en rik och l\u00e4tt fet konsistens, friska, krispiga, gr\u00f6na och kryddiga toner av koriander och en mjuk s\u00f6tma kombinerat med vanilj och kassiabark. Avslutet i Hern\u00f6 Gin \u00e4r l\u00e5ngt med toner av citrus och enb\u00e4r med en ton av svartpeppar.<\/p>\n<p>UTM\u00c4RKELSER<\/p>\n<p>\u2022 Guld | San Francisco World Spirits Competition 2020<br \/>\n\u2022 Dubbelt guld | International Spirits Challenge 2020<br \/>\n\u2022 Guld | The Gin Masters | The Spirits Business 2020<br \/>\n\u2022 Guld | Internationell ginproducent | Internationell vin- och spritt\u00e4vling 2017<br \/>\n\u2022 Guld | Gin &#038; Tonic | Internationell vin- och spritt\u00e4vling 2016<\/p>\n<p>400 kilometer norr om Stockholm hittar du det lilla gindestilleriet, Hern\u00f6 Gin, i t\u00e4torten Dala. Destilleriet \u00e4r det f\u00f6rsta dedikerade gindestilleriet i Sverige och enligt uppgift ocks\u00e5 det nordligaste gindestilleriet i v\u00e4rlden. Hern\u00f6 Gin etablerades 2011 och den 1 december 2012 sl\u00e4pptes den f\u00f6rsta ginen, Hern\u00f6 Dry Gin. Allt b\u00f6rjade med en passion f\u00f6r gin och \u00e4n i dag \u00e4r Hern\u00f6 Gin den mest prisbel\u00f6nta ginen i Europa.<\/p>\n","protected":false},"excerpt":{"rendered":"<p>Handcrafted Scandinavian Organic Gin<\/p>\n","protected":false},"featured_media":41448,"template":"","meta":{"_acf_changed":false,"rs_blank_template":"","rs_page_bg_color":"","slide_template_v7":""},"product_brand":[],"product_cat":[2402,2404,4688],"product_tag":[],"class_list":{"0":"post-41433","1":"product","2":"type-product","3":"status-publish","4":"has-post-thumbnail","6":"product_cat-sprit-sv","7":"product_cat-gin-sv","8":"product_cat-london-dry-sv","9":"pa_land-sverige-sv","10":"pa_oekologisk-ja-sv","11":"pa_procent-40-5-sv","12":"pa_producent-hernoe-destilleri-sv","13":"pa_region-haernoesand-sv","14":"pa_volume-50-sv","16":"first","17":"instock","18":"sale","19":"taxable","20":"shipping-taxable","21":"purchasable","22":"product-type-simple"},"bundled_by":[],"bundle_stock_status":"instock","bundle_stock_quantity":null,"bundle_virtual":false,"bundle_layout":"","bundle_add_to_cart_form_location":"","bundle_editable_in_cart":false,"bundle_sold_individually_context":"","bundle_item_grouping":"","bundle_min_size":"","bundle_max_size":"","bundle_price":[],"bundled_items":[],"bundle_sell_ids":[],"acf":[],"_links":{"self":[{"href":"https:\/\/www.raschvin.com\/sv\/wp-json\/wp\/v2\/product\/41433","targetHints":{"allow":["GET"]}}],"collection":[{"href":"https:\/\/www.raschvin.com\/sv\/wp-json\/wp\/v2\/product"}],"about":[{"href":"https:\/\/www.raschvin.com\/sv\/wp-json\/wp\/v2\/types\/product"}],"wp:featuredmedia":[{"embeddable":true,"href":"https:\/\/www.raschvin.com\/sv\/wp-json\/wp\/v2\/media\/41448"}],"wp:attachment":[{"href":"https:\/\/www.raschvin.com\/sv\/wp-json\/wp\/v2\/media?parent=41433"}],"wp:term":[{"taxonomy":"product_brand","embeddable":true,"href":"https:\/\/www.raschvin.com\/sv\/wp-json\/wp\/v2\/product_brand?post=41433"},{"taxonomy":"product_cat","embeddable":true,"href":"https:\/\/www.raschvin.com\/sv\/wp-json\/wp\/v2\/product_cat?post=41433"},{"taxonomy":"product_tag","embeddable":true,"href":"https:\/\/www.raschvin.com\/sv\/wp-json\/wp\/v2\/product_tag?post=41433"}],"curies":[{"name":"wp","href":"https:\/\/api.w.org\/{rel}","templated":true}]}}