{"id":41418,"date":"2023-10-10T10:56:56","date_gmt":"2023-10-10T08:56:56","guid":{"rendered":"https:\/\/www.raschvin.com\/produkt\/hernoe-navy-strength-gin-eco-50-cl-57\/"},"modified":"2023-10-10T10:56:56","modified_gmt":"2023-10-10T08:56:56","slug":"hernoe-navy-strength-gin-eco-50-cl-57","status":"publish","type":"product","link":"https:\/\/www.raschvin.com\/sv\/produkt\/hernoe-navy-strength-gin-eco-50-cl-57\/","title":{"rendered":"Hern\u00f6 Navy Strength Gin (ECO) 50 cl. 57%"},"content":{"rendered":"<p>Hern\u00f6 Navy Strength Gin har hela 57 % alkohol och \u00e4r gjord av samma destillerade gin Hern\u00f6 Swedish Excellence Gin. Skillnaden i arom och smak \u00e4r mycket tydlig och Hern\u00f6 Navy Strength Gin har en \u00f6verlag rikare smak med stark enb\u00e4r, koriander och citrus. Hern\u00f6 anv\u00e4nder 8 olika v\u00e4xter som alla \u00e4r ekologiskt registrerade. Hern\u00f6 Navy Strength Gin hyllas mycket av kritikerna och har tagit flera medaljer.<br \/>\nHern\u00f6 Navy Strength Gin har en dj\u00e4rv enb\u00e4rskarakt\u00e4r med doftande citrus, frisk och med toner av peppar. Smaken \u00e4r varm och stark och erbjuder kryddig citrus och toner av v\u00e5rblommor. Finishen i Hern\u00f6 Navy Strength Gin \u00e4r kryddad med en mild v\u00e4rme, en l\u00e5ng och kvardr\u00f6jande men len finish.<\/p>\n<p>400 kilometer norr om Stockholm hittar du det lilla gindestilleriet, Hern\u00f6 Gin, i t\u00e4torten Dala. Destilleriet \u00e4r det f\u00f6rsta dedikerade gindestilleriet i Sverige och enligt uppgift ocks\u00e5 det nordligaste gindestilleriet i v\u00e4rlden. Hern\u00f6 Gin etablerades 2011 och den 1 december 2012 sl\u00e4pptes den f\u00f6rsta ginen, Hern\u00f6 Swedish Excellence Gin.<br \/>\nAllt b\u00f6rjade med en passion f\u00f6r gin, och \u00e4n i dag \u00e4r Hern\u00f6 Gin den mest utm\u00e4rkta ginen i Europa.<\/p>\n","protected":false},"excerpt":{"rendered":"<p>Handcrafted Scandinavian Organic Gin<\/p>\n","protected":false},"featured_media":41427,"template":"","meta":{"_acf_changed":false,"rs_blank_template":"","rs_page_bg_color":"","slide_template_v7":""},"product_brand":[],"product_cat":[2404,4694,2402],"product_tag":[],"class_list":{"0":"post-41418","1":"product","2":"type-product","3":"status-publish","4":"has-post-thumbnail","6":"product_cat-gin-sv","7":"product_cat-navy-sv","8":"product_cat-sprit-sv","9":"pa_land-sverige-sv","10":"pa_oekologisk-ja-sv","11":"pa_procent-57-sv","12":"pa_producent-hernoe-destilleri-sv","13":"pa_region-haernoesand-sv","14":"pa_volume-70-sv-2","16":"first","17":"instock","18":"sale","19":"taxable","20":"shipping-taxable","21":"purchasable","22":"product-type-simple"},"bundled_by":[],"bundle_stock_status":"instock","bundle_stock_quantity":null,"bundle_virtual":false,"bundle_layout":"","bundle_add_to_cart_form_location":"","bundle_editable_in_cart":false,"bundle_sold_individually_context":"","bundle_item_grouping":"","bundle_min_size":"","bundle_max_size":"","bundle_price":[],"bundled_items":[],"bundle_sell_ids":[],"acf":[],"_links":{"self":[{"href":"https:\/\/www.raschvin.com\/sv\/wp-json\/wp\/v2\/product\/41418","targetHints":{"allow":["GET"]}}],"collection":[{"href":"https:\/\/www.raschvin.com\/sv\/wp-json\/wp\/v2\/product"}],"about":[{"href":"https:\/\/www.raschvin.com\/sv\/wp-json\/wp\/v2\/types\/product"}],"wp:featuredmedia":[{"embeddable":true,"href":"https:\/\/www.raschvin.com\/sv\/wp-json\/wp\/v2\/media\/41427"}],"wp:attachment":[{"href":"https:\/\/www.raschvin.com\/sv\/wp-json\/wp\/v2\/media?parent=41418"}],"wp:term":[{"taxonomy":"product_brand","embeddable":true,"href":"https:\/\/www.raschvin.com\/sv\/wp-json\/wp\/v2\/product_brand?post=41418"},{"taxonomy":"product_cat","embeddable":true,"href":"https:\/\/www.raschvin.com\/sv\/wp-json\/wp\/v2\/product_cat?post=41418"},{"taxonomy":"product_tag","embeddable":true,"href":"https:\/\/www.raschvin.com\/sv\/wp-json\/wp\/v2\/product_tag?post=41418"}],"curies":[{"name":"wp","href":"https:\/\/api.w.org\/{rel}","templated":true}]}}