{"id":41408,"date":"2023-10-10T09:25:29","date_gmt":"2023-10-10T07:25:29","guid":{"rendered":"https:\/\/www.raschvin.com\/produkt\/loch-lomond-12-years-gift-set-2-glasses-70-cl-46\/"},"modified":"2023-10-10T09:25:29","modified_gmt":"2023-10-10T07:25:29","slug":"loch-lomond-12-years-gift-set-2-glasses-70-cl-46","status":"publish","type":"product","link":"https:\/\/www.raschvin.com\/sv\/produkt\/loch-lomond-12-years-gift-set-2-glasses-70-cl-46\/","title":{"rendered":"Loch Lomond 12 Years Gift Set + 2 Glasses 70 cl. 46%"},"content":{"rendered":"<p>F\u00e5 popul\u00e4ra Loch Lomond 12 Years Old i en fin presentf\u00f6rpackning med tv\u00e5 l\u00e4ckra glas! Till denna h\u00f6glandswhisky har m\u00e4sterdestillat\u00f6ren Michael Henry valt ut tre olika typer av fat: &#8221;bourbon, refill och recharred&#8221;, som \u00e4r dedikerade i exakt r\u00e4tt (och hemliga) proportioner f\u00f6r att skapa en djup och fruktig whisky med en ton av r\u00f6k. Den \u00e4r buteljerad med 46% alkohol och utan kylfiltrering.<\/p>\n<p>F\u00e4rg: Gyllene.<br \/>\nDoft: Fin och \u00f6ppen redan fr\u00e5n b\u00f6rjan, med persika, p\u00e4ron, bakat \u00e4pple och vanilj.<br \/>\nSmaknoter: Medelfyllig, fruktig och med en fin s\u00f6tma. Farinsocker, plommon och \u00e4pple. I eftersmaken m\u00e4rks r\u00f6ken \u2013 men inte mycket.<\/p>\n<p>Serveringsf\u00f6rslag: B\u00f6r avnjutas snyggt.<\/p>\n<p>Loch Lomond \u00e4r inte som de andra destillerierna i Skottland. P\u00e5 de 8 stillbilderna kan de skapa en m\u00e4ngd olika stilar och experimentera inte bara med malten och \u00e5ldrandet, utan \u00e4ven sj\u00e4lva destillationen! Whisky producerad p\u00e5 Loch Lomond har d\u00e4rf\u00f6r sl\u00e4ppts under en rad olika namn, som Inchfad, Inchmoan, Inchmurrin, Glen Douglas, Croftengea och Old Rhosdu \u2013 beroende p\u00e5 stil och r\u00f6kniv\u00e5. Med de ganska unika Lomond-stills \u00e4r Loch Lomond ocks\u00e5 ett av f\u00e5 destillerier i Skottland som g\u00f6r b\u00e5de single malt och grain whisky (och med m\u00f6jlighet att g\u00f6ra single blended). En annan \u00e4r Girvan som \u00e4r k\u00e4nd f\u00f6r grain whisky men \u00e4ven g\u00f6r singelmalt under namnet Ailsa Bay. Tidigare har Lochside och Ben Nevis ocks\u00e5 kunnat g\u00f6ra det.<\/p>\n<p>Loch Lomond har ocks\u00e5 ett eget destilleri p\u00e5 plats, vilket ger dem full kontroll \u00f6ver hela processen fr\u00e5n destillation till lagring. Destilleriet \u00e4r uppkallat efter den lokala sj\u00f6n, som f\u00f6rs\u00f6rjer vattnet f\u00f6r produktion.<\/p>\n","protected":false},"excerpt":{"rendered":"<p>Scotch Single Malt Whisky<\/p>\n","protected":false},"featured_media":41411,"template":"","meta":{"_acf_changed":false,"rs_blank_template":"","rs_page_bg_color":"","slide_template_v7":""},"product_brand":[],"product_cat":[2387,2754,2753,4651,2392],"product_tag":[],"class_list":{"0":"post-41408","1":"product","2":"type-product","3":"status-publish","4":"has-post-thumbnail","6":"product_cat-avec-sv","7":"product_cat-foeretagspresenter","8":"product_cat-gaavor","9":"product_cat-single-malt-sv","10":"product_cat-whisky-sv","11":"pa_land-skottland","12":"pa_procent-46-sv","13":"pa_producent-loch-lomond-sv","14":"pa_region-highland-sv","15":"pa_traefad-bourbon-sv","16":"pa_volume-70-sv-2","18":"first","19":"instock","20":"sale","21":"taxable","22":"shipping-taxable","23":"purchasable","24":"product-type-simple"},"bundled_by":[],"bundle_stock_status":"instock","bundle_stock_quantity":null,"bundle_virtual":false,"bundle_layout":"","bundle_add_to_cart_form_location":"","bundle_editable_in_cart":false,"bundle_sold_individually_context":"","bundle_item_grouping":"","bundle_min_size":"","bundle_max_size":"","bundle_price":[],"bundled_items":[],"bundle_sell_ids":[],"acf":[],"_links":{"self":[{"href":"https:\/\/www.raschvin.com\/sv\/wp-json\/wp\/v2\/product\/41408","targetHints":{"allow":["GET"]}}],"collection":[{"href":"https:\/\/www.raschvin.com\/sv\/wp-json\/wp\/v2\/product"}],"about":[{"href":"https:\/\/www.raschvin.com\/sv\/wp-json\/wp\/v2\/types\/product"}],"wp:featuredmedia":[{"embeddable":true,"href":"https:\/\/www.raschvin.com\/sv\/wp-json\/wp\/v2\/media\/41411"}],"wp:attachment":[{"href":"https:\/\/www.raschvin.com\/sv\/wp-json\/wp\/v2\/media?parent=41408"}],"wp:term":[{"taxonomy":"product_brand","embeddable":true,"href":"https:\/\/www.raschvin.com\/sv\/wp-json\/wp\/v2\/product_brand?post=41408"},{"taxonomy":"product_cat","embeddable":true,"href":"https:\/\/www.raschvin.com\/sv\/wp-json\/wp\/v2\/product_cat?post=41408"},{"taxonomy":"product_tag","embeddable":true,"href":"https:\/\/www.raschvin.com\/sv\/wp-json\/wp\/v2\/product_tag?post=41408"}],"curies":[{"name":"wp","href":"https:\/\/api.w.org\/{rel}","templated":true}]}}