{"id":41393,"date":"2023-10-10T09:02:51","date_gmt":"2023-10-10T07:02:51","guid":{"rendered":"https:\/\/www.raschvin.com\/produkt\/teeling-whiskey-15-years-explorers-series-japanese-edition-mugi-shochu-70-cl-46\/"},"modified":"2023-10-10T09:02:51","modified_gmt":"2023-10-10T07:02:51","slug":"teeling-whiskey-15-years-explorers-series-japanese-edition-mugi-shochu-70-cl-46","status":"publish","type":"product","link":"https:\/\/www.raschvin.com\/sv\/produkt\/teeling-whiskey-15-years-explorers-series-japanese-edition-mugi-shochu-70-cl-46\/","title":{"rendered":"Teeling Whiskey \u2013 15 Years Explorers Series Japanese Edition #Mugi Shochu 70 cl. 46%"},"content":{"rendered":"<p>Fr\u00e5n Spirit of Dublin, denna begr\u00e4nsade upplaga av Explorers buteljering hyllar de modiga, of\u00f6rskr\u00e4ckta irl\u00e4ndska uppt\u00e4cktsresande som reste v\u00e4rlden \u00f6ver f\u00f6r att s\u00e4tta sin pr\u00e4gel. Den h\u00e4r utg\u00e5van omfamnar Japans karakt\u00e4r genom att avsluta v\u00e4tskan i fat som tidigare anv\u00e4ndes f\u00f6r att mogna Mugi Shochu &#8211; en enda destillerad kornsprit som f\u00f6rst producerades under Edo-perioden. F\u00f6rst mognad p\u00e5 bourbonfat i 11 \u00e5r, \u00f6verf\u00f6rdes whiskyn till dessa japanska fat i ytterligare fyra \u00e5r. Buteljerad vid 46 % volym och fri fr\u00e5n kylfiltrering.<\/p>\n<p>F\u00f6rv\u00e4nta dig aromer av kanderade \u00e4pplen, litchi och jasminte tillsammans med en bel\u00e4ggning av mjuk vaniljs\u00f6tma, fruktkaka och krydda. Smaker av litchi och passionsfrukt sl\u00e5r ut i gommen tillsammans med pocherade p\u00e4ron, pepparkakor och gyllene sirap innan en s\u00f6t, mjuk finish.<\/p>\n<p>Familjen Teeling har tillverkat irl\u00e4ndsk whisky sedan 1782, d\u00e5 Walter Teeling \u00f6ppnade sitt whiskydestilleri p\u00e5 Marrowbone Lane i Dublin. Dublin har traditionellt sett varit hj\u00e4rtat i Irlands whiskyproduktion. Historien om Irlands whiskyproduktion \u00e4r otroligt sp\u00e4nnande och dramatisk och \u00e4r till stor del kopplad till landets relation till England, p\u00e5 gott och ont. Hela 37 destillerier hade r\u00f6k i sina skorstenar i b\u00f6rjan av 1900-talet, men ett efter ett st\u00e4ngde destillerierna och sedan 1976 har ingen whisky destillerats i Dublin \u2013 f\u00f6rr\u00e4n nu! Teeling Whisky Distillery \u00e4r det f\u00f6rsta ny\u00f6ppnade destilleriet i Dublin p\u00e5 \u00f6ver 125 \u00e5r och familjen Teeling ser det som sitt uppdrag att f\u00f6ra tillbaka konsten att destillera till hj\u00e4rtat av Dublin!<\/p>\n<p>Den smakrika whiskyn kommer fr\u00e5n 3 gl\u00e4nsande pot stills, som \u00e4r uppkallade efter Jack Teelings 3 d\u00f6ttrar. 25 % av produktionen \u00e4r till\u00e4gnad whisky av experimentell karakt\u00e4r, vilket g\u00f6r Teeling till ett av de mest sp\u00e4nnande destillerierna att h\u00e5lla ett \u00f6ga p\u00e5 i framtiden.<\/p>\n","protected":false},"excerpt":{"rendered":"<p>Non Chill Filtered Irish Whiskey<\/p>\n","protected":false},"featured_media":41399,"template":"","meta":{"_acf_changed":false,"rs_blank_template":"","rs_page_bg_color":"","slide_template_v7":""},"product_brand":[],"product_cat":[2387,4765,4768,2392],"product_tag":[],"class_list":{"0":"post-41393","1":"product","2":"type-product","3":"status-publish","4":"has-post-thumbnail","6":"product_cat-avec-sv","7":"product_cat-blended-sv","8":"product_cat-irish-whiskey","9":"product_cat-whisky-sv","10":"pa_land-irland-sv","11":"pa_procent-46-sv","12":"pa_producent-teeling-sv","13":"pa_region-dublin-sv","14":"pa_traefad-bourbon-sv","15":"pa_traefad-mugi-shochu-sv","16":"pa_volume-70-sv-2","18":"first","19":"instock","20":"sale","21":"taxable","22":"shipping-taxable","23":"purchasable","24":"product-type-simple"},"bundled_by":[],"bundle_stock_status":"instock","bundle_stock_quantity":null,"bundle_virtual":false,"bundle_layout":"","bundle_add_to_cart_form_location":"","bundle_editable_in_cart":false,"bundle_sold_individually_context":"","bundle_item_grouping":"","bundle_min_size":"","bundle_max_size":"","bundle_price":[],"bundled_items":[],"bundle_sell_ids":[],"acf":[],"_links":{"self":[{"href":"https:\/\/www.raschvin.com\/sv\/wp-json\/wp\/v2\/product\/41393","targetHints":{"allow":["GET"]}}],"collection":[{"href":"https:\/\/www.raschvin.com\/sv\/wp-json\/wp\/v2\/product"}],"about":[{"href":"https:\/\/www.raschvin.com\/sv\/wp-json\/wp\/v2\/types\/product"}],"wp:featuredmedia":[{"embeddable":true,"href":"https:\/\/www.raschvin.com\/sv\/wp-json\/wp\/v2\/media\/41399"}],"wp:attachment":[{"href":"https:\/\/www.raschvin.com\/sv\/wp-json\/wp\/v2\/media?parent=41393"}],"wp:term":[{"taxonomy":"product_brand","embeddable":true,"href":"https:\/\/www.raschvin.com\/sv\/wp-json\/wp\/v2\/product_brand?post=41393"},{"taxonomy":"product_cat","embeddable":true,"href":"https:\/\/www.raschvin.com\/sv\/wp-json\/wp\/v2\/product_cat?post=41393"},{"taxonomy":"product_tag","embeddable":true,"href":"https:\/\/www.raschvin.com\/sv\/wp-json\/wp\/v2\/product_tag?post=41393"}],"curies":[{"name":"wp","href":"https:\/\/api.w.org\/{rel}","templated":true}]}}