{"id":41369,"date":"2023-10-10T08:38:31","date_gmt":"2023-10-10T06:38:31","guid":{"rendered":"https:\/\/www.raschvin.com\/produkt\/skinos-mastiha-spirit-70-cl-30\/"},"modified":"2023-10-10T08:38:31","modified_gmt":"2023-10-10T06:38:31","slug":"skinos-mastiha-spirit-70-cl-30","status":"publish","type":"product","link":"https:\/\/www.raschvin.com\/sv\/produkt\/skinos-mastiha-spirit-70-cl-30\/","title":{"rendered":"Skinos Mastiha Spirit 70 cl. 30%"},"content":{"rendered":"<p>Mastik \u00e4r hartset fr\u00e5n mastixtr\u00e4det, som v\u00e4xer i Medelhavsomr\u00e5det, men framf\u00f6r allt p\u00e5 den grekiska \u00f6n Chios. Doften \u00e4r ganska speciell och mastix har bl.a. anv\u00e4nts till turkisk delight och andra desserter, och som du s\u00e4kert har gissat har den \u00e4ven hittat in i sprit! F\u00f6r att g\u00f6ra Skinos Mastiha blandas hartset med neutral sprit i stora, uppv\u00e4rmda bronsk\u00e4rl. H\u00e4r l\u00f6ser den upp och sl\u00e4pper sin unika arom \u2013 doften av den grekiska sommaren! Till sist smaks\u00e4tts spriten med socker.<\/p>\n<p>F\u00e4rg: Klar.<br \/>\nDoft: Fr\u00e4sch och \u00f6rtig doft.<br \/>\nSmaknoter: N\u00e5got s\u00f6ta med toner som p\u00e5minner om mynta, cedertr\u00e4 och tallbarr.<\/p>\n<p>Serveringsf\u00f6rslag: Njut av det snyggt eller i cocktails.<\/p>\n<p>Om SKINOS<\/p>\n<p>SKINOS \u00e4r det antika grekiska ordet f\u00f6r mastiha. Doften av SKINOS, gjord av den mastiha, kan inte beskrivas med ett enda ord. Liksom det soldr\u00e4nkta Medelhavets klippiga str\u00e4nder, t\u00e4ckta med vilda \u00f6rter, krossad enb\u00e4r och nysk\u00f6rdade blad av gr\u00f6nmynta, regndr\u00e4nkt cedertr\u00e4 och violetta eteriska oljor, b\u00e4r den en djup, hemskande doft. Balansen mellan mild s\u00f6tma och fr\u00e4sch\u00f6r, fruktig och delikat, \u00e4r det som g\u00f6r Skinos s\u00e5 m\u00e5ngsidig. Den kan avnjutas ensam, kyld, som aperitif eller drink efter middagen, i en m\u00e4ngd olika cocktails, eller anv\u00e4ndas i matlagning f\u00f6r att smaks\u00e4tta fisk och andra r\u00e4tter, vilket ger den en unik medelhavssmak.<\/p>\n<p>Skinos \u00e4r en av de mest popul\u00e4ra grekiska lik\u00f6rerna och anv\u00e4nds i recept som serveras p\u00e5 internationella cocktailt\u00e4vlingar. Den har en unik smak som \u00e4ven proffs p\u00e5 alkoholhaltiga drycker kommer att uppskatta.<\/p>\n<p>Om Mastiha<\/p>\n<p>Sedan omkring 600 f.Kr. har mastiha varit k\u00e4nt som en naturlig f\u00f6da med olika f\u00f6rdelar, som att fr\u00e4mja matsm\u00e4ltningen. Mastiha \u00e4r gjord av saften fr\u00e5n Mastiha-tr\u00e4det, som \u00e4r ett mystiskt tr\u00e4d som bara finns p\u00e5 vulkan\u00f6n Hios i \u00f6stra Medelhavet. De gamla grekerna, romarna, bysantinerna, genuerna och ottomanerna spred det runt om i v\u00e4rlden och det blev allm\u00e4nt k\u00e4nt som en mat hemma i Medelhavet. Hippokrates, medicinens grundare, s\u00e4gs ha anv\u00e4nt en blandning av mastiha och honung f\u00f6r att behandla magsm\u00e4rtor och f\u00f6rkylningar. \u00c4n idag anv\u00e4nds mastiha flitigt i Grekland f\u00f6r tuggummi och glass, och olika vetenskapliga artiklar har publicerats om dess munv\u00e5rd och matsm\u00e4ltningsf\u00f6rdelar. Saven fr\u00e5n mastihatr\u00e4det sk\u00f6rdas noggrant av skickliga sk\u00f6rdare enligt en l\u00e5ng tradition. Utbytet fr\u00e5n ett enda mastihatr\u00e4d \u00e4r cirka 80 till 2 000 gram per \u00e5r.<\/p>\n<p>Skinos Mandarin, inspirerad av solnedg\u00e5ngen \u00f6ver Egeiska havet, ger en sommarkv\u00e4lls friskhet och livliga f\u00e4rger till glaset.<\/p>\n<p>1. i en shaker fylld med is, tills\u00e4tt 60 ml Skinos, 25 ml citronsaft, 25 ml apelsinjuice (100 % juice), 15 ml honung eller sockersirap, 3 sm\u00e5 bitar ingef\u00e4ra och skaka ordentligt f\u00f6r 10 sekunder. 2.<br \/>\nH\u00e4ll upp i ett highballglas fyllt med is och servera.<\/p>\n<p>Detta \u00e4r en modern grekisk version av longdrinken fr\u00e5n Skinos. Den subtila salta smaken inbjuder den som dricker till Egeiska havet.<br \/>\n1. Fyll ett highballglas med is, tills\u00e4tt 50 ml Skinos och 10 ml f\u00e4rsk limejuice och blanda v\u00e4l. 2.<br \/>\nTills\u00e4tt mer is och h\u00e4ll i grapefruktjuice. 3.<br \/>\nGarnera med en skiva grapefrukt och salta glasets kant.<\/p>\n","protected":false},"excerpt":{"rendered":"<p>Greek Herb Liqueur<\/p>\n","protected":false},"featured_media":41387,"template":"","meta":{"_acf_changed":false,"rs_blank_template":"","rs_page_bg_color":"","slide_template_v7":""},"product_brand":[],"product_cat":[2387,2390,2402,2407,4714,4716],"product_tag":[],"class_list":{"0":"post-41369","1":"product","2":"type-product","3":"status-publish","4":"has-post-thumbnail","6":"product_cat-avec-sv","7":"product_cat-sprit","8":"product_cat-sprit-sv","9":"product_cat-shots-sv","10":"product_cat-ort","11":"product_cat-andra-likorer","12":"pa_land-grekland","13":"pa_procent-30-sv","14":"pa_producent-concepts-ltd-sv","15":"pa_region-chios-sv","16":"pa_volume-70-sv-2","18":"first","19":"instock","20":"sale","21":"taxable","22":"shipping-taxable","23":"purchasable","24":"product-type-simple"},"bundled_by":[],"bundle_stock_status":"instock","bundle_stock_quantity":null,"bundle_virtual":false,"bundle_layout":"","bundle_add_to_cart_form_location":"","bundle_editable_in_cart":false,"bundle_sold_individually_context":"","bundle_item_grouping":"","bundle_min_size":"","bundle_max_size":"","bundle_price":[],"bundled_items":[],"bundle_sell_ids":[],"acf":[],"_links":{"self":[{"href":"https:\/\/www.raschvin.com\/sv\/wp-json\/wp\/v2\/product\/41369","targetHints":{"allow":["GET"]}}],"collection":[{"href":"https:\/\/www.raschvin.com\/sv\/wp-json\/wp\/v2\/product"}],"about":[{"href":"https:\/\/www.raschvin.com\/sv\/wp-json\/wp\/v2\/types\/product"}],"wp:featuredmedia":[{"embeddable":true,"href":"https:\/\/www.raschvin.com\/sv\/wp-json\/wp\/v2\/media\/41387"}],"wp:attachment":[{"href":"https:\/\/www.raschvin.com\/sv\/wp-json\/wp\/v2\/media?parent=41369"}],"wp:term":[{"taxonomy":"product_brand","embeddable":true,"href":"https:\/\/www.raschvin.com\/sv\/wp-json\/wp\/v2\/product_brand?post=41369"},{"taxonomy":"product_cat","embeddable":true,"href":"https:\/\/www.raschvin.com\/sv\/wp-json\/wp\/v2\/product_cat?post=41369"},{"taxonomy":"product_tag","embeddable":true,"href":"https:\/\/www.raschvin.com\/sv\/wp-json\/wp\/v2\/product_tag?post=41369"}],"curies":[{"name":"wp","href":"https:\/\/api.w.org\/{rel}","templated":true}]}}