{"id":41354,"date":"2023-10-10T08:14:37","date_gmt":"2023-10-10T06:14:37","guid":{"rendered":"https:\/\/www.raschvin.com\/produkt\/stroh-rum-70-cl-60\/"},"modified":"2023-10-10T08:14:37","modified_gmt":"2023-10-10T06:14:37","slug":"stroh-rum-70-cl-60","status":"publish","type":"product","link":"https:\/\/www.raschvin.com\/sv\/produkt\/stroh-rum-70-cl-60\/","title":{"rendered":"Stroh Rum 70 cl. 60%"},"content":{"rendered":"<p>Stroh Original Rum har en underbar doft av l\u00e4tt kola, vanilj, blommor, \u00f6rter, tropiska frukter och kryddor. Den unika smaken har h\u00e4rliga, parfymerade toner av &#8221;root beer&#8221;, kryddor och sm\u00f6riga nyanser, som f\u00f6ljs av en varm, l\u00e5ng eftersmak.<\/p>\n<p>Stroh Original \u00e4r den idealiska rommen i den varma drycken som tr\u00f6tta skid\u00e5kare beh\u00f6ver n\u00e4r de kommer hem till hotellet efter en l\u00e5ng dag i sn\u00f6n.<\/p>\n<p>Ocks\u00e5 idealisk mixer f\u00f6r en romtoddy f\u00f6r en rostig hals eller en stigande f\u00f6rkylning.<\/p>\n<p>Drycksf\u00f6rslagen \u00e4r m\u00e5nga: i te, i kaffe, med vispgr\u00e4dde eller naturell.<\/p>\n","protected":false},"excerpt":{"rendered":"<p>Austria Inl\u00e4nder Rum \u2013 The Spirit of Austria<\/p>\n","protected":false},"featured_media":41363,"template":"","meta":{"_acf_changed":false,"rs_blank_template":"","rs_page_bg_color":"","slide_template_v7":""},"product_brand":[],"product_cat":[2387,2391,4631],"product_tag":[],"class_list":{"0":"post-41354","1":"product","2":"type-product","3":"status-publish","4":"has-post-thumbnail","6":"product_cat-avec-sv","7":"product_cat-rom-sv","8":"product_cat-spiced-sv","9":"pa_land-oesterrike","10":"pa_procent-60-sv","11":"pa_producent-stroh-sv","12":"pa_volume-70-sv-2","14":"first","15":"instock","16":"taxable","17":"shipping-taxable","18":"purchasable","19":"product-type-simple"},"bundled_by":[],"bundle_stock_status":"instock","bundle_stock_quantity":null,"bundle_virtual":false,"bundle_layout":"","bundle_add_to_cart_form_location":"","bundle_editable_in_cart":false,"bundle_sold_individually_context":"","bundle_item_grouping":"","bundle_min_size":"","bundle_max_size":"","bundle_price":[],"bundled_items":[],"bundle_sell_ids":[],"acf":[],"_links":{"self":[{"href":"https:\/\/www.raschvin.com\/sv\/wp-json\/wp\/v2\/product\/41354","targetHints":{"allow":["GET"]}}],"collection":[{"href":"https:\/\/www.raschvin.com\/sv\/wp-json\/wp\/v2\/product"}],"about":[{"href":"https:\/\/www.raschvin.com\/sv\/wp-json\/wp\/v2\/types\/product"}],"wp:featuredmedia":[{"embeddable":true,"href":"https:\/\/www.raschvin.com\/sv\/wp-json\/wp\/v2\/media\/41363"}],"wp:attachment":[{"href":"https:\/\/www.raschvin.com\/sv\/wp-json\/wp\/v2\/media?parent=41354"}],"wp:term":[{"taxonomy":"product_brand","embeddable":true,"href":"https:\/\/www.raschvin.com\/sv\/wp-json\/wp\/v2\/product_brand?post=41354"},{"taxonomy":"product_cat","embeddable":true,"href":"https:\/\/www.raschvin.com\/sv\/wp-json\/wp\/v2\/product_cat?post=41354"},{"taxonomy":"product_tag","embeddable":true,"href":"https:\/\/www.raschvin.com\/sv\/wp-json\/wp\/v2\/product_tag?post=41354"}],"curies":[{"name":"wp","href":"https:\/\/api.w.org\/{rel}","templated":true}]}}