{"id":41261,"date":"2023-10-05T08:25:44","date_gmt":"2023-10-05T06:25:44","guid":{"rendered":"https:\/\/www.raschvin.com\/produkt\/helsingoer-gin-citrus-dry-70-cl-43\/"},"modified":"2023-10-05T08:25:44","modified_gmt":"2023-10-05T06:25:44","slug":"helsingoer-gin-citrus-dry-70-cl-43","status":"publish","type":"product","link":"https:\/\/www.raschvin.com\/sv\/produkt\/helsingoer-gin-citrus-dry-70-cl-43\/","title":{"rendered":"Helsing\u00f8r Gin &#8211; Citrus Dry 70 cl. 43%"},"content":{"rendered":"<p>Helsing\u00f6rs f\u00f6rsta gin! Riktigt hantverk med fokus p\u00e5 kvalitet. H\u00e4r har vi en gin som utstr\u00e5lar kvalitet och med mycket karakt\u00e4r. H\u00e4r p\u00e5 Rasch Vin \u00e4r vi stolta \u00f6ver att ha m\u00f6jligheten att presentera den f\u00f6rsta och enda riktiga ginen fr\u00e5n Helsing\u00f6r. Med en smaks\u00e4ttning fokuserad p\u00e5 enb\u00e4r och citrus och inget annat, ger denna gin en otroligt ren och behaglig smak. En gin med en halvtorr finish d\u00e4r du kan experimentera med din egen smaksatta tonic. Vill du k\u00f6pa n\u00e5got lokalt och handgjort med otroligt h\u00f6g kvalitet \u00e4r det h\u00e4r ginen f\u00f6r dig.<\/p>\n","protected":false},"excerpt":{"rendered":"<p>Lokal Quality Gin &#8211; Elsinore<\/p>\n","protected":false},"featured_media":41259,"template":"","meta":{"_acf_changed":false,"rs_blank_template":"","rs_page_bg_color":"","slide_template_v7":""},"product_brand":[],"product_cat":[4711,2404,4688],"product_tag":[],"class_list":{"0":"post-41261","1":"product","2":"type-product","3":"status-publish","4":"has-post-thumbnail","6":"product_cat-andra-gins","7":"product_cat-gin-sv","8":"product_cat-london-dry-sv","9":"pa_land-danmark-sv","10":"pa_procent-43-sv","11":"pa_producent-thornaes-destilleri-sv","12":"pa_region-nordsjaelland-sv","13":"pa_volume-70-sv-2","15":"first","16":"instock","17":"sale","18":"featured","19":"taxable","20":"shipping-taxable","21":"purchasable","22":"product-type-simple"},"bundled_by":["58765","116339"],"bundle_stock_status":"instock","bundle_stock_quantity":null,"bundle_virtual":false,"bundle_layout":"","bundle_add_to_cart_form_location":"","bundle_editable_in_cart":false,"bundle_sold_individually_context":"","bundle_item_grouping":"","bundle_min_size":"","bundle_max_size":"","bundle_price":[],"bundled_items":[],"bundle_sell_ids":[],"acf":[],"_links":{"self":[{"href":"https:\/\/www.raschvin.com\/sv\/wp-json\/wp\/v2\/product\/41261","targetHints":{"allow":["GET"]}}],"collection":[{"href":"https:\/\/www.raschvin.com\/sv\/wp-json\/wp\/v2\/product"}],"about":[{"href":"https:\/\/www.raschvin.com\/sv\/wp-json\/wp\/v2\/types\/product"}],"wp:featuredmedia":[{"embeddable":true,"href":"https:\/\/www.raschvin.com\/sv\/wp-json\/wp\/v2\/media\/41259"}],"wp:attachment":[{"href":"https:\/\/www.raschvin.com\/sv\/wp-json\/wp\/v2\/media?parent=41261"}],"wp:term":[{"taxonomy":"product_brand","embeddable":true,"href":"https:\/\/www.raschvin.com\/sv\/wp-json\/wp\/v2\/product_brand?post=41261"},{"taxonomy":"product_cat","embeddable":true,"href":"https:\/\/www.raschvin.com\/sv\/wp-json\/wp\/v2\/product_cat?post=41261"},{"taxonomy":"product_tag","embeddable":true,"href":"https:\/\/www.raschvin.com\/sv\/wp-json\/wp\/v2\/product_tag?post=41261"}],"curies":[{"name":"wp","href":"https:\/\/api.w.org\/{rel}","templated":true}]}}