{"id":41125,"date":"2023-09-28T08:29:54","date_gmt":"2023-09-28T06:29:54","guid":{"rendered":"https:\/\/www.raschvin.com\/produkt\/the-long-little-dog-75-cl\/"},"modified":"2023-09-28T08:29:54","modified_gmt":"2023-09-28T06:29:54","slug":"the-long-little-dog-75-cl","status":"publish","type":"product","link":"https:\/\/www.raschvin.com\/sv\/produkt\/the-long-little-dog-75-cl\/","title":{"rendered":"The Long Little Dog 75 cl."},"content":{"rendered":"<p>En fr\u00e4sch och humoristisk f\u00f6rpackning, men sj\u00e4lva vinet \u00e4r seri\u00f6st gott!<\/p>\n<p>The Long Little Dog \u00e4r en typisk sydfransk blandning av olika druvor, bl.a grenache och syrah, gjorda i en fr\u00e4sch och okomplicerad stil med tydliga referenser till generiska c\u00f4tes-du-rh\u00f4ne.<\/p>\n<p>Vinifieringen sker i en toppmodern ving\u00e5rd med rostfri skog, d\u00e4r \u00e4ven detta vin tillbringade sitt sp\u00e4dbarnsliv. Efter en kort flaskf\u00f6rvaring buteljeras vinet med skruvkork f\u00f6r att understryka den informella tons\u00e4ttningen med resten av den festliga f\u00f6rpackningen \u2013 b\u00e5de vad g\u00e4ller flaskan och 6-delad box.<\/p>\n<p>Vinet i sig har fruktiga aromer av Provence-kryddad, m\u00f6rk frukt med framf\u00f6r allt bl\u00e5tt plommon och k\u00f6rsb\u00e4r. Det \u00e4r bra friskhet och &#8221;nervositet&#8221; i den sp\u00e4nstiga frukten och en saftig finish som \u00e4r tillr\u00e4ckligt mild f\u00f6r att inte skr\u00e4mma men tillr\u00e4ckligt frisk f\u00f6r att h\u00e5lla intresse.<\/p>\n<p>Njut till alla m\u00f6jliga enkla k\u00f6ttr\u00e4tter serverade i 15-17\u00b0 eller lite mer kylda om du vill ha det som ett saftigt mysigt vin.<\/p>\n","protected":false},"excerpt":{"rendered":"<p>Vin de France<\/p>\n","protected":false},"featured_media":41119,"template":"","meta":{"_acf_changed":false,"rs_blank_template":"","rs_page_bg_color":"","slide_template_v7":""},"product_brand":[],"product_cat":[2788,2798],"product_tag":[],"class_list":{"0":"post-41125","1":"product","2":"type-product","3":"status-publish","4":"has-post-thumbnail","6":"product_cat-vin-sv","7":"product_cat-roedvin-sv","8":"pa_drue-carignan-sv","9":"pa_drue-grenache-sv","10":"pa_drue-syrah-sv","11":"pa_land-frankrike","12":"pa_procent-13-sv","13":"pa_region-languedoc-sv","14":"pa_serveringstemperatur-17-18-sv","15":"pa_volume-75-sv","17":"first","18":"instock","19":"taxable","20":"shipping-taxable","21":"purchasable","22":"product-type-simple"},"bundled_by":["119753"],"bundle_stock_status":"instock","bundle_stock_quantity":null,"bundle_virtual":false,"bundle_layout":"","bundle_add_to_cart_form_location":"","bundle_editable_in_cart":false,"bundle_sold_individually_context":"","bundle_item_grouping":"","bundle_min_size":"","bundle_max_size":"","bundle_price":[],"bundled_items":[],"bundle_sell_ids":[],"acf":[],"_links":{"self":[{"href":"https:\/\/www.raschvin.com\/sv\/wp-json\/wp\/v2\/product\/41125","targetHints":{"allow":["GET"]}}],"collection":[{"href":"https:\/\/www.raschvin.com\/sv\/wp-json\/wp\/v2\/product"}],"about":[{"href":"https:\/\/www.raschvin.com\/sv\/wp-json\/wp\/v2\/types\/product"}],"wp:featuredmedia":[{"embeddable":true,"href":"https:\/\/www.raschvin.com\/sv\/wp-json\/wp\/v2\/media\/41119"}],"wp:attachment":[{"href":"https:\/\/www.raschvin.com\/sv\/wp-json\/wp\/v2\/media?parent=41125"}],"wp:term":[{"taxonomy":"product_brand","embeddable":true,"href":"https:\/\/www.raschvin.com\/sv\/wp-json\/wp\/v2\/product_brand?post=41125"},{"taxonomy":"product_cat","embeddable":true,"href":"https:\/\/www.raschvin.com\/sv\/wp-json\/wp\/v2\/product_cat?post=41125"},{"taxonomy":"product_tag","embeddable":true,"href":"https:\/\/www.raschvin.com\/sv\/wp-json\/wp\/v2\/product_tag?post=41125"}],"curies":[{"name":"wp","href":"https:\/\/api.w.org\/{rel}","templated":true}]}}