{"id":41104,"date":"2023-09-28T08:18:43","date_gmt":"2023-09-28T06:18:43","guid":{"rendered":"https:\/\/www.raschvin.com\/produkt\/fief-du-marquis-bordeaux-2018-75-cl\/"},"modified":"2023-09-28T08:18:43","modified_gmt":"2023-09-28T06:18:43","slug":"fief-du-marquis-bordeaux-2018-75-cl","status":"publish","type":"product","link":"https:\/\/www.raschvin.com\/sv\/produkt\/fief-du-marquis-bordeaux-2018-75-cl\/","title":{"rendered":"Fief du Marquis Bordeaux 2018 75 cl."},"content":{"rendered":"<p>Detta \u00e4r en solid, naturtrogen Bordeaux till en \u00f6verkomlig hyra; ett odlat k\u00f6ttbullsvin (i ordets b\u00e4sta bem\u00e4rkelse), h\u00e4mtat fr\u00e5n hela druvodlare fr\u00e5n olika delar av mycket volumin\u00f6s AOP Bordeaux. Denna &#8217;grundappellation&#8217; har inte p\u00e5 n\u00e5got s\u00e4tt gynnats av stj\u00e4rnst\u00e4nket av de legendariska toppvinerna, s\u00e5 prisniv\u00e5n \u00e4r fortfarande m\u00e5ttlig, samtidigt som kvaliteten har f\u00f6rb\u00e4ttrats avsev\u00e4rt under de senaste decennierna &#8211; ett resultat av b\u00e4ttre f\u00e4ltarbete och vinifiering, vilket gynnar vinkonsumenten. V\u00e4ldigt f\u00e5 regioner med viner i v\u00e4rldsklass erbjuder bra, prisv\u00e4rda basviner: det hade aldrig g\u00e5tt i Bourgogne!<\/p>\n<p>Fief du Marquis Bordeaux \u00e4r en blandning av fr\u00e4mst merlot (80%) och lika delar cabernet sauvignon och cabernet franc. Fief du Marquis har en \u00f6verraskande m\u00e4ngd fruktrikedom f\u00f6r prisklassen, men klarar ocks\u00e5 av sitt Bordeaux-DNA. Det h\u00e4r \u00e4r med andra ord ett torrt vin med l\u00e4tt kropp, fr\u00e4mst r\u00f6d b\u00e4rfrukt med inslag av svarta vinb\u00e4r.<br \/>\nLite struktur i eftersmaken g\u00f6r att detta f\u00f6rmodligen mer \u00e4r ett matvin \u00e4n ett mysigt vin, men vinet \u00e4r nu ganska s\u00e4llskapligt.<\/p>\n<p>Njut av detta r\u00f6da vin i sin ungdom, serverat vid cirka 17-18\u00b0.<\/p>\n<p>GULD Gilbert &#038; Gaillard International Challenge<\/p>\n","protected":false},"excerpt":{"rendered":"<p>Vin de France<\/p>\n","protected":false},"featured_media":41107,"template":"","meta":{"_acf_changed":false,"rs_blank_template":"","rs_page_bg_color":"","slide_template_v7":""},"product_brand":[],"product_cat":[2788,2798],"product_tag":[],"class_list":{"0":"post-41104","1":"product","2":"type-product","3":"status-publish","4":"has-post-thumbnail","6":"product_cat-vin-sv","7":"product_cat-roedvin-sv","8":"pa_aargang-2018-sv","9":"pa_drue-cabernet-franc-sv","10":"pa_drue-cabernet-sauvignon-sv","11":"pa_drue-merlot-sv","12":"pa_land-frankrike","13":"pa_procent-13-5-sv","14":"pa_producent-domno-wines-sv","15":"pa_region-bordeaux-sv","16":"pa_serveringstemperatur-17-18-sv","17":"pa_volume-75-sv","19":"first","20":"instock","21":"taxable","22":"shipping-taxable","23":"purchasable","24":"product-type-simple"},"bundled_by":[],"bundle_stock_status":"instock","bundle_stock_quantity":null,"bundle_virtual":false,"bundle_layout":"","bundle_add_to_cart_form_location":"","bundle_editable_in_cart":false,"bundle_sold_individually_context":"","bundle_item_grouping":"","bundle_min_size":"","bundle_max_size":"","bundle_price":[],"bundled_items":[],"bundle_sell_ids":[],"acf":[],"_links":{"self":[{"href":"https:\/\/www.raschvin.com\/sv\/wp-json\/wp\/v2\/product\/41104","targetHints":{"allow":["GET"]}}],"collection":[{"href":"https:\/\/www.raschvin.com\/sv\/wp-json\/wp\/v2\/product"}],"about":[{"href":"https:\/\/www.raschvin.com\/sv\/wp-json\/wp\/v2\/types\/product"}],"wp:featuredmedia":[{"embeddable":true,"href":"https:\/\/www.raschvin.com\/sv\/wp-json\/wp\/v2\/media\/41107"}],"wp:attachment":[{"href":"https:\/\/www.raschvin.com\/sv\/wp-json\/wp\/v2\/media?parent=41104"}],"wp:term":[{"taxonomy":"product_brand","embeddable":true,"href":"https:\/\/www.raschvin.com\/sv\/wp-json\/wp\/v2\/product_brand?post=41104"},{"taxonomy":"product_cat","embeddable":true,"href":"https:\/\/www.raschvin.com\/sv\/wp-json\/wp\/v2\/product_cat?post=41104"},{"taxonomy":"product_tag","embeddable":true,"href":"https:\/\/www.raschvin.com\/sv\/wp-json\/wp\/v2\/product_tag?post=41104"}],"curies":[{"name":"wp","href":"https:\/\/api.w.org\/{rel}","templated":true}]}}