{"id":41039,"date":"2023-09-27T08:20:40","date_gmt":"2023-09-27T06:20:40","guid":{"rendered":"https:\/\/www.raschvin.com\/produkt\/moulin-a-vent-coeur-de-granit-75-cl\/"},"modified":"2026-02-04T14:47:59","modified_gmt":"2026-02-04T13:47:59","slug":"moulin-a-vent-coeur-de-granit-75-cl","status":"publish","type":"product","link":"https:\/\/www.raschvin.com\/sv\/produkt\/moulin-a-vent-coeur-de-granit-75-cl\/","title":{"rendered":"Moulin-\u00e0-Vent Coeur de Granit 2021 75 cl."},"content":{"rendered":"<p>Moulin-\u00e0-Vent \u00e4r med r\u00e4tta en av de mest k\u00e4nda och prestigefyllda av crus i Beaujolais, bel\u00e4gen sida vid sida i norra \u00e4nden av Beaujolais, ett stenkast fr\u00e5n fastigheter s\u00f6der om M\u00e2con.<\/p>\n<p>Vinerna fr\u00e5n Moulin-\u00e0-Vent \u00e4r bland de mest strukturerade men ocks\u00e5 bland de mest karakt\u00e4rsfulla.<br \/>\nDruvan \u00e4r gamay, som \u00e4r handsk\u00f6rdad fr\u00e5n gamla &#8217;buskrankor&#8217; som st\u00e5r p\u00e5 nedbruten granit p\u00e5 250-350 meters h\u00f6jd.<\/p>\n<p>Ch\u00e2teau de Ch\u00e9nas \u00e4r ett v\u00e4lfungerande kooperativ som idag best\u00e5r av drygt 100 andelsb\u00f6nder.<\/p>\n<p>Doft och smak har t\u00e4ta skogsb\u00e4rsaromer, samt en kryddig violton. En frisk fruktighet h\u00e5ller vinet i det saftiga spektrat samtidigt som det lutar mot en lite starkare och mer ambiti\u00f6s stil \u00e4n enklare, oseri\u00f6sa beaujolais, men utan att ge upp n\u00f6jet att dricka i glaset.<\/p>\n<p>Som ung \u00e4r detta ett utm\u00e4rkt matvin med ett brett utbud av l\u00e4tta k\u00f6ttr\u00e4tter, oxtatar, med en god pat\u00e9 eller pat\u00e9 med baguetter och sallad, med wienerschnitzel eller helt enkelt som ett gott glas vin tidigt p\u00e5 morgonen.<\/p>\n<p>Vi rekommenderar en serveringstemperatur p\u00e5 13-17\u00b0.<\/p>\n<p>Ch\u00e2teau de Ch\u00e9nas Moulin-\u00e0-Vent Coeur de Granit kan avnjutas nu och runt 5-7 \u00e5r fr\u00e5n \u00e5rg\u00e5ng.<\/p>\n","protected":false},"excerpt":{"rendered":"<p>Ch\u00e2teau de Ch\u00e9nas 2021<\/p>\n","protected":false},"featured_media":41045,"template":"","meta":{"_acf_changed":false,"rs_blank_template":"","rs_page_bg_color":"","slide_template_v7":""},"product_brand":[],"product_cat":[2788,2798],"product_tag":[],"class_list":{"0":"post-41039","1":"product","2":"type-product","3":"status-publish","4":"has-post-thumbnail","6":"product_cat-vin-sv","7":"product_cat-roedvin-sv","8":"pa_aargang-2021-sv","9":"pa_drue-gamay-sv","10":"pa_land-frankrike","11":"pa_procent-13-5-sv","12":"pa_producent-chateau-de-chenas-sv","13":"pa_region-beaujolais-sv","14":"pa_serveringstemperatur-13-17-sv","15":"pa_volume-75-sv","17":"first","18":"instock","19":"taxable","20":"shipping-taxable","21":"purchasable","22":"product-type-simple"},"bundled_by":[],"bundle_stock_status":"instock","bundle_stock_quantity":null,"bundle_virtual":false,"bundle_layout":"","bundle_add_to_cart_form_location":"","bundle_editable_in_cart":false,"bundle_sold_individually_context":"","bundle_item_grouping":"","bundle_min_size":"","bundle_max_size":"","bundle_price":[],"bundled_items":[],"bundle_sell_ids":[],"acf":[],"_links":{"self":[{"href":"https:\/\/www.raschvin.com\/sv\/wp-json\/wp\/v2\/product\/41039","targetHints":{"allow":["GET"]}}],"collection":[{"href":"https:\/\/www.raschvin.com\/sv\/wp-json\/wp\/v2\/product"}],"about":[{"href":"https:\/\/www.raschvin.com\/sv\/wp-json\/wp\/v2\/types\/product"}],"wp:featuredmedia":[{"embeddable":true,"href":"https:\/\/www.raschvin.com\/sv\/wp-json\/wp\/v2\/media\/41045"}],"wp:attachment":[{"href":"https:\/\/www.raschvin.com\/sv\/wp-json\/wp\/v2\/media?parent=41039"}],"wp:term":[{"taxonomy":"product_brand","embeddable":true,"href":"https:\/\/www.raschvin.com\/sv\/wp-json\/wp\/v2\/product_brand?post=41039"},{"taxonomy":"product_cat","embeddable":true,"href":"https:\/\/www.raschvin.com\/sv\/wp-json\/wp\/v2\/product_cat?post=41039"},{"taxonomy":"product_tag","embeddable":true,"href":"https:\/\/www.raschvin.com\/sv\/wp-json\/wp\/v2\/product_tag?post=41039"}],"curies":[{"name":"wp","href":"https:\/\/api.w.org\/{rel}","templated":true}]}}