{"id":40990,"date":"2023-09-26T08:25:52","date_gmt":"2023-09-26T06:25:52","guid":{"rendered":"https:\/\/www.raschvin.com\/produkt\/panamera-california-cabernet-sauvignon-75-cl\/"},"modified":"2023-09-26T08:25:52","modified_gmt":"2023-09-26T06:25:52","slug":"panamera-california-cabernet-sauvignon-75-cl","status":"publish","type":"product","link":"https:\/\/www.raschvin.com\/sv\/produkt\/panamera-california-cabernet-sauvignon-75-cl\/","title":{"rendered":"Panamera California Cabernet Sauvignon 75 cl."},"content":{"rendered":"<p>Fylligt och mycket kraftfullt vin. Mycket vanilj och mogen r\u00f6d frukt i doften, f\u00f6ljt av lite svartpeppar. Moget, kraftfullt och intensivt p\u00e5 tungan med vackra vaniljtoner blandade med rika nyanser av r\u00f6d frukt och kryddor.<\/p>\n<p>Om Rutherford Wine Company<br \/>\nMan skulle kunna tro att Rutherford Wine Company l\u00e5g i det mycket franskinspirerade Rutherford-distriktet i Kalifornien. Men det \u00e4r bara n\u00e4stan sant, f\u00f6r det \u00e4r i grannomr\u00e5det Napa som det familje\u00e4gda f\u00f6retaget driver verksamheten, som best\u00e5r av ett antal olika vinm\u00e4rken, var och en med sitt eget uttryck.<\/p>\n<p>Det st\u00e5r nu tre generationer av familjen i spetsen f\u00f6r f\u00f6retaget, och samtidigt finns det ett antal skickliga och ambiti\u00f6sa vinmakare som ser till att Rutherford Wine Company har ett sortiment som str\u00e4cker sig l\u00e5ngt och brett. Men samtidigt finns det en tydlig linje i uttrycket som rymmer b\u00e5de de \u00e4ldre generationernas kompetens och erfarenhet, och de yngre generationernas modernare syn p\u00e5 vinproduktion, varum\u00e4rke och positionering p\u00e5 marknaden.<\/p>\n","protected":false},"excerpt":{"rendered":"<p>Rutherford Wine Company<\/p>\n","protected":false},"featured_media":40993,"template":"","meta":{"_acf_changed":false,"rs_blank_template":"","rs_page_bg_color":"","slide_template_v7":""},"product_brand":[],"product_cat":[2788,2798],"product_tag":[],"class_list":{"0":"post-40990","1":"product","2":"type-product","3":"status-publish","4":"has-post-thumbnail","6":"product_cat-vin-sv","7":"product_cat-roedvin-sv","8":"pa_aargang-2022-sv","9":"pa_drue-cabernet-sauvignon-sv","10":"pa_drue-merlot-sv","11":"pa_land-usa-sv","12":"pa_procent-13-sv","13":"pa_producent-rutherford-wine-company-sv","14":"pa_region-californien-sv","15":"pa_serveringstemperatur-16-19-sv","16":"pa_volume-75-sv","18":"first","19":"instock","20":"taxable","21":"shipping-taxable","22":"purchasable","23":"product-type-simple"},"bundled_by":["119867","120048","120048"],"bundle_stock_status":"instock","bundle_stock_quantity":null,"bundle_virtual":false,"bundle_layout":"","bundle_add_to_cart_form_location":"","bundle_editable_in_cart":false,"bundle_sold_individually_context":"","bundle_item_grouping":"","bundle_min_size":"","bundle_max_size":"","bundle_price":[],"bundled_items":[],"bundle_sell_ids":[],"acf":[],"_links":{"self":[{"href":"https:\/\/www.raschvin.com\/sv\/wp-json\/wp\/v2\/product\/40990","targetHints":{"allow":["GET"]}}],"collection":[{"href":"https:\/\/www.raschvin.com\/sv\/wp-json\/wp\/v2\/product"}],"about":[{"href":"https:\/\/www.raschvin.com\/sv\/wp-json\/wp\/v2\/types\/product"}],"wp:featuredmedia":[{"embeddable":true,"href":"https:\/\/www.raschvin.com\/sv\/wp-json\/wp\/v2\/media\/40993"}],"wp:attachment":[{"href":"https:\/\/www.raschvin.com\/sv\/wp-json\/wp\/v2\/media?parent=40990"}],"wp:term":[{"taxonomy":"product_brand","embeddable":true,"href":"https:\/\/www.raschvin.com\/sv\/wp-json\/wp\/v2\/product_brand?post=40990"},{"taxonomy":"product_cat","embeddable":true,"href":"https:\/\/www.raschvin.com\/sv\/wp-json\/wp\/v2\/product_cat?post=40990"},{"taxonomy":"product_tag","embeddable":true,"href":"https:\/\/www.raschvin.com\/sv\/wp-json\/wp\/v2\/product_tag?post=40990"}],"curies":[{"name":"wp","href":"https:\/\/api.w.org\/{rel}","templated":true}]}}