{"id":40108,"date":"2025-09-23T08:09:25","date_gmt":"2025-09-23T06:09:25","guid":{"rendered":"https:\/\/www.raschvin.com\/produkt\/vietti-barbera-dalba-tre-vigne-2021-75-cl\/"},"modified":"2025-09-23T08:23:04","modified_gmt":"2025-09-23T06:23:04","slug":"vietti-barbera-dalba-tre-vigne-2021-75-cl","status":"publish","type":"product","link":"https:\/\/www.raschvin.com\/sv\/produkt\/vietti-barbera-dalba-tre-vigne-2021-75-cl\/","title":{"rendered":"Vietti &#8211; Barbera d&#8217;Alba Tre Vigne 2023 75 cl."},"content":{"rendered":"<p>\u201dTre Vigne\u201d \u00e4r framst\u00e4lld p\u00e5 100% Barbera-druer, som fr\u00e4mst h\u00e4mtas fr\u00e5n tre olika vinmarker (hvoraf vinens namn \u201d3 vinmarker\u201d) i Monforte, Castiglione Falletto och La Morra, men ocks\u00e5 fr\u00e5n andra landsbyer i Langhe. Alderen f\u00f6r vinstokkene varierar fr\u00e5n 25-40 \u00e5r och jordbunden \u00e4r generellt kalk- och lerholdig \u2013 en klassisk sammans\u00e4ttning i omr\u00e5det.<\/p>\n<p>G\u00e4ringen varor i ca. 2 veckor och p\u00e5g\u00e5r p\u00e5 st\u00e5ltanke med dagliga \u00f6verpumpningar och omr\u00f6ringer. Efter presningen genomg\u00e5ngen vinen en malolaktisk g\u00e6ring, likas\u00e5 p\u00e5 st\u00e5ltanke. Vinen modnes ca. 12-15 m\u00e5nader p\u00e5 en kombination av barriques, store tr\u00e6fade och st\u00e5ltanke.<\/p>\n<p>Barbera \u201dTre Vigne\u201d har en blank, rubinr\u00f6d f\u00e4rg och modne aromaer af kirseb\u00e6r och blommor samt et strejf af vanilje. I smagen er der en god balance mellan friskhed, frugt och struktur, med en flot afrundet eftersmag, hvor man fornemmer en diskret tr\u00e6karakter. Serveras till bland annat charcuteri, pasta, gr\u00f6nsager, kv\u00e4llsmat, men ocks\u00e5 kalv, gris eller kylling.<\/p>\n<p>Vinhuset Vietti ligger i distriktet Langhe i Piemonte \u2013 n\u00e4rmare betegnet vid landsbyen Castiglione Falletto, som s\u00e4rskilt \u00e4r k\u00e4nt f\u00f6r sine Barolo-vine. Ving\u00e5rden \u00e4r grundlagt i slutningen af 1800-tallet af Carlo Vietti och tacket vara de efterf\u00f6ljande generationer, er der sedan opk\u00f8bt adskillige vinmarker \u2013 heriblandt n\u00e5gra af de h\u00f6gsta estimerede \u201dCru\u2019er\u201d i Barolo.<\/p>\n<p>1960&#8217;erne blev en avg\u00f6rande epoke for firmaet, da Luciana Vietti giftede sig med den ber\u00f6mda vinmager och konstkender, Alfredo Currado, d\u00e4r var den f\u00f6rsta till att producera enkeltmarksvine (fra bl.a. cru-vinmarken Rocche di Castiglione), vilket gjorde ham till en viktig trends\u00e4ttare i Barolo. S\u00f8nnen Luca Currado och dennes hustru, Elena, \u00f6vertog sedan f\u00f6retaget och fortsatte Alfredos livsverk med samma entusiasm och str\u00e4van efter att producera vin i toppklass. I 2016 blev Vietti imidlertid solgt til familjen Krause, som driver en kedja av dagligvarubutiker i USA och som elsker Barolo. Det \u00e4r dog aftalt, at b\u00e5de Luca Currado och svogeren Mario Cordero u\u00e6ndret skal drive firmaet vidare, s\u00e5 de dermed kan forts\u00e4tta og ytterligare utveckla Vietti-familiens livsv\u00e6rk.<\/p>\n","protected":false},"excerpt":{"rendered":"<p>Langhe Piemonte &#8211; Italy<\/p>\n","protected":false},"featured_media":40370,"template":"","meta":{"_acf_changed":false,"rs_blank_template":"","rs_page_bg_color":"","slide_template_v7":""},"product_brand":[],"product_cat":[2788,2798],"product_tag":[],"class_list":{"0":"post-40108","1":"product","2":"type-product","3":"status-publish","4":"has-post-thumbnail","6":"product_cat-vin-sv","7":"product_cat-roedvin-sv","8":"pa_aargang-2023-sv","9":"pa_drue-barbera-sv","10":"pa_land-italien-sv","11":"pa_procent-14-5-sv","12":"pa_producent-vietti-sv","13":"pa_region-piemonte-sv","14":"pa_serveringstemperatur-17-18-sv","15":"pa_volume-75-sv","17":"first","18":"instock","19":"taxable","20":"shipping-taxable","21":"purchasable","22":"product-type-simple"},"bundled_by":[],"bundle_stock_status":"instock","bundle_stock_quantity":null,"bundle_virtual":false,"bundle_layout":"","bundle_add_to_cart_form_location":"","bundle_editable_in_cart":false,"bundle_sold_individually_context":"","bundle_item_grouping":"","bundle_min_size":"","bundle_max_size":"","bundle_price":[],"bundled_items":[],"bundle_sell_ids":[],"acf":[],"_links":{"self":[{"href":"https:\/\/www.raschvin.com\/sv\/wp-json\/wp\/v2\/product\/40108","targetHints":{"allow":["GET"]}}],"collection":[{"href":"https:\/\/www.raschvin.com\/sv\/wp-json\/wp\/v2\/product"}],"about":[{"href":"https:\/\/www.raschvin.com\/sv\/wp-json\/wp\/v2\/types\/product"}],"wp:featuredmedia":[{"embeddable":true,"href":"https:\/\/www.raschvin.com\/sv\/wp-json\/wp\/v2\/media\/40370"}],"wp:attachment":[{"href":"https:\/\/www.raschvin.com\/sv\/wp-json\/wp\/v2\/media?parent=40108"}],"wp:term":[{"taxonomy":"product_brand","embeddable":true,"href":"https:\/\/www.raschvin.com\/sv\/wp-json\/wp\/v2\/product_brand?post=40108"},{"taxonomy":"product_cat","embeddable":true,"href":"https:\/\/www.raschvin.com\/sv\/wp-json\/wp\/v2\/product_cat?post=40108"},{"taxonomy":"product_tag","embeddable":true,"href":"https:\/\/www.raschvin.com\/sv\/wp-json\/wp\/v2\/product_tag?post=40108"}],"curies":[{"name":"wp","href":"https:\/\/api.w.org\/{rel}","templated":true}]}}