{"id":40105,"date":"2023-09-12T13:21:07","date_gmt":"2023-09-12T11:21:07","guid":{"rendered":"https:\/\/www.raschvin.com\/produkt\/asbach-original-aged-15-years-70-cl-40\/"},"modified":"2023-09-12T13:21:07","modified_gmt":"2023-09-12T11:21:07","slug":"asbach-original-aged-15-years-70-cl-40","status":"publish","type":"product","link":"https:\/\/www.raschvin.com\/sv\/produkt\/asbach-original-aged-15-years-70-cl-40\/","title":{"rendered":"Asbach Original Aged 15 Years 70 cl. 40%"},"content":{"rendered":"<p>Asbach 15 Years Brandy \u00e4r ett sant bevis p\u00e5 det tyska destilleriets hantverk. Denna uts\u00f6kta sprit har lagrats p\u00e5 ekfat i ett och ett halvt decennium och har en komplex bukett av smaker inklusive subtila toner av vanilj, torkad frukt och ek. Smaken \u00e4r len och rik med en l\u00e5ng, v\u00e4rmande finish. Asbach 15 Years Brandy \u00e4r ett m\u00e5ste-prova f\u00f6r br\u00e4nnvins\u00e4lskare och alla som letar efter en raffinerad, sofistikerad sprit. Denna unika konjak fr\u00e5n Asbach \u00e4r en sann fr\u00f6jd f\u00f6r sinnena, och dess rika historia och traditionella produktionsmetoder syns i varje klunk.<\/p>\n<p>Hugo Asbach, f\u00f6dd i Tyskland 1868, var en av sin tids stolta f\u00f6retagare. Som en del av sin utbildning skickades han till Frankrike, d\u00e4r han l\u00e4rde sig konsten att destillera, och n\u00e4r han \u00e5terv\u00e4nde till Tyskland 1892 grundade han ett eget destilleri i R\u00fcdesheim.<br \/>\nDestilleriet blev starten p\u00e5 det unika huset Asbach, som \u00e4n i dag \u00e4r ett av Tysklands mest k\u00e4nda varum\u00e4rken. Sedan 1892 har omsorg, erfarenhet och kompetens format produktionen och huset \u00e4r idag k\u00e4nt f\u00f6r produkter av h\u00f6gsta kvalitet.<\/p>\n","protected":false},"excerpt":{"rendered":"<p>German Classic Brandy<\/p>\n","protected":false},"featured_media":40178,"template":"","meta":{"_acf_changed":false,"rs_blank_template":"","rs_page_bg_color":"","slide_template_v7":""},"product_brand":[],"product_cat":[2395,2743],"product_tag":[],"class_list":{"0":"post-40105","1":"product","2":"type-product","3":"status-publish","4":"has-post-thumbnail","6":"product_cat-brandy-sv","7":"product_cat-brannvin-sv","8":"pa_land-tyskland-sv","9":"pa_procent-40-sv-2","10":"pa_producent-asbach-sv","11":"pa_volume-70-sv-2","13":"first","14":"instock","15":"taxable","16":"shipping-taxable","17":"purchasable","18":"product-type-simple"},"bundled_by":[],"bundle_stock_status":"instock","bundle_stock_quantity":null,"bundle_virtual":false,"bundle_layout":"","bundle_add_to_cart_form_location":"","bundle_editable_in_cart":false,"bundle_sold_individually_context":"","bundle_item_grouping":"","bundle_min_size":"","bundle_max_size":"","bundle_price":[],"bundled_items":[],"bundle_sell_ids":[],"acf":[],"_links":{"self":[{"href":"https:\/\/www.raschvin.com\/sv\/wp-json\/wp\/v2\/product\/40105","targetHints":{"allow":["GET"]}}],"collection":[{"href":"https:\/\/www.raschvin.com\/sv\/wp-json\/wp\/v2\/product"}],"about":[{"href":"https:\/\/www.raschvin.com\/sv\/wp-json\/wp\/v2\/types\/product"}],"wp:featuredmedia":[{"embeddable":true,"href":"https:\/\/www.raschvin.com\/sv\/wp-json\/wp\/v2\/media\/40178"}],"wp:attachment":[{"href":"https:\/\/www.raschvin.com\/sv\/wp-json\/wp\/v2\/media?parent=40105"}],"wp:term":[{"taxonomy":"product_brand","embeddable":true,"href":"https:\/\/www.raschvin.com\/sv\/wp-json\/wp\/v2\/product_brand?post=40105"},{"taxonomy":"product_cat","embeddable":true,"href":"https:\/\/www.raschvin.com\/sv\/wp-json\/wp\/v2\/product_cat?post=40105"},{"taxonomy":"product_tag","embeddable":true,"href":"https:\/\/www.raschvin.com\/sv\/wp-json\/wp\/v2\/product_tag?post=40105"}],"curies":[{"name":"wp","href":"https:\/\/api.w.org\/{rel}","templated":true}]}}