{"id":40102,"date":"2023-09-12T13:10:08","date_gmt":"2023-09-12T11:10:08","guid":{"rendered":"https:\/\/www.raschvin.com\/produkt\/asbach-original-aged-8-years-private-brand-70-cl-38\/"},"modified":"2023-09-12T13:10:08","modified_gmt":"2023-09-12T11:10:08","slug":"asbach-original-aged-8-years-private-brand-70-cl-38","status":"publish","type":"product","link":"https:\/\/www.raschvin.com\/sv\/produkt\/asbach-original-aged-8-years-private-brand-70-cl-38\/","title":{"rendered":"Asbach Original Aged 8 Years Private Brand 70 cl. 38%"},"content":{"rendered":"<p>Asbach 8 Years Privatbrand Brandy \u00e4r ett sant m\u00e4sterverk som exemplifierar essensen av fint tyskt hantverk. Denna premiumbrandy \u00e4r resultatet av noggranna produktionsmetoder som har full\u00e4ndats under generationer p\u00e5 Asbach-destilleriet. Varje klunk av denna uts\u00f6kta blandning \u00e4r en resa genom tiden med rika toner av m\u00f6rk frukt, ek och en hint av s\u00f6t vanilj. Asbach 8 Years Privatbrand Brandy \u00e4r verkligen ett s\u00e4llsynt fynd som kan njutas av dem som uppskattar de finare sakerna i livet.<\/p>\n<p>Denna 8-\u00e5riga konjak fr\u00e5n Asbach har fruktiga toner med inslag av bitter choklad och cedertr\u00e4. Smaken har \u00e4ven fruktiga toner med inslag av mandel och kryddor. Avslutningen \u00e4r ih\u00e5llande, fyllig och med k\u00e4nsla av mogen frukt. Supergott konjak!<\/p>\n<p>Hugo Asbach, f\u00f6dd i Tyskland 1868, var en av sin tids stolta f\u00f6retagare. Som en del av sin utbildning skickades han till Frankrike, d\u00e4r han l\u00e4rde sig konsten att destillera, och n\u00e4r han \u00e5terv\u00e4nde till Tyskland 1892 grundade han ett eget destilleri i R\u00fcdesheim.<br \/>\nDestilleriet blev starten p\u00e5 det unika huset Asbach, som \u00e4n i dag \u00e4r ett av Tysklands mest k\u00e4nda varum\u00e4rken. Sedan 1892 har omsorg, erfarenhet och kompetens format produktionen och huset \u00e4r idag k\u00e4nt f\u00f6r produkter av h\u00f6gsta kvalitet.<\/p>\n","protected":false},"excerpt":{"rendered":"<p>German Classic Brandy<\/p>\n","protected":false},"featured_media":40358,"template":"","meta":{"_acf_changed":false,"rs_blank_template":"","rs_page_bg_color":"","slide_template_v7":""},"product_brand":[],"product_cat":[2743,2395],"product_tag":[],"class_list":{"0":"post-40102","1":"product","2":"type-product","3":"status-publish","4":"has-post-thumbnail","6":"product_cat-brannvin-sv","7":"product_cat-brandy-sv","8":"pa_land-tyskland-sv","9":"pa_procent-38-sv","10":"pa_producent-asbach-sv","11":"pa_volume-70-sv-2","13":"first","14":"instock","15":"sale","16":"taxable","17":"shipping-taxable","18":"purchasable","19":"product-type-simple"},"bundled_by":[],"bundle_stock_status":"instock","bundle_stock_quantity":null,"bundle_virtual":false,"bundle_layout":"","bundle_add_to_cart_form_location":"","bundle_editable_in_cart":false,"bundle_sold_individually_context":"","bundle_item_grouping":"","bundle_min_size":"","bundle_max_size":"","bundle_price":[],"bundled_items":[],"bundle_sell_ids":[],"acf":[],"_links":{"self":[{"href":"https:\/\/www.raschvin.com\/sv\/wp-json\/wp\/v2\/product\/40102","targetHints":{"allow":["GET"]}}],"collection":[{"href":"https:\/\/www.raschvin.com\/sv\/wp-json\/wp\/v2\/product"}],"about":[{"href":"https:\/\/www.raschvin.com\/sv\/wp-json\/wp\/v2\/types\/product"}],"wp:featuredmedia":[{"embeddable":true,"href":"https:\/\/www.raschvin.com\/sv\/wp-json\/wp\/v2\/media\/40358"}],"wp:attachment":[{"href":"https:\/\/www.raschvin.com\/sv\/wp-json\/wp\/v2\/media?parent=40102"}],"wp:term":[{"taxonomy":"product_brand","embeddable":true,"href":"https:\/\/www.raschvin.com\/sv\/wp-json\/wp\/v2\/product_brand?post=40102"},{"taxonomy":"product_cat","embeddable":true,"href":"https:\/\/www.raschvin.com\/sv\/wp-json\/wp\/v2\/product_cat?post=40102"},{"taxonomy":"product_tag","embeddable":true,"href":"https:\/\/www.raschvin.com\/sv\/wp-json\/wp\/v2\/product_tag?post=40102"}],"curies":[{"name":"wp","href":"https:\/\/api.w.org\/{rel}","templated":true}]}}