{"id":40096,"date":"2023-09-12T12:52:50","date_gmt":"2023-09-12T10:52:50","guid":{"rendered":"https:\/\/www.raschvin.com\/produkt\/asbach-uralt-70-cl-36\/"},"modified":"2023-09-12T12:52:50","modified_gmt":"2023-09-12T10:52:50","slug":"asbach-uralt-70-cl-36","status":"publish","type":"product","link":"https:\/\/www.raschvin.com\/sv\/produkt\/asbach-uralt-70-cl-36\/","title":{"rendered":"Asbach Uralt 70 cl. 36%"},"content":{"rendered":"<p>Asbach Uralt Brandy \u00e4r en tysk konjak som symboliserar spetskompetens och hantverk. Tillverkad av det ber\u00f6mda Asbach-destilleriet, \u00e4r denna konjak gjord av endast det finaste kvalitetsvinet fr\u00e5n de b\u00e4sta regionerna i Frankrike. Br\u00e4nnvinet destilleras tv\u00e5 g\u00e5nger i kopparpotstills innan det lagras i upp till fem \u00e5r p\u00e5 Limousin ekfat, vilket ger en mjuk och mjuk smak. Asbach Uralt Brandy \u00e4r ett m\u00e5ste-prova f\u00f6r alla br\u00e4nnvinsentusiaster, och ger en komplex smakprofil av vanilj, karamell och kryddor med en l\u00e5ng och tillfredsst\u00e4llande finish.<\/p>\n<p>Sedan 1892 har Asbach Uralt producerats med erfarenhet och s\u00e4rskild omsorg till h\u00f6gsta kvalitetsstandard. Den destilleras flera g\u00e5nger och lagras 4-5 g\u00e5nger l\u00e4ngre \u00e4n vad lagen kr\u00e4ver, f\u00f6rst p\u00e5 fat av Limousin-ek och senare p\u00e5 fat av tysk Spessart-ek.<\/p>\n","protected":false},"excerpt":{"rendered":"<p>German Classic Brandy<\/p>\n","protected":false},"featured_media":40361,"template":"","meta":{"_acf_changed":false,"rs_blank_template":"","rs_page_bg_color":"","slide_template_v7":""},"product_brand":[],"product_cat":[2395,2743],"product_tag":[],"class_list":{"0":"post-40096","1":"product","2":"type-product","3":"status-publish","4":"has-post-thumbnail","6":"product_cat-brandy-sv","7":"product_cat-brannvin-sv","8":"pa_land-tyskland-sv","9":"pa_procent-36-sv","10":"pa_producent-asbach-sv","11":"pa_volume-70-sv-2","13":"first","14":"instock","15":"sale","16":"taxable","17":"shipping-taxable","18":"purchasable","19":"product-type-simple"},"bundled_by":[],"bundle_stock_status":"instock","bundle_stock_quantity":null,"bundle_virtual":false,"bundle_layout":"","bundle_add_to_cart_form_location":"","bundle_editable_in_cart":false,"bundle_sold_individually_context":"","bundle_item_grouping":"","bundle_min_size":"","bundle_max_size":"","bundle_price":[],"bundled_items":[],"bundle_sell_ids":[],"acf":[],"_links":{"self":[{"href":"https:\/\/www.raschvin.com\/sv\/wp-json\/wp\/v2\/product\/40096","targetHints":{"allow":["GET"]}}],"collection":[{"href":"https:\/\/www.raschvin.com\/sv\/wp-json\/wp\/v2\/product"}],"about":[{"href":"https:\/\/www.raschvin.com\/sv\/wp-json\/wp\/v2\/types\/product"}],"wp:featuredmedia":[{"embeddable":true,"href":"https:\/\/www.raschvin.com\/sv\/wp-json\/wp\/v2\/media\/40361"}],"wp:attachment":[{"href":"https:\/\/www.raschvin.com\/sv\/wp-json\/wp\/v2\/media?parent=40096"}],"wp:term":[{"taxonomy":"product_brand","embeddable":true,"href":"https:\/\/www.raschvin.com\/sv\/wp-json\/wp\/v2\/product_brand?post=40096"},{"taxonomy":"product_cat","embeddable":true,"href":"https:\/\/www.raschvin.com\/sv\/wp-json\/wp\/v2\/product_cat?post=40096"},{"taxonomy":"product_tag","embeddable":true,"href":"https:\/\/www.raschvin.com\/sv\/wp-json\/wp\/v2\/product_tag?post=40096"}],"curies":[{"name":"wp","href":"https:\/\/api.w.org\/{rel}","templated":true}]}}