{"id":40077,"date":"2023-09-12T11:16:52","date_gmt":"2023-09-12T09:16:52","guid":{"rendered":"https:\/\/www.raschvin.com\/produkt\/captains-gin-100-cl-375\/"},"modified":"2023-09-12T11:16:52","modified_gmt":"2023-09-12T09:16:52","slug":"captains-gin-100-cl-375","status":"publish","type":"product","link":"https:\/\/www.raschvin.com\/sv\/produkt\/captains-gin-100-cl-375\/","title":{"rendered":"Captains Gin 100 cl. 37,5%"},"content":{"rendered":"<p>Captain&#8217;s Gin \u00e4r en ren och trevlig gin som \u00e4r idealisk f\u00f6r drinkar.<\/p>\n","protected":false},"excerpt":{"rendered":"<p>Produced &#038; Bottled by Taster Wine AS Copenhagen DK<\/p>\n","protected":false},"featured_media":40729,"template":"","meta":{"_acf_changed":false,"rs_blank_template":"","rs_page_bg_color":"","slide_template_v7":""},"product_brand":[],"product_cat":[2404,4688,2402],"product_tag":[],"class_list":{"0":"post-40077","1":"product","2":"type-product","3":"status-publish","4":"has-post-thumbnail","6":"product_cat-gin-sv","7":"product_cat-london-dry-sv","8":"product_cat-sprit-sv","9":"pa_land-danmark-sv","10":"pa_procent-37-5-sv","11":"pa_producent-taster-wine-sv","12":"pa_region-sjaelland-sv","13":"pa_volume-100-sv","15":"first","16":"instock","17":"sale","18":"taxable","19":"shipping-taxable","20":"purchasable","21":"product-type-simple"},"bundled_by":[],"bundle_stock_status":"instock","bundle_stock_quantity":null,"bundle_virtual":false,"bundle_layout":"","bundle_add_to_cart_form_location":"","bundle_editable_in_cart":false,"bundle_sold_individually_context":"","bundle_item_grouping":"","bundle_min_size":"","bundle_max_size":"","bundle_price":[],"bundled_items":[],"bundle_sell_ids":[],"acf":[],"_links":{"self":[{"href":"https:\/\/www.raschvin.com\/sv\/wp-json\/wp\/v2\/product\/40077","targetHints":{"allow":["GET"]}}],"collection":[{"href":"https:\/\/www.raschvin.com\/sv\/wp-json\/wp\/v2\/product"}],"about":[{"href":"https:\/\/www.raschvin.com\/sv\/wp-json\/wp\/v2\/types\/product"}],"wp:featuredmedia":[{"embeddable":true,"href":"https:\/\/www.raschvin.com\/sv\/wp-json\/wp\/v2\/media\/40729"}],"wp:attachment":[{"href":"https:\/\/www.raschvin.com\/sv\/wp-json\/wp\/v2\/media?parent=40077"}],"wp:term":[{"taxonomy":"product_brand","embeddable":true,"href":"https:\/\/www.raschvin.com\/sv\/wp-json\/wp\/v2\/product_brand?post=40077"},{"taxonomy":"product_cat","embeddable":true,"href":"https:\/\/www.raschvin.com\/sv\/wp-json\/wp\/v2\/product_cat?post=40077"},{"taxonomy":"product_tag","embeddable":true,"href":"https:\/\/www.raschvin.com\/sv\/wp-json\/wp\/v2\/product_tag?post=40077"}],"curies":[{"name":"wp","href":"https:\/\/api.w.org\/{rel}","templated":true}]}}