{"id":40029,"date":"2023-09-08T19:00:55","date_gmt":"2023-09-08T17:00:55","guid":{"rendered":"https:\/\/www.raschvin.com\/produkt\/la-quintinye-vermouth-royal-rouge-75-cl-165\/"},"modified":"2023-09-08T19:00:55","modified_gmt":"2023-09-08T17:00:55","slug":"la-quintinye-vermouth-royal-rouge-75-cl-165","status":"publish","type":"product","link":"https:\/\/www.raschvin.com\/sv\/produkt\/la-quintinye-vermouth-royal-rouge-75-cl-165\/","title":{"rendered":"La Quintinye Vermouth Royal Rouge 75 cl. 16,5%"},"content":{"rendered":"<p>La Quintinye Vermouth Royal \u00e4r en serie vermouther uppkallad efter Ludvig XIV:s tr\u00e4dg\u00e5rdsm\u00e4stare Jean-Baptiste de la Quintinie. Att vara Ludvig XIV:s tr\u00e4dg\u00e5rdsm\u00e4stare var inte bara att rensa ogr\u00e4s och trimma buskar \u2013 nej, Jean-Baptiste hj\u00e4lpte till att designa och utveckla de vackra tr\u00e4dg\u00e5rdarna i Versailles. Sammanlagt 800 ha vackra, skulpterade klassiska tr\u00e4dg\u00e5rdar var under Jean-Baptistes experth\u00e4nder. Han var ocks\u00e5 ansvarig f\u00f6r att leverera frukt, gr\u00f6nsaker och \u00f6rter till kungen n\u00e4r han var i Versailles. Vermoutherna \u00e4r baserade p\u00e5 Jean-Baptistes unika kunskap om \u00f6rter och v\u00e4xter och \u00e4r baserade p\u00e5 Pineau de Charentes, som matchar den kryddiga smaken underbart. Vermoutherna \u00e4r inte f\u00e4rgade med karamellf\u00e4rg och har samma bas p\u00e5 12 \u00f6rter, men den r\u00f6da har 28 ingredienser, den torra 27 och den vita (s\u00f6ta) 18 ingredienser. La Quintinye Vermouth Royal Rouge \u00e4r en s\u00f6t vermouth med kryddiga toner och bitters\u00f6ta toner av tr\u00e4dg\u00e5rdsmal\u00f6rt, salvia och lagerblad. Den har nyanser av svartpeppar och cedertr\u00e4, och tonerna av Pineau de Charentes kommer igenom fint. Perfekt i cocktails som Manhattan, Negroni eller Americano. Kan anv\u00e4ndas ist\u00e4llet f\u00f6r Martini Rosso, Antica Formula och andra s\u00f6ta vermouther.<\/p>\n<p>Maison Villevert \u00e4r en fransk spritproducent bel\u00e4gen i Cognac-distriktet. Huset producerar olika druvbaserade spritprodukter. P\u00e5 Maison Villevert tror de att &#8221;Druvor \u00e4r v\u00e4rldens \u00e4dlaste frukt och \u00e4r \u00f6verl\u00e4gsna alla andra frukter&#8221;. Det \u00e4r d\u00e4rf\u00f6r alla deras produkter har en touch av druvor.<\/p>\n<p>Maison Villevert producerar ginen G&#8217;Vine Floraison och Nouaison Gin, av G&#8217;Vine, samt June, av G&#8217;Vine (druvblomma-gin-lik\u00f6r med persikasmak), en vermouthserie som heter La Quintinye Vermouth Royal, eller LQVR, som \u00e4r baserad p\u00e5 Pineau the Charentes. Vermouth-serien finns i tre varianter: Extra Dry, Blanc och Rouge.<\/p>\n<p>Dessutom producerar huset en tequilaserie, Excellia Tequila \u2013 en 100 % agavetequila, som lagras p\u00e5 gamla Cognac- och Sauternefat, inklusive druvglass. Det finns en Blanco, en Reposado och en Anejo. Sj\u00e4lva huset Maison Villevert ligger i Merpins, 18 km v\u00e4ster om Cognac House Frapin och 20 km nordv\u00e4st om Cognac House Fran\u00e7ois Voyer, n\u00e4ra staden Cognac, p\u00e5 gr\u00e4nsen till Charente-Maritime. Maison Villevert tillverkar ocks\u00e5 sin egen konjak.<\/p>\n","protected":false},"excerpt":{"rendered":"<p>Maison Villevert \u2013 France<\/p>\n","protected":false},"featured_media":40172,"template":"","meta":{"_acf_changed":false,"rs_blank_template":"","rs_page_bg_color":"","slide_template_v7":""},"product_brand":[],"product_cat":[2765,2774],"product_tag":[],"class_list":{"0":"post-40029","1":"product","2":"type-product","3":"status-publish","4":"has-post-thumbnail","6":"product_cat-hedvin-sv","7":"product_cat-vermouth-sv","8":"pa_land-danmark-sv","9":"pa_procent-16-5-sv","10":"pa_producent-maison-villevert-sv","11":"pa_region-cognac-sv","12":"pa_volume-75-sv","14":"first","15":"instock","16":"sale","17":"taxable","18":"shipping-taxable","19":"purchasable","20":"product-type-simple"},"bundled_by":[],"bundle_stock_status":"instock","bundle_stock_quantity":null,"bundle_virtual":false,"bundle_layout":"","bundle_add_to_cart_form_location":"","bundle_editable_in_cart":false,"bundle_sold_individually_context":"","bundle_item_grouping":"","bundle_min_size":"","bundle_max_size":"","bundle_price":[],"bundled_items":[],"bundle_sell_ids":[],"acf":[],"_links":{"self":[{"href":"https:\/\/www.raschvin.com\/sv\/wp-json\/wp\/v2\/product\/40029","targetHints":{"allow":["GET"]}}],"collection":[{"href":"https:\/\/www.raschvin.com\/sv\/wp-json\/wp\/v2\/product"}],"about":[{"href":"https:\/\/www.raschvin.com\/sv\/wp-json\/wp\/v2\/types\/product"}],"wp:featuredmedia":[{"embeddable":true,"href":"https:\/\/www.raschvin.com\/sv\/wp-json\/wp\/v2\/media\/40172"}],"wp:attachment":[{"href":"https:\/\/www.raschvin.com\/sv\/wp-json\/wp\/v2\/media?parent=40029"}],"wp:term":[{"taxonomy":"product_brand","embeddable":true,"href":"https:\/\/www.raschvin.com\/sv\/wp-json\/wp\/v2\/product_brand?post=40029"},{"taxonomy":"product_cat","embeddable":true,"href":"https:\/\/www.raschvin.com\/sv\/wp-json\/wp\/v2\/product_cat?post=40029"},{"taxonomy":"product_tag","embeddable":true,"href":"https:\/\/www.raschvin.com\/sv\/wp-json\/wp\/v2\/product_tag?post=40029"}],"curies":[{"name":"wp","href":"https:\/\/api.w.org\/{rel}","templated":true}]}}