{"id":40007,"date":"2023-09-08T08:43:58","date_gmt":"2023-09-08T06:43:58","guid":{"rendered":"https:\/\/www.raschvin.com\/produkt\/sacred-english-amber-vermouth-50-cl-218\/"},"modified":"2023-09-08T08:43:58","modified_gmt":"2023-09-08T06:43:58","slug":"sacred-english-amber-vermouth-50-cl-218","status":"publish","type":"product","link":"https:\/\/www.raschvin.com\/sv\/produkt\/sacred-english-amber-vermouth-50-cl-218\/","title":{"rendered":"Sacred English Amber Vermouth 50 cl. 21,8%"},"content":{"rendered":"<p>Sacred English Amber Vermouth, \u00e4r gjord i samarbete med Bar Manager p\u00e5 The Dukes Hotel i London, Alessandro Palazzi. Sacred English Amber Vermouth \u00e4r n\u00e5got s\u00f6tare och mer balanserad \u00e4n Sacred English Dry Vermouth. Vermouthen \u00e4r gjord av 2 prim\u00e4ra ingredienser som Sacred Spirtis h\u00e5ller hemlig. Dessutom \u00e4r Sacred English Amber Vermouth gjord av ekologisk tr\u00e4dg\u00e5rdsmal\u00f6rt fr\u00e5n Sommerset (s\u00f6der om Gloucester). Vinet \u00e4r 100% engelskt och kommer fr\u00e5n Three Choirs. Det \u00e4r en vermouth som g\u00f6r sig bra b\u00e5de ensam och i cocktails tillsammans med till exempel Lillet Blanc eller Sacred Gin. N\u00e4r flaskan v\u00e4l har \u00f6ppnats kan Sacred Amber Vermouth h\u00e5lla i minst 3 m\u00e5nader utanf\u00f6r kylen. Mycket l\u00e4ngre om den \u00e4r kyld. Sacred English Amber Vermouth tillverkas i extremt sm\u00e5 kvantiteter, varf\u00f6r det kan vara n\u00f6dv\u00e4ndigt att boka flaskor. VINNARE AV &#8221;WORLD&#8217;S BEST VERMOUTH&#8221;, World Drinks Awards 2019.<\/p>\n<p>Sacret Spirits ligger i Highgate, London. H\u00e4r destillerar Ian Hart vodka, gin, vermouth och bitter. Efter avslutad kemiutbildning arbetade Ian som m\u00e4klare p\u00e5 Wall Street, men vill hellre anv\u00e4nda sin utbildning till n\u00e5got konkret. Han hade samlat p\u00e5 Bordeaux i \u00e5ratal och b\u00f6rjade med att vilja bevara kvaliteten p\u00e5 vinerna. Med tiden &#8221;uppfann&#8221; han en gin, som han tog till den lokala puben. H\u00e4r blev det en stor succ\u00e9, och den lilla entrepren\u00f6rsfamiljen (hustrun Hilary) drogs sedan in i verksamheten. Det som g\u00f6r Sacred speciellt \u00e4r att den destilleras under vakuum, vid l\u00e5ga temperaturer. Senare blev Ian kontaktad av barchefen p\u00e5 The Dukes Hotel i London, som hade smakat hans gin, och pl\u00f6tsligt fann Ian sig sj\u00e4lv resa runt Londons tub, med gin leveranser till hela staden. Han fick sedan byta till en professionell distribut\u00f6r och resten av historien \u00e4r v\u00e4lk\u00e4nd. Sacred Gins fantastiska kvalitet gjorde att produkten spreds f\u00f6rst till resten av Storbritannien och senare \u00f6ver landets gr\u00e4nser. 2013 vann Sacred Gin dubbla guld vid San Francisco World Spirits Competition. Vi \u00e4r mycket stolta \u00f6ver att presentera Danmark med Sacred Spirits mycket begr\u00e4nsade produktion p\u00e5 mindre \u00e4n 30 000 flaskor \u00e5rligen. En helt och h\u00e5llet fenomenal producent av Gin.<\/p>\n","protected":false},"excerpt":{"rendered":"<p>Sacred Spirits \u2013 London<\/p>\n","protected":false},"featured_media":40472,"template":"","meta":{"_acf_changed":false,"rs_blank_template":"","rs_page_bg_color":"","slide_template_v7":""},"product_brand":[],"product_cat":[2774,2765],"product_tag":[],"class_list":{"0":"post-40007","1":"product","2":"type-product","3":"status-publish","4":"has-post-thumbnail","6":"product_cat-vermouth-sv","7":"product_cat-hedvin-sv","8":"pa_land-england-sv","9":"pa_procent-21-8-sv","10":"pa_producent-sacred-sv","11":"pa_region-london-sv","12":"pa_volume-50-sv","14":"first","15":"outofstock","16":"sale","17":"taxable","18":"shipping-taxable","19":"purchasable","20":"product-type-simple"},"bundled_by":[],"bundle_stock_status":"outofstock","bundle_stock_quantity":null,"bundle_virtual":false,"bundle_layout":"","bundle_add_to_cart_form_location":"","bundle_editable_in_cart":false,"bundle_sold_individually_context":"","bundle_item_grouping":"","bundle_min_size":"","bundle_max_size":"","bundle_price":[],"bundled_items":[],"bundle_sell_ids":[],"acf":[],"_links":{"self":[{"href":"https:\/\/www.raschvin.com\/sv\/wp-json\/wp\/v2\/product\/40007","targetHints":{"allow":["GET"]}}],"collection":[{"href":"https:\/\/www.raschvin.com\/sv\/wp-json\/wp\/v2\/product"}],"about":[{"href":"https:\/\/www.raschvin.com\/sv\/wp-json\/wp\/v2\/types\/product"}],"wp:featuredmedia":[{"embeddable":true,"href":"https:\/\/www.raschvin.com\/sv\/wp-json\/wp\/v2\/media\/40472"}],"wp:attachment":[{"href":"https:\/\/www.raschvin.com\/sv\/wp-json\/wp\/v2\/media?parent=40007"}],"wp:term":[{"taxonomy":"product_brand","embeddable":true,"href":"https:\/\/www.raschvin.com\/sv\/wp-json\/wp\/v2\/product_brand?post=40007"},{"taxonomy":"product_cat","embeddable":true,"href":"https:\/\/www.raschvin.com\/sv\/wp-json\/wp\/v2\/product_cat?post=40007"},{"taxonomy":"product_tag","embeddable":true,"href":"https:\/\/www.raschvin.com\/sv\/wp-json\/wp\/v2\/product_tag?post=40007"}],"curies":[{"name":"wp","href":"https:\/\/api.w.org\/{rel}","templated":true}]}}