{"id":39996,"date":"2023-09-07T21:33:59","date_gmt":"2023-09-07T19:33:59","guid":{"rendered":"https:\/\/www.raschvin.com\/produkt\/la-sapata-babeasca-neagra-eco-75-cl\/"},"modified":"2023-09-07T21:33:59","modified_gmt":"2023-09-07T19:33:59","slug":"la-sapata-babeasca-neagra-eco-75-cl","status":"publish","type":"product","link":"https:\/\/www.raschvin.com\/sv\/produkt\/la-sapata-babeasca-neagra-eco-75-cl\/","title":{"rendered":"La Sapata Babeasca Neagra (ECO) 75 cl."},"content":{"rendered":"<p>Fr\u00e5n La Sapata i \u00f6stra Rum\u00e4nien n\u00e4ra Donaus mynning i Svarta havet kommer detta r\u00f6da vin gjort p\u00e5 den lokala druvsorten B\u0103beasc\u0103 Neagr\u0103. Det \u00e4r en gammal druvsort som kan dateras tillbaka \u00e5tminstone till 1300-talet. Ordagrant \u00f6versatt betyder B\u0103beasc\u0103 neagr\u0103 &#8221;Mormors variation&#8221;, vilket kanske \u00e4r lite missvisande, d\u00e5 druvsorten fr\u00e4mst ger l\u00e4ttare r\u00f6da viner med stor friskhet. Det g\u00e4ller \u00e4ven h\u00e4r, d\u00e4r du f\u00e5r ett fr\u00e4scht och fruktigt r\u00f6tt vin. 3000 flaskor har tillverkats.<\/p>\n<p>F\u00e4rg: Rubinr\u00f6d<br \/>\nDoft: Aromatisk och r\u00f6d frukt med k\u00f6rsb\u00e4r och plommon<br \/>\nSmaknoter: L\u00e4tt till medelfyllig med fokus p\u00e5 fr\u00e4sch\u00f6r och mycket sval, saftig frukt<\/p>\n<p>Serveringsf\u00f6rslag: Serveras vid 16-17 grader till l\u00e4ttare r\u00e4tter av t ex pasta, l\u00e4tt k\u00f6tt eller ost<\/p>\n<p>La Sapata Crama Delta Dunarii ligger i Donaudeltat i \u00f6stra delen av Rum\u00e4nien. Deltat rinner ut i Svarta havet i \u00f6ster och i norr delar omr\u00e5det gr\u00e4ns med Ukraina. Klimatet i Donaudeltat k\u00e4nnetecknas av kalla vintrar och varma, torra somrar. Rum\u00e4nien har en l\u00e5ng tradition av vinproduktion och h\u00e4r kan du hitta b\u00e5de v\u00e4lk\u00e4nda, internationella sorter som riesling och merlot, och lokala specialiteter som babeasca neagra, feteasca neagra, feteasca regala och en rad andra sv\u00e5ruttalade (men utm\u00e4rkta) druvor.<\/p>\n<p>La Sapata odlar sina cirka 20 hektar ekologiskt och med respekt f\u00f6r naturen runt \u00e5krarna, men de har ocks\u00e5 ett m\u00e5l om social h\u00e5llbarhet. Under de senaste decennierna har den rum\u00e4nska landsbygden successivt avfolkats i takt med att fler unga reser till st\u00e4derna, och La Sapata arbetar d\u00e4rf\u00f6r med ett &#8221;etiskt engagemang&#8221; f\u00f6r att st\u00e4vja den stora utvandringen genom att skapa jobb \u00e5t lokalbefolkningen p\u00e5 landsbygden.<\/p>\n","protected":false},"excerpt":{"rendered":"<p>Romanian Bio-Red Wine<\/p>\n","protected":false},"featured_media":40262,"template":"","meta":{"_acf_changed":false,"rs_blank_template":"","rs_page_bg_color":"","slide_template_v7":""},"product_brand":[],"product_cat":[2788,2798],"product_tag":[],"class_list":{"0":"post-39996","1":"product","2":"type-product","3":"status-publish","4":"has-post-thumbnail","6":"product_cat-vin-sv","7":"product_cat-roedvin-sv","8":"pa_drue-babeasca-neagra-sv","9":"pa_land-rumaenien-sv","10":"pa_naturlig-vin-ja-sv","11":"pa_oekologisk-ja-sv","12":"pa_procent-14-sv","13":"pa_producent-la-sapata-crama-delta-dunarii-sv","14":"pa_region-danube-delta-sv","15":"pa_serveringstemperatur-16-17-sv","16":"pa_volume-75-sv","18":"first","19":"instock","20":"taxable","21":"shipping-taxable","22":"purchasable","23":"product-type-simple"},"bundled_by":[],"bundle_stock_status":"instock","bundle_stock_quantity":null,"bundle_virtual":false,"bundle_layout":"","bundle_add_to_cart_form_location":"","bundle_editable_in_cart":false,"bundle_sold_individually_context":"","bundle_item_grouping":"","bundle_min_size":"","bundle_max_size":"","bundle_price":[],"bundled_items":[],"bundle_sell_ids":[],"acf":[],"_links":{"self":[{"href":"https:\/\/www.raschvin.com\/sv\/wp-json\/wp\/v2\/product\/39996","targetHints":{"allow":["GET"]}}],"collection":[{"href":"https:\/\/www.raschvin.com\/sv\/wp-json\/wp\/v2\/product"}],"about":[{"href":"https:\/\/www.raschvin.com\/sv\/wp-json\/wp\/v2\/types\/product"}],"wp:featuredmedia":[{"embeddable":true,"href":"https:\/\/www.raschvin.com\/sv\/wp-json\/wp\/v2\/media\/40262"}],"wp:attachment":[{"href":"https:\/\/www.raschvin.com\/sv\/wp-json\/wp\/v2\/media?parent=39996"}],"wp:term":[{"taxonomy":"product_brand","embeddable":true,"href":"https:\/\/www.raschvin.com\/sv\/wp-json\/wp\/v2\/product_brand?post=39996"},{"taxonomy":"product_cat","embeddable":true,"href":"https:\/\/www.raschvin.com\/sv\/wp-json\/wp\/v2\/product_cat?post=39996"},{"taxonomy":"product_tag","embeddable":true,"href":"https:\/\/www.raschvin.com\/sv\/wp-json\/wp\/v2\/product_tag?post=39996"}],"curies":[{"name":"wp","href":"https:\/\/api.w.org\/{rel}","templated":true}]}}