{"id":39984,"date":"2023-09-07T20:54:17","date_gmt":"2023-09-07T18:54:17","guid":{"rendered":"https:\/\/www.raschvin.com\/produkt\/beenleigh-10-years-2013-70-cl-59\/"},"modified":"2023-09-07T20:54:17","modified_gmt":"2023-09-07T18:54:17","slug":"beenleigh-10-years-2013-70-cl-59","status":"publish","type":"product","link":"https:\/\/www.raschvin.com\/sv\/produkt\/beenleigh-10-years-2013-70-cl-59\/","title":{"rendered":"Beenleigh 10 Years 2013 70 cl. 59%"},"content":{"rendered":"<p>BESKRIVNING<br \/>\nBeenleigh Distillery grundades 1884 och \u00e4r Australiens \u00e4ldsta verksamma destilleri. Bel\u00e4get i Queensland, p\u00e5 landets nord\u00f6stra kust, \u00e4r det i hj\u00e4rtat av ett omr\u00e5de k\u00e4nt f\u00f6r sina sockerr\u00f6rsplantager. Beenleighs historia utg\u00f6r en del av det australiensiska rymdens arv, inklusive att vara en historisk leverant\u00f6r av den brittiska kungliga flottan. Idag \u00e4r det ett av de sista traditionella destillerierna i v\u00e4rlden som fortfarande \u00e4r ok\u00e4nda p\u00e5 europeiska marknader.<\/p>\n<p>Beenleigh producerar sin rom fr\u00e5n lokalt vatten och melass. Det \u00e4r en Single Blended rom, men p\u00e5 ett originellt, &#8221;omv\u00e4nt&#8221; s\u00e4tt: destillering sker f\u00f6rst med kontinuerliga enkelkolonner och sedan i pot still. Denna kastrull kallas &#8217;The Old Copper&#8217; och det \u00e4r en kar som fortfarande liknar de gamla Demerara. Rommen lagras sedan i stora tr\u00e4kar och \u00e4ven i ex-bourbonfat.<\/p>\n<p>Vid sidan av sina officiella buteljeringar inledde Beenleigh ett f\u00f6rh\u00e5llande med La Maison &#038; Velier och de f\u00f6rsta sl\u00e4ppen \u00e4r tv\u00e5 mycket speciella rom, unika inom ramen f\u00f6r det australiensiska romarvet. Beenleigh har tv\u00e5 lager: ett f\u00f6rsta ligger n\u00e4ra destilleriet och ett andra i s\u00f6dra delen av landet, i Renmark i Barossadalen, en halv\u00f6ken milj\u00f6.<\/p>\n<p>Denna version destillerades i en kolumn och omdestillerades i destilleriets pot still i augusti och september 2013. Denna rom har lagrats p\u00e5 ex-bourbonfat, i det tropiska klimatet i Beenleigh-lagret, med en total \u00e4ngelandel p\u00e5 mer \u00e4n 25 % och flaska \u00f6verfast vid 59 % vol.<br \/>\nVarm och skarp.<\/p>\n<p>SMAKANM\u00c4RKNINGAR<br \/>\nN\u00e4sa: Fruktig och livlig. Passionsfrukt, \u00e4deltr\u00e4, guava, jasmin, mogen melon och vanilj.<\/p>\n<p>Smak: Kraftfull och kryddig. Ingef\u00e4ra, granat\u00e4pplepasta, fikon och kardemumma.<\/p>\n<p>Overall: L\u00e5ng och fast. Balsam, k\u00f6rsb\u00e4r, svart tulpan, lakrits, kanderad aprikos och mandel.<\/p>\n","protected":false},"excerpt":{"rendered":"<p>Artisan Distillers &#8211; Fine Australian Rum<\/p>\n","protected":false},"featured_media":40376,"template":"","meta":{"_acf_changed":false,"rs_blank_template":"","rs_page_bg_color":"","slide_template_v7":""},"product_brand":[],"product_cat":[2387,2391,4634],"product_tag":[],"class_list":{"0":"post-39984","1":"product","2":"type-product","3":"status-publish","4":"has-post-thumbnail","6":"product_cat-avec-sv","7":"product_cat-rom-sv","8":"product_cat-premium-aged-sv","9":"pa_land-australien-sv","10":"pa_procent-59-sv","11":"pa_producent-artisan-distillers-sv-2","12":"pa_vintage-2013-sv","13":"pa_volume-70-sv-2","15":"first","16":"instock","17":"taxable","18":"shipping-taxable","19":"purchasable","20":"product-type-simple"},"bundled_by":[],"bundle_stock_status":"instock","bundle_stock_quantity":2,"bundle_virtual":false,"bundle_layout":"","bundle_add_to_cart_form_location":"","bundle_editable_in_cart":false,"bundle_sold_individually_context":"","bundle_item_grouping":"","bundle_min_size":"","bundle_max_size":"","bundle_price":[],"bundled_items":[],"bundle_sell_ids":[],"acf":[],"_links":{"self":[{"href":"https:\/\/www.raschvin.com\/sv\/wp-json\/wp\/v2\/product\/39984","targetHints":{"allow":["GET"]}}],"collection":[{"href":"https:\/\/www.raschvin.com\/sv\/wp-json\/wp\/v2\/product"}],"about":[{"href":"https:\/\/www.raschvin.com\/sv\/wp-json\/wp\/v2\/types\/product"}],"wp:featuredmedia":[{"embeddable":true,"href":"https:\/\/www.raschvin.com\/sv\/wp-json\/wp\/v2\/media\/40376"}],"wp:attachment":[{"href":"https:\/\/www.raschvin.com\/sv\/wp-json\/wp\/v2\/media?parent=39984"}],"wp:term":[{"taxonomy":"product_brand","embeddable":true,"href":"https:\/\/www.raschvin.com\/sv\/wp-json\/wp\/v2\/product_brand?post=39984"},{"taxonomy":"product_cat","embeddable":true,"href":"https:\/\/www.raschvin.com\/sv\/wp-json\/wp\/v2\/product_cat?post=39984"},{"taxonomy":"product_tag","embeddable":true,"href":"https:\/\/www.raschvin.com\/sv\/wp-json\/wp\/v2\/product_tag?post=39984"}],"curies":[{"name":"wp","href":"https:\/\/api.w.org\/{rel}","templated":true}]}}