{"id":39947,"date":"2023-09-07T09:12:49","date_gmt":"2023-09-07T07:12:49","guid":{"rendered":"https:\/\/www.raschvin.com\/produkt\/fanoe-pilsner-lager-50-cl-44\/"},"modified":"2023-09-07T09:12:49","modified_gmt":"2023-09-07T07:12:49","slug":"fanoe-pilsner-lager-50-cl-44","status":"publish","type":"product","link":"https:\/\/www.raschvin.com\/sv\/produkt\/fanoe-pilsner-lager-50-cl-44\/","title":{"rendered":"Fan\u00f8 Pilsner \u2013 Lager 50 cl. 4,4%"},"content":{"rendered":"<p>Fan\u00f8 Pilsner \u00e4r en pilsner i tysk stil.<br \/>\nDen har en f\u00e4rg s\u00e5 vacker som det sk\u00f6rdef\u00e4rdiga f\u00e4ltet, maltad s\u00f6tma och en liten bitterhet fr\u00e5n humlen.<br \/>\nFan\u00f8 Pilsner \u00e4r Fan\u00f8 Bryghus erbjudande om en l\u00e4tt drickbar pilsner som bidrar till den ber\u00f6mda krispiga lagerstilen, som \u00e4r k\u00e4nd \u00f6ver hela v\u00e4rlden.<\/p>\n","protected":false},"excerpt":{"rendered":"<p>Fan\u00f8 Bryghus \u2013 Denmark<\/p>\n","protected":false},"featured_media":40484,"template":"","meta":{"_acf_changed":false,"rs_blank_template":"","rs_page_bg_color":"","slide_template_v7":""},"product_brand":[],"product_cat":[2801,2817,7207],"product_tag":[],"class_list":{"0":"post-39947","1":"product","2":"type-product","3":"status-publish","4":"has-post-thumbnail","6":"product_cat-oel-sv","7":"product_cat-pilsner-sv","8":"product_cat-lager-sv","9":"pa_champagne-type-lager-sv","10":"pa_land-danmark-sv","11":"pa_procent-4-4-sv","12":"pa_producent-fanoe-bryghus-sv","13":"pa_region-fanoe-sv","14":"pa_serveringstemperatur-6-8-sv","15":"pa_volume-50-sv","17":"first","18":"instock","19":"taxable","20":"shipping-taxable","21":"purchasable","22":"product-type-simple"},"bundled_by":[],"bundle_stock_status":"instock","bundle_stock_quantity":null,"bundle_virtual":false,"bundle_layout":"","bundle_add_to_cart_form_location":"","bundle_editable_in_cart":false,"bundle_sold_individually_context":"","bundle_item_grouping":"","bundle_min_size":"","bundle_max_size":"","bundle_price":[],"bundled_items":[],"bundle_sell_ids":[],"acf":[],"_links":{"self":[{"href":"https:\/\/www.raschvin.com\/sv\/wp-json\/wp\/v2\/product\/39947","targetHints":{"allow":["GET"]}}],"collection":[{"href":"https:\/\/www.raschvin.com\/sv\/wp-json\/wp\/v2\/product"}],"about":[{"href":"https:\/\/www.raschvin.com\/sv\/wp-json\/wp\/v2\/types\/product"}],"wp:featuredmedia":[{"embeddable":true,"href":"https:\/\/www.raschvin.com\/sv\/wp-json\/wp\/v2\/media\/40484"}],"wp:attachment":[{"href":"https:\/\/www.raschvin.com\/sv\/wp-json\/wp\/v2\/media?parent=39947"}],"wp:term":[{"taxonomy":"product_brand","embeddable":true,"href":"https:\/\/www.raschvin.com\/sv\/wp-json\/wp\/v2\/product_brand?post=39947"},{"taxonomy":"product_cat","embeddable":true,"href":"https:\/\/www.raschvin.com\/sv\/wp-json\/wp\/v2\/product_cat?post=39947"},{"taxonomy":"product_tag","embeddable":true,"href":"https:\/\/www.raschvin.com\/sv\/wp-json\/wp\/v2\/product_tag?post=39947"}],"curies":[{"name":"wp","href":"https:\/\/api.w.org\/{rel}","templated":true}]}}