{"id":39944,"date":"2023-09-07T09:03:51","date_gmt":"2023-09-07T07:03:51","guid":{"rendered":"https:\/\/www.raschvin.com\/produkt\/fanoe-vestkyst-pale-ale-50-cl-57\/"},"modified":"2023-09-07T09:03:51","modified_gmt":"2023-09-07T07:03:51","slug":"fanoe-vestkyst-pale-ale-50-cl-57","status":"publish","type":"product","link":"https:\/\/www.raschvin.com\/sv\/produkt\/fanoe-vestkyst-pale-ale-50-cl-57\/","title":{"rendered":"Fan\u00f8 Vestkyst \u2013 Pale Ale 50 cl. 5,7%"},"content":{"rendered":"<p>Fan\u00f8 V\u00e4stkust 5,7%. \u00d6ltyp: Amerikansk IPA Smak: Ljus f\u00e4rg, men bra smak. Saftiga druv- och citrusfrukttoner ger en distinkt fruktig aromatisk balanserad l\u00e4cker IPA.<\/p>\n","protected":false},"excerpt":{"rendered":"<p>Fan\u00f8 Bryghus \u2013 Denmark<\/p>\n","protected":false},"featured_media":88395,"template":"","meta":{"_acf_changed":false,"rs_blank_template":"","rs_page_bg_color":"","slide_template_v7":""},"product_brand":[],"product_cat":[2801,7211],"product_tag":[],"class_list":{"0":"post-39944","1":"product","2":"type-product","3":"status-publish","4":"has-post-thumbnail","6":"product_cat-oel-sv","7":"product_cat-pale-ale-sv","8":"pa_champagne-type-india-pale-ale-sv","9":"pa_land-danmark-sv","10":"pa_procent-5-7-sv","11":"pa_producent-fanoe-bryghus-sv","12":"pa_region-fanoe-sv","13":"pa_serveringstemperatur-6-8-sv","14":"pa_volume-50-sv","16":"first","17":"instock","18":"taxable","19":"shipping-taxable","20":"purchasable","21":"product-type-simple"},"bundled_by":[],"bundle_stock_status":"instock","bundle_stock_quantity":null,"bundle_virtual":false,"bundle_layout":"","bundle_add_to_cart_form_location":"","bundle_editable_in_cart":false,"bundle_sold_individually_context":"","bundle_item_grouping":"","bundle_min_size":"","bundle_max_size":"","bundle_price":[],"bundled_items":[],"bundle_sell_ids":[],"acf":[],"_links":{"self":[{"href":"https:\/\/www.raschvin.com\/sv\/wp-json\/wp\/v2\/product\/39944","targetHints":{"allow":["GET"]}}],"collection":[{"href":"https:\/\/www.raschvin.com\/sv\/wp-json\/wp\/v2\/product"}],"about":[{"href":"https:\/\/www.raschvin.com\/sv\/wp-json\/wp\/v2\/types\/product"}],"wp:featuredmedia":[{"embeddable":true,"href":"https:\/\/www.raschvin.com\/sv\/wp-json\/wp\/v2\/media\/88395"}],"wp:attachment":[{"href":"https:\/\/www.raschvin.com\/sv\/wp-json\/wp\/v2\/media?parent=39944"}],"wp:term":[{"taxonomy":"product_brand","embeddable":true,"href":"https:\/\/www.raschvin.com\/sv\/wp-json\/wp\/v2\/product_brand?post=39944"},{"taxonomy":"product_cat","embeddable":true,"href":"https:\/\/www.raschvin.com\/sv\/wp-json\/wp\/v2\/product_cat?post=39944"},{"taxonomy":"product_tag","embeddable":true,"href":"https:\/\/www.raschvin.com\/sv\/wp-json\/wp\/v2\/product_tag?post=39944"}],"curies":[{"name":"wp","href":"https:\/\/api.w.org\/{rel}","templated":true}]}}