{"id":39938,"date":"2023-09-07T08:34:12","date_gmt":"2023-09-07T06:34:12","guid":{"rendered":"https:\/\/www.raschvin.com\/produkt\/midtfyns-chili-klaus-ghost-50-cl-92\/"},"modified":"2023-09-07T08:34:12","modified_gmt":"2023-09-07T06:34:12","slug":"midtfyns-chili-klaus-ghost-50-cl-92","status":"publish","type":"product","link":"https:\/\/www.raschvin.com\/sv\/produkt\/midtfyns-chili-klaus-ghost-50-cl-92\/","title":{"rendered":"Midtfyns Chili Klaus Ghost 50 cl. 9,2%"},"content":{"rendered":"<p>Ghost chilien \u00e4r en av de mest ber\u00f6mda och berygtede chilier i v\u00e4rlden. Ber\u00f8mt f\u00f6r sin s\u00f8de chili-smag, men ocks\u00e5 berygtet f\u00f6r sin intensiva styrke p\u00e5 \u00f6ver 1.000.000 SHU. N\u00e5r du har smakt den f\u00f6rsta t\u00e5r, s\u00e5 l\u00e6g \u00f8ret til togskinnen och lyt efter toget. Chili Klaus Ghost \u00e4r n\u00e4mligen go\u2019 i \u00f8rerne.<\/p>\n<p>Midtfyns Bryghus grundl\u00e6gges i 2004, och f\u00e5r til huse i en nedlagt slagterbutik i Brobyv\u00e6rk, hvorfra man i 2005 avs\u00e4ndare den f\u00f6rsta \u00f8l p\u00e5 marknaden. Jag startar bryggeriet p\u00e5 att brygga \u00f6l av skotsk herkomst p\u00e5 licens, och tillverkare av \u00f6l Moulin Ale och Braveheart, d\u00e4r \u00e4r de enda \u00f6l, som bryggeriet udbyder i sitt f\u00f6rsta leve\u00e5r. I 2006 blir bryggeriet overtaget af Eddie Szweda, der stadig i dag ejer bryggeriet. Samme \u00e5r lancerer Midtfyns Bryghus deres Stout, Ale og Wheat. \u00c5ret efter blir sortimentet ytterligare ut\u00f6kat, d\u00e5 Midtfyns Bryghus avs\u00e4ndare hela sex nya \u00f8l p\u00e5 marknaden; Imperial Stout, IPA, Double IPA, P\u00e5skebryg, Jule Ale och Jule Stout. Imperial Stout blir efterf\u00f6ljande \u00e5r som \u00e5rets \u00f8lnyhed 2007.<\/p>\n<p>2007 blir ocks\u00e5 \u00e5ret, d\u00e4r Midtfyns Bryghus f\u00e5r Hollywood p\u00e5 nakken. Filmselskabet bag Mel Gibson filmen \u201dBraveheart\u201d accepterar inte, p\u00e5 Midtfyns Bryghus producent en \u00f8l, d\u00e4r delar namn med filmen, och samma \u00f8l har producerats utan problem i Skotland i 10 \u00e5r. Beslutningen om att pille Moulin Ale og Braveheart ud af produktionen var redan blevet truffet, men Midtfyns Bryghus v\u00e4ljer att smide sagen ud til pressen, och f\u00e5r en fantastisk m\u00e4ngd spalteplads och omtale f\u00f6r de 10.000,- kr., som Midtfyns Bryghus i sista ende m\u00e5 betala i ers\u00e4ttning.<\/p>\n<p>Et samarbete med den danske Arsenal fanklub ser dagens lys i 2008. Midtfyns Bryghus lancerer Gunners Ale, en r\u00f8d Ale, hvor skummets vita f\u00e4rg och \u00f8llets r\u00f8de sk\u00e4r \u00e4r afstemt efter f\u00e4rgerna p\u00e5 Arsenals klubfarver. Samme \u00e5r blir Wit lanceret. Chili Tripel och Barley Wine lanseras 2009, Chili Tripel kommer vid Danske \u00d8lentusiasters generalforsamling och startar 2010 till \u00e5rets \u00f6lnyhed 2009.<\/p>\n<p>Ved Danske \u00d8lentusiasters \u00d8lfestival i 2010, delte Midtfyns Bryghus stand med det hollandske bryggeri Brouwerrij De Molen. Det matchar var s\u00e5 lyckat, at bryggerne fra de to bryggerier blev enige om at brygge en \u00f8l sammen. Resultatet, X-Porter, blev f\u00f6rsta g\u00e4nget brygget i weekenden efter \u00d8lfestivalen, och er en forening af de to bryggere Menno och Jans kreativitet och m\u00e5nga \u00e5rs erfarenhet lagt tillsammans och h\u00e6ldt p\u00e5 flaske.<\/p>\n<p>I 2010 kommer Rough Snuff p\u00e5 gaden, et samarbete med handbrygger Erik Nielsen, der i dag driver \u00d8-Bryg. Rough Snuff \u00e4r en belgisk Ale brygget p\u00e5 bland annat bl\u00e6retang och snus. Sidstn\u00e6vnte ingredienser fick hundkonsekvenser, d\u00e5 man i EU inte m\u00e5ste tils\u00e4tta tobak i livsmedel. D\u00e4rf\u00f6r heter den udgave af Rough Snuff, der kan k\u00f6pas i dag, Rough Snuff II och \u00e4r en censureret udgave uden tobak. Rough Snuff blir sedan k\u00e5ret som \u00e5rets \u00f8lnyhed 2010. I sommaren 2013 flyttar Midtfyns Bryghus fr\u00e5n slagterbutiken i Brobyv\u00e6rk, till moderna och mer tidssvarande anl\u00e4ggningar i \u00c5rslev, d\u00e4r det ocks\u00e5 installeras och nytt och modernt bryggsystem. F\u00f6rsta bryg p\u00e5 det nye anl\u00e6g blir d\u00f8bt Midtfyns Bryghus Nr. 1, och \u00e4r en single hop Pale Ale brygget p\u00e5 Simcoe.<\/p>\n","protected":false},"excerpt":{"rendered":"<p>Midtfyns Bryghus \u2013 Denmark<\/p>\n","protected":false},"featured_media":40670,"template":"","meta":{"_acf_changed":false,"rs_blank_template":"","rs_page_bg_color":"","slide_template_v7":""},"product_brand":[],"product_cat":[2802,2801],"product_tag":[],"class_list":{"0":"post-39938","1":"product","2":"type-product","3":"status-publish","4":"has-post-thumbnail","6":"product_cat-ale-sv","7":"product_cat-oel-sv","8":"pa_champagne-type-ale-sv","9":"pa_land-danmark-sv","10":"pa_procent-9-2-sv","11":"pa_producent-midtfyns-bryghus-sv","12":"pa_region-fyn-sv","13":"pa_serveringstemperatur-6-8-sv","14":"pa_volume-50-sv","16":"first","17":"instock","18":"taxable","19":"shipping-taxable","20":"purchasable","21":"product-type-simple"},"bundled_by":[],"bundle_stock_status":"instock","bundle_stock_quantity":null,"bundle_virtual":false,"bundle_layout":"","bundle_add_to_cart_form_location":"","bundle_editable_in_cart":false,"bundle_sold_individually_context":"","bundle_item_grouping":"","bundle_min_size":"","bundle_max_size":"","bundle_price":[],"bundled_items":[],"bundle_sell_ids":[],"acf":[],"_links":{"self":[{"href":"https:\/\/www.raschvin.com\/sv\/wp-json\/wp\/v2\/product\/39938","targetHints":{"allow":["GET"]}}],"collection":[{"href":"https:\/\/www.raschvin.com\/sv\/wp-json\/wp\/v2\/product"}],"about":[{"href":"https:\/\/www.raschvin.com\/sv\/wp-json\/wp\/v2\/types\/product"}],"wp:featuredmedia":[{"embeddable":true,"href":"https:\/\/www.raschvin.com\/sv\/wp-json\/wp\/v2\/media\/40670"}],"wp:attachment":[{"href":"https:\/\/www.raschvin.com\/sv\/wp-json\/wp\/v2\/media?parent=39938"}],"wp:term":[{"taxonomy":"product_brand","embeddable":true,"href":"https:\/\/www.raschvin.com\/sv\/wp-json\/wp\/v2\/product_brand?post=39938"},{"taxonomy":"product_cat","embeddable":true,"href":"https:\/\/www.raschvin.com\/sv\/wp-json\/wp\/v2\/product_cat?post=39938"},{"taxonomy":"product_tag","embeddable":true,"href":"https:\/\/www.raschvin.com\/sv\/wp-json\/wp\/v2\/product_tag?post=39938"}],"curies":[{"name":"wp","href":"https:\/\/api.w.org\/{rel}","templated":true}]}}