{"id":39926,"date":"2023-09-06T20:57:08","date_gmt":"2023-09-06T18:57:08","guid":{"rendered":"https:\/\/www.raschvin.com\/produkt\/grands-echezeaux-grand-cru-2020-75-cl\/"},"modified":"2024-08-26T12:41:34","modified_gmt":"2024-08-26T10:41:34","slug":"grands-echezeaux-grand-cru-2020-75-cl","status":"publish","type":"product","link":"https:\/\/www.raschvin.com\/sv\/produkt\/grands-echezeaux-grand-cru-2020-75-cl\/","title":{"rendered":"Grands-\u00c9ch\u00e9zeaux Grand Cru 2020 75 cl."},"content":{"rendered":"<p>P\u00e5 n\u00e4san utvecklar den en palett av aromer av r\u00f6da frukter och stenfrukter, st\u00f6dd av kryddiga toner. Rund och v\u00e4lstrukturerad i gommen, kroppen presenterar harmoniska och ganska diskreta tr\u00e4toner. Finishen \u00e4r under tiden otroligt l\u00e5ng och det finns en ton av bitter choklad p\u00e5 finishen.<br \/>\nP\u00e5 Grands Crus-rutten \u00e4r kommunen Flagey-Echezeaux hem f\u00f6r en exklusivt Grands Crus-appellation. Dess etymologi kommer fr\u00e5n termen &#8221;Chezeaux&#8221; som betecknar gruppen av omgivande byar.<br \/>\nP\u00e5 mycket l\u00e4tt mark med brant sluttning vetter v\u00e5r tomt \u00f6sterut p\u00e5 300 meters h\u00f6jd, vilket s\u00e4kerst\u00e4ller bra solsken.<\/p>\n","protected":false},"excerpt":{"rendered":"<p>Domaine du Clos Frantin &#8211; Albert Bichot<\/p>\n","protected":false},"featured_media":40157,"template":"","meta":{"_acf_changed":false,"rs_blank_template":"","rs_page_bg_color":"","slide_template_v7":""},"product_brand":[],"product_cat":[2788,2798,7705],"product_tag":[],"class_list":{"0":"post-39926","1":"product","2":"type-product","3":"status-publish","4":"has-post-thumbnail","6":"product_cat-vin-sv","7":"product_cat-roedvin-sv","8":"product_cat-fine-wine-sv","9":"pa_aargang-2020-sv","10":"pa_drue-pinot-noir-sv","11":"pa_oekologisk-ja-sv","12":"pa_procent-13-sv","13":"pa_producent-albert-bichot-sv","14":"pa_producent-domaine-du-clos-franti-sv","15":"pa_region-bourgogne-sv","16":"pa_serveringstemperatur-16-18-sv","17":"pa_volume-75-sv","19":"first","20":"instock","21":"taxable","22":"shipping-taxable","23":"purchasable","24":"product-type-simple"},"bundled_by":[],"bundle_stock_status":"instock","bundle_stock_quantity":null,"bundle_virtual":false,"bundle_layout":"","bundle_add_to_cart_form_location":"","bundle_editable_in_cart":false,"bundle_sold_individually_context":"","bundle_item_grouping":"","bundle_min_size":"","bundle_max_size":"","bundle_price":[],"bundled_items":[],"bundle_sell_ids":[],"acf":[],"_links":{"self":[{"href":"https:\/\/www.raschvin.com\/sv\/wp-json\/wp\/v2\/product\/39926","targetHints":{"allow":["GET"]}}],"collection":[{"href":"https:\/\/www.raschvin.com\/sv\/wp-json\/wp\/v2\/product"}],"about":[{"href":"https:\/\/www.raschvin.com\/sv\/wp-json\/wp\/v2\/types\/product"}],"wp:featuredmedia":[{"embeddable":true,"href":"https:\/\/www.raschvin.com\/sv\/wp-json\/wp\/v2\/media\/40157"}],"wp:attachment":[{"href":"https:\/\/www.raschvin.com\/sv\/wp-json\/wp\/v2\/media?parent=39926"}],"wp:term":[{"taxonomy":"product_brand","embeddable":true,"href":"https:\/\/www.raschvin.com\/sv\/wp-json\/wp\/v2\/product_brand?post=39926"},{"taxonomy":"product_cat","embeddable":true,"href":"https:\/\/www.raschvin.com\/sv\/wp-json\/wp\/v2\/product_cat?post=39926"},{"taxonomy":"product_tag","embeddable":true,"href":"https:\/\/www.raschvin.com\/sv\/wp-json\/wp\/v2\/product_tag?post=39926"}],"curies":[{"name":"wp","href":"https:\/\/api.w.org\/{rel}","templated":true}]}}