{"id":39920,"date":"2023-09-06T20:29:14","date_gmt":"2023-09-06T18:29:14","guid":{"rendered":"https:\/\/www.raschvin.com\/produkt\/strega-grancaffe-70-cl-25\/"},"modified":"2023-09-06T20:29:14","modified_gmt":"2023-09-06T18:29:14","slug":"strega-grancaffe-70-cl-25","status":"publish","type":"product","link":"https:\/\/www.raschvin.com\/sv\/produkt\/strega-grancaffe-70-cl-25\/","title":{"rendered":"Strega GranCaff\u00e8 70 cl. 25%"},"content":{"rendered":"<p>Lavet med 100 % Arabica kaffeb\u00f6nner ers\u00e4tts av Strega&#8217;s Strega Kimbo kaffelik\u00f6r i 2023<\/p>\n<p>Utseende: Klar, men s\u00e5 m\u00f6rk, att den n\u00e4stan \u00e4r genomskinlig, dyb brun.<\/p>\n<p>Doft: Stigende kraftigt ristede kaffeb\u00f8nner, m\u00f6rk chokolade och pebret krydderi.<\/p>\n<p>Smag: Tyk sirupsagtig, men afbalanceret snarere end overdrevent s\u00f8d med assertiv, let bitter kaffe, svag chokolade, cikorie och pebret krydderi.<br \/>\nEftersmag: Lang, kraftfuld kaffeafslutning med let krydderi. Samlet set: En mycket koncentreret och mycket smakfull kaffelik\u00f8r med robust espressosmag. Mindre kaffelik\u00f8rer verkar tynda och intetsigende i j\u00e4mf\u00f6relse.<\/p>\n<p>Aromatisk med en intens, mjuk och omsluttende smak af kaffe, den \u00e4r ideel til att njuta av glatt, med is eller i raffinerede cocktails.<\/p>\n<p>100 % Arabica kaffeb\u00f6nner \u00e4r perfekt kombinerad i den nya smaken fr\u00e5n den italienska destilleri Strega. Strega Grancaff\u00e9 blir dermed den idealiska digestif efter et m\u00e5ltid &#8211; en lik\u00f6r, d\u00e4r du vill uppfylla alla kaffe- och s\u00f6tslar dr\u00f6mmar.<\/p>\n","protected":false},"excerpt":{"rendered":"<p>Italian Coffee Liqueur &#8211; 100% Arabica Coffee Beans<\/p>\n","protected":false},"featured_media":40175,"template":"","meta":{"_acf_changed":false,"rs_blank_template":"","rs_page_bg_color":"","slide_template_v7":""},"product_brand":[],"product_cat":[2387,4684,2390],"product_tag":[],"class_list":{"0":"post-39920","1":"product","2":"type-product","3":"status-publish","4":"has-post-thumbnail","6":"product_cat-avec-sv","7":"product_cat-kaffelikor","8":"product_cat-sprit","9":"pa_land-italien-sv","10":"pa_procent-25-sv","11":"pa_producent-strega-sv","12":"pa_serveringstemperatur-8-10-sv","13":"pa_volume-70-sv-2","15":"first","16":"instock","17":"sale","18":"featured","19":"taxable","20":"shipping-taxable","21":"purchasable","22":"product-type-simple"},"bundled_by":["115769"],"bundle_stock_status":"instock","bundle_stock_quantity":null,"bundle_virtual":false,"bundle_layout":"","bundle_add_to_cart_form_location":"","bundle_editable_in_cart":false,"bundle_sold_individually_context":"","bundle_item_grouping":"","bundle_min_size":"","bundle_max_size":"","bundle_price":[],"bundled_items":[],"bundle_sell_ids":[],"acf":[],"_links":{"self":[{"href":"https:\/\/www.raschvin.com\/sv\/wp-json\/wp\/v2\/product\/39920","targetHints":{"allow":["GET"]}}],"collection":[{"href":"https:\/\/www.raschvin.com\/sv\/wp-json\/wp\/v2\/product"}],"about":[{"href":"https:\/\/www.raschvin.com\/sv\/wp-json\/wp\/v2\/types\/product"}],"wp:featuredmedia":[{"embeddable":true,"href":"https:\/\/www.raschvin.com\/sv\/wp-json\/wp\/v2\/media\/40175"}],"wp:attachment":[{"href":"https:\/\/www.raschvin.com\/sv\/wp-json\/wp\/v2\/media?parent=39920"}],"wp:term":[{"taxonomy":"product_brand","embeddable":true,"href":"https:\/\/www.raschvin.com\/sv\/wp-json\/wp\/v2\/product_brand?post=39920"},{"taxonomy":"product_cat","embeddable":true,"href":"https:\/\/www.raschvin.com\/sv\/wp-json\/wp\/v2\/product_cat?post=39920"},{"taxonomy":"product_tag","embeddable":true,"href":"https:\/\/www.raschvin.com\/sv\/wp-json\/wp\/v2\/product_tag?post=39920"}],"curies":[{"name":"wp","href":"https:\/\/api.w.org\/{rel}","templated":true}]}}