{"id":39916,"date":"2023-09-06T20:00:41","date_gmt":"2023-09-06T18:00:41","guid":{"rendered":"https:\/\/www.raschvin.com\/produkt\/caol-ila-12-years-70-cl-43\/"},"modified":"2023-09-06T20:00:41","modified_gmt":"2023-09-06T18:00:41","slug":"caol-ila-12-years-70-cl-43","status":"publish","type":"product","link":"https:\/\/www.raschvin.com\/sv\/produkt\/caol-ila-12-years-70-cl-43\/","title":{"rendered":"Caol Ila 12 Years 70 cl. 43%"},"content":{"rendered":"<p>Caol Ila 12 Years Old \u00e4r en single malt whisky som representerar det renaste uttrycket av de b\u00e4sta ingredienserna fr\u00e5n Isle of Islay, Skottland. Den \u00e4r 12 \u00e5r gammal och \u00e4r en av de l\u00e4ttaste av Islay Whisky.<br \/>\nDen k\u00e4nnetecknas av en blek halmgul f\u00e4rg och sl\u00e4pper fr\u00e4scha citrusaromer och intensiva sp\u00e5r av r\u00f6k p\u00e5 n\u00e4san. P\u00e5 gommen \u00e4r den mjuk med s\u00f6ta toner av mandelolja, l\u00e4tta inslag av r\u00f6k och en l\u00e4tt smak som anv\u00e4ndes av torv och jod under tillverkningsprocessen.<br \/>\nUtm\u00e4rkt meditationswhisky, Caol Ila 12 YO passar \u00e4ven till raffinerade skaldjursr\u00e4tter.<\/p>\n<p>N\u00e4sa: Fr\u00e4sch, \u00f6rtbaserad. Gnuggade pepparmyntablad, stj\u00e4lkar, fuktigt gr\u00e4s, r\u00f6kt. Olja, cigarrblad, r\u00f6kt skinka, hickory. Citronskal vid hamnen.<\/p>\n<p>Smak: Bra kropp, fet, tj\u00e4raktig, elegant r\u00f6k. Tips p\u00e5 kokt godis.<\/p>\n<p>Finish: L\u00e5ng, pepprig, kryddig hetta, r\u00f6k.<\/p>\n","protected":false},"excerpt":{"rendered":"<p>Islay Single Malt Scotch Whisky<\/p>\n","protected":false},"featured_media":40562,"template":"","meta":{"_acf_changed":false,"rs_blank_template":"","rs_page_bg_color":"","slide_template_v7":""},"product_brand":[],"product_cat":[2387,4651,2392],"product_tag":[],"class_list":{"0":"post-39916","1":"product","2":"type-product","3":"status-publish","4":"has-post-thumbnail","6":"product_cat-avec-sv","7":"product_cat-single-malt-sv","8":"product_cat-whisky-sv","9":"pa_land-skottland","10":"pa_procent-43-sv","11":"pa_producent-caol-ila-sv","12":"pa_region-islay-sv","13":"pa_volume-70-sv-2","15":"first","16":"instock","17":"taxable","18":"shipping-taxable","19":"purchasable","20":"product-type-simple"},"bundled_by":[],"bundle_stock_status":"instock","bundle_stock_quantity":null,"bundle_virtual":false,"bundle_layout":"","bundle_add_to_cart_form_location":"","bundle_editable_in_cart":false,"bundle_sold_individually_context":"","bundle_item_grouping":"","bundle_min_size":"","bundle_max_size":"","bundle_price":[],"bundled_items":[],"bundle_sell_ids":[],"acf":[],"_links":{"self":[{"href":"https:\/\/www.raschvin.com\/sv\/wp-json\/wp\/v2\/product\/39916","targetHints":{"allow":["GET"]}}],"collection":[{"href":"https:\/\/www.raschvin.com\/sv\/wp-json\/wp\/v2\/product"}],"about":[{"href":"https:\/\/www.raschvin.com\/sv\/wp-json\/wp\/v2\/types\/product"}],"wp:featuredmedia":[{"embeddable":true,"href":"https:\/\/www.raschvin.com\/sv\/wp-json\/wp\/v2\/media\/40562"}],"wp:attachment":[{"href":"https:\/\/www.raschvin.com\/sv\/wp-json\/wp\/v2\/media?parent=39916"}],"wp:term":[{"taxonomy":"product_brand","embeddable":true,"href":"https:\/\/www.raschvin.com\/sv\/wp-json\/wp\/v2\/product_brand?post=39916"},{"taxonomy":"product_cat","embeddable":true,"href":"https:\/\/www.raschvin.com\/sv\/wp-json\/wp\/v2\/product_cat?post=39916"},{"taxonomy":"product_tag","embeddable":true,"href":"https:\/\/www.raschvin.com\/sv\/wp-json\/wp\/v2\/product_tag?post=39916"}],"curies":[{"name":"wp","href":"https:\/\/api.w.org\/{rel}","templated":true}]}}