{"id":39693,"date":"2023-09-05T21:35:18","date_gmt":"2023-09-05T19:35:18","guid":{"rendered":"https:\/\/www.raschvin.com\/produkt\/bulleit-bourbon-10-year-old-70-cl-456\/"},"modified":"2023-09-05T21:35:18","modified_gmt":"2023-09-05T19:35:18","slug":"bulleit-bourbon-10-year-old-70-cl-456","status":"publish","type":"product","link":"https:\/\/www.raschvin.com\/sv\/produkt\/bulleit-bourbon-10-year-old-70-cl-456\/","title":{"rendered":"Bulleit Bourbon 10 Year Old 70 cl. 45,6%"},"content":{"rendered":"<p>Under de senaste \u00e5ren har Bulleit blivit ett av de viktigaste bourbonm\u00e4rkena p\u00e5 marknaden. Bulleit, som \u00e4gs sedan 2000 av Diageo, har fram till 2016 buteljerat spriten fr\u00e5n hennes systerdestilleri Four Roses, men de byggde s\u00e5 sm\u00e5ningom ett helt nytt 300 acres maxi-destilleri i Shelbyville, KY.<\/p>\n<p>Uppenbarligen \u00e4r denna 10-\u00e5riga flaska fortfarande en del av Four Roses-produktionen och f\u00f6rkroppsligar perfekt mixen som gjorde Bulleit till en s\u00e5dan \u00e4lskad och hatad bourbon: en 68% majs, 28% r\u00e5g, 4% m\u00e4ltat kornmos. Klassisk bourbonliknande lagring p\u00e5 amerikanska vita ekfat, ikonisk flaska, n\u00e5got h\u00f6gre 45,6% ABV \u00e4n vanligt.<\/p>\n<p>N\u00e4sa<br \/>\nbra intensitet: det h\u00f6gre \u00e5ldrandet ger mer komplexitet av vanilj-, karamell- och ektr\u00e4 till den typiska kryddblandningen av r\u00e5gr\u00f6ran och till de askiga toner som ges av de f\u00f6rkolnade faten, med en het kryddig nypa i n\u00e4san. Trevligt och aldrig tr\u00f6ttsamt.<\/p>\n<p>Gom<br \/>\nmjuk och varm, den erbjuder toner av kanderad aprikos, karamelliserade apelsinskal, torr frukt och vitpeppar. S\u00f6t men ren.<\/p>\n<p>Avsluta<br \/>\ntorrt och varmt: mycket Cayennas peppar stimulerar tungan, medan aska slut torkar ut gommen och f\u00f6rl\u00e4nger de ovan n\u00e4mnda tonerna av vanilj, kryddor och tr\u00e4.<br \/>\nTydligen \u00e4r Bullet 10YO det maximala uttrycket f\u00f6r Bullleit-stilen: ta den eller l\u00e4mna den. N\u00e4r det g\u00e4ller den klassiska orangea etiketten, ger de fyra \u00e5ren till av \u00e5ldrande mer struktur och komplexitet, men de \u00e4ndrar inte riktigt den grundl\u00e4ggande formeln.<\/p>\n","protected":false},"excerpt":{"rendered":"<p>Kentucky Straight Bourbon Whiskey<\/p>\n","protected":false},"featured_media":39700,"template":"","meta":{"_acf_changed":false,"rs_blank_template":"","rs_page_bg_color":"","slide_template_v7":""},"product_brand":[],"product_cat":[4657,2387,2392],"product_tag":[],"class_list":{"0":"post-39693","1":"product","2":"type-product","3":"status-publish","4":"has-post-thumbnail","6":"product_cat-american-bourbon-sv","7":"product_cat-avec-sv","8":"product_cat-whisky-sv","9":"pa_land-usa-sv","10":"pa_procent-45-6-sv","11":"pa_producent-bulleit-distillery-sv","12":"pa_region-kentucky-sv","13":"pa_traefad-american-white-oak-casks-sv","14":"pa_volume-170-sv","16":"first","17":"instock","18":"taxable","19":"shipping-taxable","20":"purchasable","21":"product-type-simple"},"bundled_by":[],"bundle_stock_status":"instock","bundle_stock_quantity":null,"bundle_virtual":false,"bundle_layout":"","bundle_add_to_cart_form_location":"","bundle_editable_in_cart":false,"bundle_sold_individually_context":"","bundle_item_grouping":"","bundle_min_size":"","bundle_max_size":"","bundle_price":[],"bundled_items":[],"bundle_sell_ids":[],"acf":[],"_links":{"self":[{"href":"https:\/\/www.raschvin.com\/sv\/wp-json\/wp\/v2\/product\/39693","targetHints":{"allow":["GET"]}}],"collection":[{"href":"https:\/\/www.raschvin.com\/sv\/wp-json\/wp\/v2\/product"}],"about":[{"href":"https:\/\/www.raschvin.com\/sv\/wp-json\/wp\/v2\/types\/product"}],"wp:featuredmedia":[{"embeddable":true,"href":"https:\/\/www.raschvin.com\/sv\/wp-json\/wp\/v2\/media\/39700"}],"wp:attachment":[{"href":"https:\/\/www.raschvin.com\/sv\/wp-json\/wp\/v2\/media?parent=39693"}],"wp:term":[{"taxonomy":"product_brand","embeddable":true,"href":"https:\/\/www.raschvin.com\/sv\/wp-json\/wp\/v2\/product_brand?post=39693"},{"taxonomy":"product_cat","embeddable":true,"href":"https:\/\/www.raschvin.com\/sv\/wp-json\/wp\/v2\/product_cat?post=39693"},{"taxonomy":"product_tag","embeddable":true,"href":"https:\/\/www.raschvin.com\/sv\/wp-json\/wp\/v2\/product_tag?post=39693"}],"curies":[{"name":"wp","href":"https:\/\/api.w.org\/{rel}","templated":true}]}}