{"id":39687,"date":"2023-09-05T20:42:03","date_gmt":"2023-09-05T18:42:03","guid":{"rendered":"https:\/\/www.raschvin.com\/produkt\/o-p-anderson-extra-eco-70-cl-40\/"},"modified":"2023-09-05T20:43:30","modified_gmt":"2023-09-05T18:43:30","slug":"o-p-anderson-extra-eco-70-cl-40","status":"publish","type":"product","link":"https:\/\/www.raschvin.com\/sv\/produkt\/o-p-anderson-extra-eco-70-cl-40\/","title":{"rendered":"O.P Anderson Extra (ECO) 70 cl. 40%"},"content":{"rendered":"<p>OP. Anderson Extra \u00e4r baserad p\u00e5 klassikern O.P. Anderson kryddor: anis, spiskummin och f\u00e4nk\u00e5l, men tillf\u00f6rs en extra dimension genom tillsats av maltwhisky och oloroso sherry, vilket ger en k\u00e4nsla av torkad frukt, sherry och ek. Smaken avrundas av en l\u00e5ng och komplex eftersmak med inslag av torv.<\/p>\n<p>F\u00e4rg: Ljus gyllene.<br \/>\nDoft: Kummin och f\u00e4nk\u00e5l blandas med sherryliknande toner av torkad frukt.<br \/>\nSmaknoter: Fyllig smak med kryddiga toner av spiskummin, vanilj, m\u00f6rk frukt och en ton av torv.<\/p>\n<p>Serveringsf\u00f6rslag: Passar perfekt till skandinavisk mat som skaldjur, r\u00f6kt lax, olika sorters sill och lagrade ostar.<\/p>\n<p>UPP. Anderson \u00e4r kanske den mest k\u00e4nda svenska akvaviten \u2013 och med goda sk\u00e4l! Sex m\u00e5naders lagring p\u00e5 stora ekfat f\u00f6rvandlar starka toner av anis, spiskummin och f\u00e4nk\u00e5l till en mild och uppfriskande helhet, som passar eminent till b\u00e5de det svenska sm\u00f6rg\u00e5sbordet och det klassiska danska lunchbordet.<\/p>\n<p>Idag, mer \u00e4n 125 \u00e5r efter att O.P. Anderson lanserades, basspriten \u00e4r inte l\u00e4ngre gjord av potatis, utan vete, och b\u00e5de den och resten av ingredienserna \u00e4r ekologiska.<\/p>\n","protected":false},"excerpt":{"rendered":"<p>Swedish Aquavit<\/p>\n","protected":false},"featured_media":39739,"template":"","meta":{"_acf_changed":false,"rs_blank_template":"","rs_page_bg_color":"","slide_template_v7":""},"product_brand":[],"product_cat":[2743,2393],"product_tag":[],"class_list":{"0":"post-39687","1":"product","2":"type-product","3":"status-publish","4":"has-post-thumbnail","6":"product_cat-brannvin-sv","7":"product_cat-akvavit-snaps-sv","8":"pa_land-sverige-sv","9":"pa_procent-40-sv-2","10":"pa_producent-anora-sv","11":"pa_serveringstemperatur-10-14-sv","12":"pa_volume-70-sv-2","14":"first","15":"instock","16":"taxable","17":"shipping-taxable","18":"purchasable","19":"product-type-simple"},"bundled_by":[],"bundle_stock_status":"instock","bundle_stock_quantity":null,"bundle_virtual":false,"bundle_layout":"","bundle_add_to_cart_form_location":"","bundle_editable_in_cart":false,"bundle_sold_individually_context":"","bundle_item_grouping":"","bundle_min_size":"","bundle_max_size":"","bundle_price":[],"bundled_items":[],"bundle_sell_ids":[],"acf":[],"_links":{"self":[{"href":"https:\/\/www.raschvin.com\/sv\/wp-json\/wp\/v2\/product\/39687","targetHints":{"allow":["GET"]}}],"collection":[{"href":"https:\/\/www.raschvin.com\/sv\/wp-json\/wp\/v2\/product"}],"about":[{"href":"https:\/\/www.raschvin.com\/sv\/wp-json\/wp\/v2\/types\/product"}],"wp:featuredmedia":[{"embeddable":true,"href":"https:\/\/www.raschvin.com\/sv\/wp-json\/wp\/v2\/media\/39739"}],"wp:attachment":[{"href":"https:\/\/www.raschvin.com\/sv\/wp-json\/wp\/v2\/media?parent=39687"}],"wp:term":[{"taxonomy":"product_brand","embeddable":true,"href":"https:\/\/www.raschvin.com\/sv\/wp-json\/wp\/v2\/product_brand?post=39687"},{"taxonomy":"product_cat","embeddable":true,"href":"https:\/\/www.raschvin.com\/sv\/wp-json\/wp\/v2\/product_cat?post=39687"},{"taxonomy":"product_tag","embeddable":true,"href":"https:\/\/www.raschvin.com\/sv\/wp-json\/wp\/v2\/product_tag?post=39687"}],"curies":[{"name":"wp","href":"https:\/\/api.w.org\/{rel}","templated":true}]}}