{"id":39635,"date":"2025-04-23T17:37:15","date_gmt":"2025-04-23T15:37:15","guid":{"rendered":"https:\/\/www.raschvin.com\/produkt\/moscato-dasti-d-o-c-g-75-cl\/"},"modified":"2025-04-23T17:38:58","modified_gmt":"2025-04-23T15:38:58","slug":"moscato-dasti-d-o-c-g-75-cl","status":"publish","type":"product","link":"https:\/\/www.raschvin.com\/sv\/produkt\/moscato-dasti-d-o-c-g-75-cl\/","title":{"rendered":"Scanavino &#8211; Moscato d&#8217;Asti D.O.C.G. 75 cl."},"content":{"rendered":"<p>Moscato d&#8217;asti \u00e4r det s\u00f6ta, mousserande vinet fr\u00e5n Piemonte i norra Italien gjort p\u00e5 den h\u00f6garomatiska moscato-druvan, vilket ger vinet dess s\u00f6t-kryddig och uttrycksfull muskotdoft. Endast moscato bianco f\u00e5r anv\u00e4ndas, vilket \u00e4r den b\u00e4sta och mest komplexa sorten av druvan &#8211; \u00e4ven kallad muscat blanc a petit grains n\u00e4r vi kommer v\u00e4ster om Alperna. I Piemonte har druvan en h\u00e4rlig syra, vilket \u00e4r absolut n\u00f6dv\u00e4ndigt n\u00e4r man g\u00f6r framg\u00e5ngsrikt s\u00f6tt vin.<\/p>\n<p>Scanavino Moscato d&#8217;Asti har en s\u00f6t fruktighet som h\u00e5lls helt fr\u00e4sch av druvornas ungdomliga syra och lite kolsyra som ger vinet dess mousserande karakt\u00e4r. Med sin l\u00e5ga alkoholprocent p\u00e5 5,5 volymprocent tilltalar den brett \u2013 fr\u00e5n pr\u00e4sterskapet i Teheran till kranskakan p\u00e5 ny\u00e5rsafton. Trots sin stora intensitet k\u00e4nns vinet l\u00e4tt och elegant p\u00e5 samma g\u00e5ng.<\/p>\n<p>Den passar till f\u00e4rsk frukt, fruktsallad och \u00e4ven kranskaka som med sin intensiva s\u00f6tma annars d\u00f6dar n\u00e4stan vilket vin som helst. Och det \u00e4r f\u00f6rresten ett av ytterst f\u00e5 viner som faktiskt g\u00e5r att avnjuta till b\u00e5de sorbet och glass. N\u00e4r det \u00e4r b\u00e4rs\u00e4song med jordgubbar och hallon \u00e4r moscato d&#8217;asti det perfekta tillbeh\u00f6ret. Inte heller d\u00e5ligt fungerade som terrasstillbeh\u00f6r n\u00e4r den s\u00e4llsynta v\u00e4rmeb\u00f6ljan sl\u00e5r mot nationen.<\/p>\n<p>Avnjuts v\u00e4ldigt kall fr\u00e5n kylen som numer\u00e4rt ligger runt 4-5\u00b0.<\/p>\n","protected":false},"excerpt":{"rendered":"<p>Sweet Bubbly Wine &#8211; Italy<\/p>\n","protected":false},"featured_media":87407,"template":"","meta":{"_acf_changed":false,"rs_blank_template":"","rs_page_bg_color":"","slide_template_v7":""},"product_brand":[],"product_cat":[2779,2776,2788,2792],"product_tag":[],"class_list":{"0":"post-39635","1":"product","2":"type-product","3":"status-publish","4":"has-post-thumbnail","6":"product_cat-andra","7":"product_cat-mousserende-sv","8":"product_cat-vin-sv","9":"product_cat-vitt-vin","10":"pa_drue-moscato-sv","11":"pa_land-italien-sv","12":"pa_procent-5-5-sv","13":"pa_producent-scanavino-sv","14":"pa_region-piemonte-sv","15":"pa_serveringstemperatur-4-5-sv","16":"pa_volume-75-sv","18":"first","19":"instock","20":"taxable","21":"shipping-taxable","22":"purchasable","23":"product-type-simple"},"bundled_by":[],"bundle_stock_status":"instock","bundle_stock_quantity":null,"bundle_virtual":false,"bundle_layout":"","bundle_add_to_cart_form_location":"","bundle_editable_in_cart":false,"bundle_sold_individually_context":"","bundle_item_grouping":"","bundle_min_size":"","bundle_max_size":"","bundle_price":[],"bundled_items":[],"bundle_sell_ids":[],"acf":[],"_links":{"self":[{"href":"https:\/\/www.raschvin.com\/sv\/wp-json\/wp\/v2\/product\/39635","targetHints":{"allow":["GET"]}}],"collection":[{"href":"https:\/\/www.raschvin.com\/sv\/wp-json\/wp\/v2\/product"}],"about":[{"href":"https:\/\/www.raschvin.com\/sv\/wp-json\/wp\/v2\/types\/product"}],"wp:featuredmedia":[{"embeddable":true,"href":"https:\/\/www.raschvin.com\/sv\/wp-json\/wp\/v2\/media\/87407"}],"wp:attachment":[{"href":"https:\/\/www.raschvin.com\/sv\/wp-json\/wp\/v2\/media?parent=39635"}],"wp:term":[{"taxonomy":"product_brand","embeddable":true,"href":"https:\/\/www.raschvin.com\/sv\/wp-json\/wp\/v2\/product_brand?post=39635"},{"taxonomy":"product_cat","embeddable":true,"href":"https:\/\/www.raschvin.com\/sv\/wp-json\/wp\/v2\/product_cat?post=39635"},{"taxonomy":"product_tag","embeddable":true,"href":"https:\/\/www.raschvin.com\/sv\/wp-json\/wp\/v2\/product_tag?post=39635"}],"curies":[{"name":"wp","href":"https:\/\/api.w.org\/{rel}","templated":true}]}}