{"id":39612,"date":"2023-09-04T08:32:32","date_gmt":"2023-09-04T06:32:32","guid":{"rendered":"https:\/\/www.raschvin.com\/produkt\/ga-jol-original-blaabaer-100-cl-164\/"},"modified":"2023-09-04T08:32:32","modified_gmt":"2023-09-04T06:32:32","slug":"ga-jol-original-blaabaer-100-cl-164","status":"publish","type":"product","link":"https:\/\/www.raschvin.com\/sv\/produkt\/ga-jol-original-blaabaer-100-cl-164\/","title":{"rendered":"Ga-Jol Original Bl\u00e5b\u00e6r 100 cl. 16,4%"},"content":{"rendered":"<p>H\u00e4r \u00e4r den ursprungliga Gajol Blueberry Vodka Shot, en uppfriskande smak av bl\u00e5b\u00e4r blandat med premiumvodka, vilket ger en betydligt b\u00e4ttre kvalitet \u00e4n m\u00e5nga andra vodkashots.<br \/>\nNjut av Gajol Blueberry Vodka Shot kyld i snapsglas.<\/p>\n<p>UNITED DRYCK<\/p>\n<p>United Drinks \u00e4r ett familje\u00e4gt spritf\u00f6retag som har funnits sedan 1999 och \u00e4ger varum\u00e4rkena FISK och SURE FISK samt licens att anv\u00e4nda varum\u00e4rkena<br \/>\nGA-JOL, ANTHON BERG och N\u00d8RREGADE.<\/p>\n<p>De utvecklar kontinuerligt nya produkter f\u00f6r b\u00e5de den nordiska och internationella marknaden. GA-JOL, FISK och SURE FISK skott \u00e4r marknadsledande i Danmark och exporteras till ett stort antal l\u00e4nder inklusive: Sverige, Norge, Finland, Island, Gr\u00f6nland, F\u00e4r\u00f6arna, Baltikum, Schweiz, Frankrike, Spanien, Grekland och Thailand.<\/p>\n","protected":false},"excerpt":{"rendered":"<p>Danish Licorice Shot<\/p>\n","protected":false},"featured_media":39835,"template":"","meta":{"_acf_changed":false,"rs_blank_template":"","rs_page_bg_color":"","slide_template_v7":""},"product_brand":[],"product_cat":[2387,4666,2402,2390,2407],"product_tag":[],"class_list":{"0":"post-39612","1":"product","2":"type-product","3":"status-publish","4":"has-post-thumbnail","6":"product_cat-avec-sv","7":"product_cat-lakrits-sprit","8":"product_cat-sprit-sv","9":"product_cat-sprit","10":"product_cat-shots-sv","11":"pa_land-danmark-sv","12":"pa_procent-16-4-sv","13":"pa_producent-united-drinks-sv","14":"pa_serveringstemperatur-8-10-sv","15":"pa_volume-100-sv","17":"first","18":"instock","19":"sale","20":"taxable","21":"shipping-taxable","22":"purchasable","23":"product-type-simple"},"bundled_by":[],"bundle_stock_status":"instock","bundle_stock_quantity":null,"bundle_virtual":false,"bundle_layout":"","bundle_add_to_cart_form_location":"","bundle_editable_in_cart":false,"bundle_sold_individually_context":"","bundle_item_grouping":"","bundle_min_size":"","bundle_max_size":"","bundle_price":[],"bundled_items":[],"bundle_sell_ids":[],"acf":[],"_links":{"self":[{"href":"https:\/\/www.raschvin.com\/sv\/wp-json\/wp\/v2\/product\/39612","targetHints":{"allow":["GET"]}}],"collection":[{"href":"https:\/\/www.raschvin.com\/sv\/wp-json\/wp\/v2\/product"}],"about":[{"href":"https:\/\/www.raschvin.com\/sv\/wp-json\/wp\/v2\/types\/product"}],"wp:featuredmedia":[{"embeddable":true,"href":"https:\/\/www.raschvin.com\/sv\/wp-json\/wp\/v2\/media\/39835"}],"wp:attachment":[{"href":"https:\/\/www.raschvin.com\/sv\/wp-json\/wp\/v2\/media?parent=39612"}],"wp:term":[{"taxonomy":"product_brand","embeddable":true,"href":"https:\/\/www.raschvin.com\/sv\/wp-json\/wp\/v2\/product_brand?post=39612"},{"taxonomy":"product_cat","embeddable":true,"href":"https:\/\/www.raschvin.com\/sv\/wp-json\/wp\/v2\/product_cat?post=39612"},{"taxonomy":"product_tag","embeddable":true,"href":"https:\/\/www.raschvin.com\/sv\/wp-json\/wp\/v2\/product_tag?post=39612"}],"curies":[{"name":"wp","href":"https:\/\/api.w.org\/{rel}","templated":true}]}}