{"id":39609,"date":"2024-09-09T19:00:03","date_gmt":"2024-09-09T17:00:03","guid":{"rendered":"https:\/\/www.raschvin.com\/produkt\/dansk-mjoed-odins-skull-75-cl-19\/"},"modified":"2023-09-04T08:25:03","modified_gmt":"2023-09-04T06:25:03","slug":"dansk-mjoed-odins-skull-75-cl-19","status":"publish","type":"product","link":"https:\/\/www.raschvin.com\/sv\/produkt\/dansk-mjoed-odins-skull-75-cl-19\/","title":{"rendered":"Dansk Mj\u00f8d \u2013 Odin&#8217;s Skull 75 cl. 19%"},"content":{"rendered":"<p>Oden, h\u00f6vdingen f\u00f6r de nordiska gudarna, \u00e4r en av de mest framst\u00e5ende och komplexa karakt\u00e4rerna i nordisk mytologi. Enligt legenden om Suttungs mj\u00f6d stal Oden det f\u00f6rsta mj\u00f6det fr\u00e5n j\u00e4ttarna. Bryggad av honung och blod fr\u00e5n Kvasir, den klokaste m\u00e4nniskan som n\u00e5gonsin hade levt, genomsyrade den d\u00e4rf\u00f6r den som drack den med \u00f6vernaturliga krafter, inklusive exceptionella poetiska f\u00f6rm\u00e5gor.<\/p>\n<p>Vi kan inte lova dig \u00f6vernaturliga poetiska f\u00e4rdigheter efter att ha druckit Odins skalle, men den karakteristiska smaken av kanel och \u00e4pple \u00e4r i sig o\u00f6vertr\u00e4ffad.<\/p>\n<p>En fr\u00e4sch, kryddig mj\u00f6d med humle, syrlig \u00e4ppeljuice och en hint av kanel.<\/p>\n<p>Ingredienser:<br \/>\nHonung<br \/>\nVatten<br \/>\nHoppsan<br \/>\nSaft fr\u00e5n syrliga \u00e4pplen<br \/>\nKanel<br \/>\n19% vol.<\/p>\n","protected":false},"excerpt":{"rendered":"<p>Danish Mead<\/p>\n","protected":false},"featured_media":39871,"template":"","meta":{"_acf_changed":false,"rs_blank_template":"","rs_page_bg_color":"","slide_template_v7":""},"product_brand":[],"product_cat":[2765,2788,4427],"product_tag":[],"class_list":{"0":"post-39609","1":"product","2":"type-product","3":"status-publish","4":"has-post-thumbnail","6":"product_cat-hedvin-sv","7":"product_cat-vin-sv","8":"product_cat-mjod","9":"pa_land-danmark-sv","10":"pa_procent-19-sv","11":"pa_producent-dansk-mjoed-sv","12":"pa_region-billund-sv","13":"pa_volume-75-sv","15":"first","16":"instock","17":"sale","18":"taxable","19":"shipping-taxable","20":"purchasable","21":"product-type-simple"},"bundled_by":[],"bundle_stock_status":"instock","bundle_stock_quantity":null,"bundle_virtual":false,"bundle_layout":"","bundle_add_to_cart_form_location":"","bundle_editable_in_cart":false,"bundle_sold_individually_context":"","bundle_item_grouping":"","bundle_min_size":"","bundle_max_size":"","bundle_price":[],"bundled_items":[],"bundle_sell_ids":[],"acf":[],"_links":{"self":[{"href":"https:\/\/www.raschvin.com\/sv\/wp-json\/wp\/v2\/product\/39609","targetHints":{"allow":["GET"]}}],"collection":[{"href":"https:\/\/www.raschvin.com\/sv\/wp-json\/wp\/v2\/product"}],"about":[{"href":"https:\/\/www.raschvin.com\/sv\/wp-json\/wp\/v2\/types\/product"}],"wp:featuredmedia":[{"embeddable":true,"href":"https:\/\/www.raschvin.com\/sv\/wp-json\/wp\/v2\/media\/39871"}],"wp:attachment":[{"href":"https:\/\/www.raschvin.com\/sv\/wp-json\/wp\/v2\/media?parent=39609"}],"wp:term":[{"taxonomy":"product_brand","embeddable":true,"href":"https:\/\/www.raschvin.com\/sv\/wp-json\/wp\/v2\/product_brand?post=39609"},{"taxonomy":"product_cat","embeddable":true,"href":"https:\/\/www.raschvin.com\/sv\/wp-json\/wp\/v2\/product_cat?post=39609"},{"taxonomy":"product_tag","embeddable":true,"href":"https:\/\/www.raschvin.com\/sv\/wp-json\/wp\/v2\/product_tag?post=39609"}],"curies":[{"name":"wp","href":"https:\/\/api.w.org\/{rel}","templated":true}]}}