{"id":39606,"date":"2023-09-04T08:14:25","date_gmt":"2023-09-04T06:14:25","guid":{"rendered":"https:\/\/www.raschvin.com\/produkt\/gordons-tropical-passionfruit-distilled-gin-70-cl-375\/"},"modified":"2023-09-04T08:14:25","modified_gmt":"2023-09-04T06:14:25","slug":"gordons-tropical-passionfruit-distilled-gin-70-cl-375","status":"publish","type":"product","link":"https:\/\/www.raschvin.com\/sv\/produkt\/gordons-tropical-passionfruit-distilled-gin-70-cl-375\/","title":{"rendered":"Gordon\u2019s \u2013 Tropical Passionfruit Distilled Gin 70 cl. 37,5%"},"content":{"rendered":"<p>Gordon&#8217;s Tropical Gin med passionsfruktsmak \u00e4r gjord av ingredienser av h\u00f6gsta kvalitet och 100 % naturliga smak\u00e4mnen. Det \u00e4r en l\u00e4cker, fr\u00e4sch och behaglig gin med tropiska och s\u00f6ta toner av mogen passionsfrukt och fint balanserad med den klassiska smaken av Gordons. Vi rekommenderar att ginen avnjuts i drinkar och cocktails.<\/p>\n<p>Gordon&#8217;s Tropical Passionfruit Destillered Gin \u00e4r ett uts\u00f6kt alternativ f\u00f6r dem som vill smutta p\u00e5 n\u00e5got mer exotiskt, perfekt f\u00f6r att njuta av utekv\u00e4llar med v\u00e4nner och f\u00f6r dem som letar efter en smak av n\u00e5got lite tropiskt i sommar. Den fruktiga smaken av passionsfrukt blandas perfekt med de botaniska ingredienserna i den ursprungliga Gordon&#8217;s London Dry f\u00f6r att leverera en uts\u00f6kt krispig och saftig smak. En enkel servering som inte kompromissar med smaken.<\/p>\n","protected":false},"excerpt":{"rendered":"<p>London Flavoured Gin<\/p>\n","protected":false},"featured_media":39841,"template":"","meta":{"_acf_changed":false,"rs_blank_template":"","rs_page_bg_color":"","slide_template_v7":""},"product_brand":[],"product_cat":[4700,2402,2404],"product_tag":[],"class_list":{"0":"post-39606","1":"product","2":"type-product","3":"status-publish","4":"has-post-thumbnail","6":"product_cat-flavoured-gin-sv","7":"product_cat-sprit-sv","8":"product_cat-gin-sv","9":"pa_land-england-sv","10":"pa_procent-37-5-sv","11":"pa_producent-diageo-sv","12":"pa_volume-70-sv-2","14":"first","15":"instock","16":"taxable","17":"shipping-taxable","18":"purchasable","19":"product-type-simple"},"bundled_by":[],"bundle_stock_status":"instock","bundle_stock_quantity":null,"bundle_virtual":false,"bundle_layout":"","bundle_add_to_cart_form_location":"","bundle_editable_in_cart":false,"bundle_sold_individually_context":"","bundle_item_grouping":"","bundle_min_size":"","bundle_max_size":"","bundle_price":[],"bundled_items":[],"bundle_sell_ids":[],"acf":[],"_links":{"self":[{"href":"https:\/\/www.raschvin.com\/sv\/wp-json\/wp\/v2\/product\/39606","targetHints":{"allow":["GET"]}}],"collection":[{"href":"https:\/\/www.raschvin.com\/sv\/wp-json\/wp\/v2\/product"}],"about":[{"href":"https:\/\/www.raschvin.com\/sv\/wp-json\/wp\/v2\/types\/product"}],"wp:featuredmedia":[{"embeddable":true,"href":"https:\/\/www.raschvin.com\/sv\/wp-json\/wp\/v2\/media\/39841"}],"wp:attachment":[{"href":"https:\/\/www.raschvin.com\/sv\/wp-json\/wp\/v2\/media?parent=39606"}],"wp:term":[{"taxonomy":"product_brand","embeddable":true,"href":"https:\/\/www.raschvin.com\/sv\/wp-json\/wp\/v2\/product_brand?post=39606"},{"taxonomy":"product_cat","embeddable":true,"href":"https:\/\/www.raschvin.com\/sv\/wp-json\/wp\/v2\/product_cat?post=39606"},{"taxonomy":"product_tag","embeddable":true,"href":"https:\/\/www.raschvin.com\/sv\/wp-json\/wp\/v2\/product_tag?post=39606"}],"curies":[{"name":"wp","href":"https:\/\/api.w.org\/{rel}","templated":true}]}}