{"id":39090,"date":"2024-11-30T09:44:04","date_gmt":"2024-11-30T08:44:04","guid":{"rendered":"https:\/\/www.raschvin.com\/produkt\/fundador-fine-brandy-sherry-cask-100-cl-40\/"},"modified":"2026-03-31T08:01:22","modified_gmt":"2026-03-31T06:01:22","slug":"fundador-fine-brandy-sherry-cask-100-cl-40","status":"publish","type":"product","link":"https:\/\/www.raschvin.com\/sv\/produkt\/fundador-fine-brandy-sherry-cask-100-cl-40\/","title":{"rendered":"Fundador Fine Brandy Sherry Cask 100 cl. 36%"},"content":{"rendered":"<p>Fundador \u00e4r en av sherrytriangelns mest k\u00e4nda konjak. Namnet betyder ungef\u00e4r &#8221;grundare&#8221; &#8211; och det \u00e4r v\u00e4l valt, f\u00f6r n\u00e4r det lanserades redan p\u00e5 1870-talet av Pedro Domecq var det f\u00f6rmodligen den f\u00f6rsta spriten med titeln &#8221;Brandy de Jerez&#8221;. Den \u00e4r gjord av air\u00e9n- och palomino-druvor och destilleras i kolonnstills innan den lagras p\u00e5 gamla sherryfat.<\/p>\n<p>Grundaren Sherry Cask, \u00e4r en Brandy Solera av den specifika beteckningen Brandy de Jerez. Den \u00e4r gjord av h\u00f6gt utvalda viner f\u00f6r destillation i kolonner (apparat f\u00f6r kontinuerlig destillation), och erh\u00e5ller sprit av h\u00f6gsta kvalitet fr\u00e5n dem. Dessa \u00e4r omsorgsfullt lagrade p\u00e5 500-liters ekfat som tidigare packats med de uts\u00f6kta Jerez-vinerna med det traditionella dynamiska systemet Soleras och Criaderas.<\/p>\n<p>Fundador Sherry Cask \u00e4r den sublima kombinationen av sprit och destillat och bidraget fr\u00e5n vin som Sherry Casks ger under deras lagring, vilket g\u00f6r Fundador Solera Sherry Cask till en unik konjak i stil, harmoni och elegans.<\/p>\n<p>smaknot<br \/>\nVid synen framtr\u00e4der dess mycket ljusa b\u00e4rnstensf\u00e4rgade f\u00e4rg. P\u00e5 n\u00e4san \u00e4r det en mycket komplex och balanserad konjak, med toner av \u00e4deltr\u00e4 och vinositet fr\u00e5n faten som anv\u00e4nds i dess lagring. P\u00e5 gommen \u00e4r den harmonisk, mjuk och vin\u00f6s. Det \u00e4r en anm\u00e4rkningsv\u00e4rd konjak med en behaglig uth\u00e5llighet.<\/p>\n<p>Pedro Domecq grundades officiellt 1822. De var den f\u00f6rsta tillverkaren av konjak i Jerez, och faktiskt \u00e4r br\u00e4nnvin ocks\u00e5 det sista som finns kvar av Pedro Domecq idag. Trots att de gjorde fantastisk sherry under ett antal \u00e5r har f\u00f6retagets vinsida s\u00e5lts av flera g\u00e5nger, och n\u00e4r husets vinverksamhet definitivt dukade under s\u00e5lde moderbolaget Beam Global sina gamla solerasystem (som Domecq sj\u00e4lv hade k\u00f6pt fr\u00e5n \u00e4ven \u00e4ldre f\u00f6retag). Osborne var snabba med att f\u00e5nga upp dessa skatter och det \u00e4r nu under deras fana som de legendariska vinerna; 51-1a, Capuchino, Sibarita och Venerable, buteljeras.<\/p>\n","protected":false},"excerpt":{"rendered":"<p>Brandy de Jerez \u2013 Spain<\/p>\n","protected":false},"featured_media":39209,"template":"","meta":{"_acf_changed":false,"rs_blank_template":"","rs_page_bg_color":"","slide_template_v7":""},"product_brand":[],"product_cat":[2395,9305],"product_tag":[],"class_list":{"0":"post-39090","1":"product","2":"type-product","3":"status-publish","4":"has-post-thumbnail","6":"product_cat-brandy-sv","7":"product_cat-spansk-brandy","8":"pa_land-spanien-sv","9":"pa_procent-36-sv","10":"pa_producent-the-emperador-group-sv","11":"pa_region-jerez-sv","12":"pa_traefad-sherry-sv","13":"pa_volume-100-sv","15":"first","16":"instock","17":"taxable","18":"shipping-taxable","19":"purchasable","20":"product-type-simple"},"bundled_by":[],"bundle_stock_status":"instock","bundle_stock_quantity":null,"bundle_virtual":false,"bundle_layout":"","bundle_add_to_cart_form_location":"","bundle_editable_in_cart":false,"bundle_sold_individually_context":"","bundle_item_grouping":"","bundle_min_size":"","bundle_max_size":"","bundle_price":[],"bundled_items":[],"bundle_sell_ids":[],"acf":[],"_links":{"self":[{"href":"https:\/\/www.raschvin.com\/sv\/wp-json\/wp\/v2\/product\/39090","targetHints":{"allow":["GET"]}}],"collection":[{"href":"https:\/\/www.raschvin.com\/sv\/wp-json\/wp\/v2\/product"}],"about":[{"href":"https:\/\/www.raschvin.com\/sv\/wp-json\/wp\/v2\/types\/product"}],"wp:featuredmedia":[{"embeddable":true,"href":"https:\/\/www.raschvin.com\/sv\/wp-json\/wp\/v2\/media\/39209"}],"wp:attachment":[{"href":"https:\/\/www.raschvin.com\/sv\/wp-json\/wp\/v2\/media?parent=39090"}],"wp:term":[{"taxonomy":"product_brand","embeddable":true,"href":"https:\/\/www.raschvin.com\/sv\/wp-json\/wp\/v2\/product_brand?post=39090"},{"taxonomy":"product_cat","embeddable":true,"href":"https:\/\/www.raschvin.com\/sv\/wp-json\/wp\/v2\/product_cat?post=39090"},{"taxonomy":"product_tag","embeddable":true,"href":"https:\/\/www.raschvin.com\/sv\/wp-json\/wp\/v2\/product_tag?post=39090"}],"curies":[{"name":"wp","href":"https:\/\/api.w.org\/{rel}","templated":true}]}}