{"id":39077,"date":"2023-08-10T13:37:16","date_gmt":"2023-08-10T11:37:16","guid":{"rendered":"https:\/\/www.raschvin.com\/produkt\/koskenkorva-ginger-50-cl-21\/"},"modified":"2023-08-10T13:37:16","modified_gmt":"2023-08-10T11:37:16","slug":"koskenkorva-ginger-50-cl-21","status":"publish","type":"product","link":"https:\/\/www.raschvin.com\/sv\/produkt\/koskenkorva-ginger-50-cl-21\/","title":{"rendered":"Koskenkorva Ginger 50 cl. 21%"},"content":{"rendered":"<p>Koskenkorva ingef\u00e4rashot \u00e4r en nyhet i Koskenkorvas sortiment av lik\u00f6rer. Det \u00e4r en fr\u00e4sch kombination av \u00e4kta ingef\u00e4ra, saftig citrus och Koskenkorva vodka. Den har ocks\u00e5 mindre socker \u00e4n vad lik\u00f6rer brukar ha. Frisk smak med en stark, pirrande ingef\u00e4ra och saftig citrus. Uppfriskande eftersmak med en behaglig br\u00e4nnande k\u00e4nsla. Koskenkorva Ginger \u00e4r redo att avnjutas som shot eller som ingrediens till en uts\u00f6kt cocktail.<\/p>\n<p>F\u00e4rsk ingef\u00e4ra och citronskal infunderad med vodka. Alkoholen har sedan dess reducerats till en volymprocent p\u00e5 21 %.<\/p>\n","protected":false},"excerpt":{"rendered":"<p>Flavored Vodka Liqueur<\/p>\n","protected":false},"featured_media":39113,"template":"","meta":{"_acf_changed":false,"rs_blank_template":"","rs_page_bg_color":"","slide_template_v7":""},"product_brand":[],"product_cat":[2387,4670,2407,2390,2402],"product_tag":[],"class_list":{"0":"post-39077","1":"product","2":"type-product","3":"status-publish","4":"has-post-thumbnail","6":"product_cat-avec-sv","7":"product_cat-frukt","8":"product_cat-shots-sv","9":"product_cat-sprit","10":"product_cat-sprit-sv","11":"pa_land-finland-sv","12":"pa_procent-21-sv","13":"pa_producent-koskenkorva-sv","14":"pa_volume-50-sv","16":"first","17":"instock","18":"sale","19":"taxable","20":"shipping-taxable","21":"purchasable","22":"product-type-simple"},"bundled_by":[],"bundle_stock_status":"instock","bundle_stock_quantity":null,"bundle_virtual":false,"bundle_layout":"","bundle_add_to_cart_form_location":"","bundle_editable_in_cart":false,"bundle_sold_individually_context":"","bundle_item_grouping":"","bundle_min_size":"","bundle_max_size":"","bundle_price":[],"bundled_items":[],"bundle_sell_ids":[],"acf":[],"_links":{"self":[{"href":"https:\/\/www.raschvin.com\/sv\/wp-json\/wp\/v2\/product\/39077","targetHints":{"allow":["GET"]}}],"collection":[{"href":"https:\/\/www.raschvin.com\/sv\/wp-json\/wp\/v2\/product"}],"about":[{"href":"https:\/\/www.raschvin.com\/sv\/wp-json\/wp\/v2\/types\/product"}],"wp:featuredmedia":[{"embeddable":true,"href":"https:\/\/www.raschvin.com\/sv\/wp-json\/wp\/v2\/media\/39113"}],"wp:attachment":[{"href":"https:\/\/www.raschvin.com\/sv\/wp-json\/wp\/v2\/media?parent=39077"}],"wp:term":[{"taxonomy":"product_brand","embeddable":true,"href":"https:\/\/www.raschvin.com\/sv\/wp-json\/wp\/v2\/product_brand?post=39077"},{"taxonomy":"product_cat","embeddable":true,"href":"https:\/\/www.raschvin.com\/sv\/wp-json\/wp\/v2\/product_cat?post=39077"},{"taxonomy":"product_tag","embeddable":true,"href":"https:\/\/www.raschvin.com\/sv\/wp-json\/wp\/v2\/product_tag?post=39077"}],"curies":[{"name":"wp","href":"https:\/\/api.w.org\/{rel}","templated":true}]}}