{"id":39074,"date":"2023-08-10T13:29:49","date_gmt":"2023-08-10T11:29:49","guid":{"rendered":"https:\/\/www.raschvin.com\/produkt\/koskenkorva-espresso-50-cl-21\/"},"modified":"2023-08-10T13:29:49","modified_gmt":"2023-08-10T11:29:49","slug":"koskenkorva-espresso-50-cl-21","status":"publish","type":"product","link":"https:\/\/www.raschvin.com\/sv\/produkt\/koskenkorva-espresso-50-cl-21\/","title":{"rendered":"Koskenkorva Espresso 50 cl. 21%"},"content":{"rendered":"<p>Koskenkorva Espresso Liqueur \u00e4r en stark och fyllig kaffelik\u00f6r med en intensiv smak. Den kraftfulla smaken av m\u00f6rkrostat kaffe kompletteras med toner av m\u00f6rk choklad och karamell. Lik\u00f6ren \u00e4r gjord p\u00e5 100 % Arabicab\u00f6nor, och \u00e4r ett sj\u00e4lvklart val i moderna klassiker som Espresso Martinis och White Russians, eller som en extra krydda i en h\u00e4rlig efterr\u00e4tt.<\/p>\n","protected":false},"excerpt":{"rendered":"<p>Espresso Coffee Liqueur<\/p>\n","protected":false},"featured_media":39197,"template":"","meta":{"_acf_changed":false,"rs_blank_template":"","rs_page_bg_color":"","slide_template_v7":""},"product_brand":[],"product_cat":[2387,4684,2390],"product_tag":[],"class_list":{"0":"post-39074","1":"product","2":"type-product","3":"status-publish","4":"has-post-thumbnail","6":"product_cat-avec-sv","7":"product_cat-kaffelikor","8":"product_cat-sprit","9":"pa_land-finland-sv","10":"pa_procent-21-sv","11":"pa_producent-koskenkorva-sv","12":"pa_volume-50-sv","14":"first","15":"instock","16":"sale","17":"taxable","18":"shipping-taxable","19":"purchasable","20":"product-type-simple"},"bundled_by":[],"bundle_stock_status":"instock","bundle_stock_quantity":null,"bundle_virtual":false,"bundle_layout":"","bundle_add_to_cart_form_location":"","bundle_editable_in_cart":false,"bundle_sold_individually_context":"","bundle_item_grouping":"","bundle_min_size":"","bundle_max_size":"","bundle_price":[],"bundled_items":[],"bundle_sell_ids":[],"acf":[],"_links":{"self":[{"href":"https:\/\/www.raschvin.com\/sv\/wp-json\/wp\/v2\/product\/39074","targetHints":{"allow":["GET"]}}],"collection":[{"href":"https:\/\/www.raschvin.com\/sv\/wp-json\/wp\/v2\/product"}],"about":[{"href":"https:\/\/www.raschvin.com\/sv\/wp-json\/wp\/v2\/types\/product"}],"wp:featuredmedia":[{"embeddable":true,"href":"https:\/\/www.raschvin.com\/sv\/wp-json\/wp\/v2\/media\/39197"}],"wp:attachment":[{"href":"https:\/\/www.raschvin.com\/sv\/wp-json\/wp\/v2\/media?parent=39074"}],"wp:term":[{"taxonomy":"product_brand","embeddable":true,"href":"https:\/\/www.raschvin.com\/sv\/wp-json\/wp\/v2\/product_brand?post=39074"},{"taxonomy":"product_cat","embeddable":true,"href":"https:\/\/www.raschvin.com\/sv\/wp-json\/wp\/v2\/product_cat?post=39074"},{"taxonomy":"product_tag","embeddable":true,"href":"https:\/\/www.raschvin.com\/sv\/wp-json\/wp\/v2\/product_tag?post=39074"}],"curies":[{"name":"wp","href":"https:\/\/api.w.org\/{rel}","templated":true}]}}