{"id":38930,"date":"2023-08-04T07:59:20","date_gmt":"2023-08-04T05:59:20","guid":{"rendered":"https:\/\/www.raschvin.com\/produkt\/koskenkorva-rhubarb-50-cl-21\/"},"modified":"2023-08-04T07:59:20","modified_gmt":"2023-08-04T05:59:20","slug":"koskenkorva-rhubarb-50-cl-21","status":"publish","type":"product","link":"https:\/\/www.raschvin.com\/sv\/produkt\/koskenkorva-rhubarb-50-cl-21\/","title":{"rendered":"Koskenkorva Rhubarb 50 cl. 21%"},"content":{"rendered":"<p>V\u00e4lbalanserad och h\u00e4lsosam, gjord p\u00e5 f\u00e4rsk rabarber och granat\u00e4pple. Doften \u00e4r frisk av rabarber med en fruktig underton av granat\u00e4pple.<\/p>\n<p>Koskenkorva Rabarber \u00e4r det senaste tillskottet i Koskenkorvas lik\u00f6rportf\u00f6lj och \u00e4r gjord p\u00e5 f\u00e4rsk rabarber och granat\u00e4pple. Tillsammans med basen av Koskenkorva vodka bildar de naturliga ingredienserna en s\u00f6t kombination mellan s\u00f6tt och syrligt och uppvisar b\u00e5de en genuin och harmonisk smak.<\/p>\n<p>Koskenkorva Rabarber med sin inbjudande rosa gl\u00e4nsande f\u00e4rg \u00e4r en perfekt dryck att servera kall som den \u00e4r eller att anv\u00e4nda som bas i uppfriskande drycker tillsammans med andra passande tillbeh\u00f6r. Alkoholhalten \u00e4r 21% och liksom m\u00e4rkets \u00f6vriga lik\u00f6rer presenteras den i en tidl\u00f6s glasflaska med en unik tr\u00e4propp.<\/p>\n<p>Rekommendation<\/p>\n<p>Drick kall som den \u00e4r eller anv\u00e4nd som ingrediens i en god cocktail.<\/p>\n<p>Testa till exempel att blanda en fruktig rabarber. Fyll ett vinglas med is och h\u00e4ll i 40 ml Koskenkorva Rabarber, 60 ml tranb\u00e4rsjuice och 60 ml tonic R\u00f6r om och garnera med en apelsinskiva. Klar!<\/p>\n","protected":false},"excerpt":{"rendered":"<p>Flavored Vodka Liqueur<\/p>\n","protected":false},"featured_media":38963,"template":"","meta":{"_acf_changed":false,"rs_blank_template":"","rs_page_bg_color":"","slide_template_v7":""},"product_brand":[],"product_cat":[2387,4670,2407,2390,2402],"product_tag":[],"class_list":{"0":"post-38930","1":"product","2":"type-product","3":"status-publish","4":"has-post-thumbnail","6":"product_cat-avec-sv","7":"product_cat-frukt","8":"product_cat-shots-sv","9":"product_cat-sprit","10":"product_cat-sprit-sv","11":"pa_land-finland-sv","12":"pa_procent-21-sv","13":"pa_producent-koskenkorva-sv","14":"pa_volume-50-sv","16":"first","17":"instock","18":"sale","19":"taxable","20":"shipping-taxable","21":"purchasable","22":"product-type-simple"},"bundled_by":[],"bundle_stock_status":"instock","bundle_stock_quantity":null,"bundle_virtual":false,"bundle_layout":"","bundle_add_to_cart_form_location":"","bundle_editable_in_cart":false,"bundle_sold_individually_context":"","bundle_item_grouping":"","bundle_min_size":"","bundle_max_size":"","bundle_price":[],"bundled_items":[],"bundle_sell_ids":[],"acf":[],"_links":{"self":[{"href":"https:\/\/www.raschvin.com\/sv\/wp-json\/wp\/v2\/product\/38930","targetHints":{"allow":["GET"]}}],"collection":[{"href":"https:\/\/www.raschvin.com\/sv\/wp-json\/wp\/v2\/product"}],"about":[{"href":"https:\/\/www.raschvin.com\/sv\/wp-json\/wp\/v2\/types\/product"}],"wp:featuredmedia":[{"embeddable":true,"href":"https:\/\/www.raschvin.com\/sv\/wp-json\/wp\/v2\/media\/38963"}],"wp:attachment":[{"href":"https:\/\/www.raschvin.com\/sv\/wp-json\/wp\/v2\/media?parent=38930"}],"wp:term":[{"taxonomy":"product_brand","embeddable":true,"href":"https:\/\/www.raschvin.com\/sv\/wp-json\/wp\/v2\/product_brand?post=38930"},{"taxonomy":"product_cat","embeddable":true,"href":"https:\/\/www.raschvin.com\/sv\/wp-json\/wp\/v2\/product_cat?post=38930"},{"taxonomy":"product_tag","embeddable":true,"href":"https:\/\/www.raschvin.com\/sv\/wp-json\/wp\/v2\/product_tag?post=38930"}],"curies":[{"name":"wp","href":"https:\/\/api.w.org\/{rel}","templated":true}]}}