{"id":38877,"date":"2023-07-29T07:28:00","date_gmt":"2023-07-29T05:28:00","guid":{"rendered":"https:\/\/www.raschvin.com\/produkt\/tanqueray-flor-de-sevilla-gin-100-cl-413\/"},"modified":"2023-07-29T07:28:00","modified_gmt":"2023-07-29T05:28:00","slug":"tanqueray-flor-de-sevilla-gin-100-cl-413","status":"publish","type":"product","link":"https:\/\/www.raschvin.com\/sv\/produkt\/tanqueray-flor-de-sevilla-gin-100-cl-413\/","title":{"rendered":"Tanqueray Flor de Sevilla Gin 100 cl. 41,3%"},"content":{"rendered":"<p>Denna gin bygger p\u00e5 gamla traditioner av h\u00f6g kvalitet och innovation. Mannen bakom destilleriet, Charles Tanqueray, var alltid p\u00e5 jakt efter den finaste ginen \u2013 och i sitt f\u00f6rs\u00f6k att \u00f6verraska ginv\u00e4rlden \u00e5kte han till Spaniens soldr\u00e4nkta lundar p\u00e5 1860-talet. Det har bildat grogrund f\u00f6r ny inspiration och former baserade p\u00e5 Sevilla-apelsiner.<\/p>\n<p>Tanqueray Flor de Sevilla Gin har en fruktig och bitters\u00f6t smak som \u00e4r perfekt avrundad i komplexa smaknyanser. Njut av den med tonic eller ge dina sommarcocktails en fr\u00e4sch twist av citrus.<\/p>\n","protected":false},"excerpt":{"rendered":"<p>The Original London Gin<\/p>\n","protected":false},"featured_media":38942,"template":"","meta":{"_acf_changed":false,"rs_blank_template":"","rs_page_bg_color":"","slide_template_v7":""},"product_brand":[],"product_cat":[2404,4688,2402],"product_tag":[],"class_list":{"0":"post-38877","1":"product","2":"type-product","3":"status-publish","4":"has-post-thumbnail","6":"product_cat-gin-sv","7":"product_cat-london-dry-sv","8":"product_cat-sprit-sv","9":"pa_land-england-sv","10":"pa_procent-41-3-sv","11":"pa_producent-charles-tanqueray-co-sv","12":"pa_volume-100-sv","14":"first","15":"instock","16":"sale","17":"taxable","18":"shipping-taxable","19":"purchasable","20":"product-type-simple"},"bundled_by":[],"bundle_stock_status":"instock","bundle_stock_quantity":null,"bundle_virtual":false,"bundle_layout":"","bundle_add_to_cart_form_location":"","bundle_editable_in_cart":false,"bundle_sold_individually_context":"","bundle_item_grouping":"","bundle_min_size":"","bundle_max_size":"","bundle_price":[],"bundled_items":[],"bundle_sell_ids":[],"acf":[],"_links":{"self":[{"href":"https:\/\/www.raschvin.com\/sv\/wp-json\/wp\/v2\/product\/38877","targetHints":{"allow":["GET"]}}],"collection":[{"href":"https:\/\/www.raschvin.com\/sv\/wp-json\/wp\/v2\/product"}],"about":[{"href":"https:\/\/www.raschvin.com\/sv\/wp-json\/wp\/v2\/types\/product"}],"wp:featuredmedia":[{"embeddable":true,"href":"https:\/\/www.raschvin.com\/sv\/wp-json\/wp\/v2\/media\/38942"}],"wp:attachment":[{"href":"https:\/\/www.raschvin.com\/sv\/wp-json\/wp\/v2\/media?parent=38877"}],"wp:term":[{"taxonomy":"product_brand","embeddable":true,"href":"https:\/\/www.raschvin.com\/sv\/wp-json\/wp\/v2\/product_brand?post=38877"},{"taxonomy":"product_cat","embeddable":true,"href":"https:\/\/www.raschvin.com\/sv\/wp-json\/wp\/v2\/product_cat?post=38877"},{"taxonomy":"product_tag","embeddable":true,"href":"https:\/\/www.raschvin.com\/sv\/wp-json\/wp\/v2\/product_tag?post=38877"}],"curies":[{"name":"wp","href":"https:\/\/api.w.org\/{rel}","templated":true}]}}