{"id":38671,"date":"2023-07-23T20:51:21","date_gmt":"2023-07-23T18:51:21","guid":{"rendered":"https:\/\/www.raschvin.com\/produkt\/marthas-pink-rose-port-75-cl\/"},"modified":"2023-07-23T20:51:21","modified_gmt":"2023-07-23T18:51:21","slug":"marthas-pink-rose-port-75-cl","status":"publish","type":"product","link":"https:\/\/www.raschvin.com\/sv\/produkt\/marthas-pink-rose-port-75-cl\/","title":{"rendered":"Martha&#8217;s Pink Ros\u00e9 Port 75 cl."},"content":{"rendered":"<p>Marthas Pink Port \u00e4r mer \u00e4n en portvin: Det \u00e4r en f\u00f6rfriskande vin till der \u00e4r m\u00e5lrettet dina sanser. Du blir presenterad f\u00f6r noter av r\u00f6da frukter och en intensiv och \u00f6verraskande karakt\u00e4r.<\/p>\n<p>Det \u00e4r en vin framst\u00e4lld ut fr\u00e5n en best\u00e4md vinificeringsprocess, d\u00e4r skindene \u00e4r i kontakt med m\u00e5ste i mindre end 48 timer, vilket ger en intens lyser\u00f8d farve.<\/p>\n<p>Aldringen sker i rustfrie st\u00e5ltanke for at bevare vinens unge og frugtige friskhed. Ideel till cocktails.<\/p>\n<p>Glittrande ROSA<\/p>\n<p>Martha\u2019s Pink Port, Ros\u00e9 bobler, Tonicvand och \u00e4r.<\/p>\n<p>ROSA Caipirinha<\/p>\n<p>Knust \u00e4r, 60 ml Martha&#8217;s Pink Port, Lidt sukkersirup, 30 ml pressad limesaft och 30 ml soda<\/p>\n<p>Cool ROSA Lemonad<\/p>\n<p>70ml Martha&#8217;s Pink Port, 70ml Still lemonad, Club Soda, Lemon wheel och isterninger<\/p>\n<p>Rosa Sangria (Boule)<\/p>\n<p>70ml Martha&#8217;s Pink Port, 90ml Rom, 180ml appelsinjuice, 90ml citronjuice, 40ml sockersirup och isterninger<\/p>\n","protected":false},"excerpt":{"rendered":"<p>Ros\u00e9 Port de Portugal <\/p>\n","protected":false},"featured_media":38678,"template":"","meta":{"_acf_changed":false,"rs_blank_template":"","rs_page_bg_color":"","slide_template_v7":""},"product_brand":[],"product_cat":[2765,2772,6193],"product_tag":[],"class_list":{"0":"post-38671","1":"product","2":"type-product","3":"status-publish","4":"has-post-thumbnail","6":"product_cat-hedvin-sv","7":"product_cat-hamn","8":"product_cat-rose-port-sv","9":"pa_land-portugal-sv","10":"pa_procent-19-sv","11":"pa_producent-marthas-sv","12":"pa_region-douro-sv","13":"pa_serveringstemperatur-10-12-sv-2","14":"pa_volume-75-sv","16":"first","17":"instock","18":"sale","19":"taxable","20":"shipping-taxable","21":"purchasable","22":"product-type-simple"},"bundled_by":["120145"],"bundle_stock_status":"instock","bundle_stock_quantity":null,"bundle_virtual":false,"bundle_layout":"","bundle_add_to_cart_form_location":"","bundle_editable_in_cart":false,"bundle_sold_individually_context":"","bundle_item_grouping":"","bundle_min_size":"","bundle_max_size":"","bundle_price":[],"bundled_items":[],"bundle_sell_ids":[],"acf":[],"_links":{"self":[{"href":"https:\/\/www.raschvin.com\/sv\/wp-json\/wp\/v2\/product\/38671","targetHints":{"allow":["GET"]}}],"collection":[{"href":"https:\/\/www.raschvin.com\/sv\/wp-json\/wp\/v2\/product"}],"about":[{"href":"https:\/\/www.raschvin.com\/sv\/wp-json\/wp\/v2\/types\/product"}],"wp:featuredmedia":[{"embeddable":true,"href":"https:\/\/www.raschvin.com\/sv\/wp-json\/wp\/v2\/media\/38678"}],"wp:attachment":[{"href":"https:\/\/www.raschvin.com\/sv\/wp-json\/wp\/v2\/media?parent=38671"}],"wp:term":[{"taxonomy":"product_brand","embeddable":true,"href":"https:\/\/www.raschvin.com\/sv\/wp-json\/wp\/v2\/product_brand?post=38671"},{"taxonomy":"product_cat","embeddable":true,"href":"https:\/\/www.raschvin.com\/sv\/wp-json\/wp\/v2\/product_cat?post=38671"},{"taxonomy":"product_tag","embeddable":true,"href":"https:\/\/www.raschvin.com\/sv\/wp-json\/wp\/v2\/product_tag?post=38671"}],"curies":[{"name":"wp","href":"https:\/\/api.w.org\/{rel}","templated":true}]}}