{"id":38656,"date":"2023-07-23T19:47:30","date_gmt":"2023-07-23T17:47:30","guid":{"rendered":"https:\/\/www.raschvin.com\/produkt\/butchers-cut-premium-malbec-75-cl\/"},"modified":"2023-07-23T19:47:30","modified_gmt":"2023-07-23T17:47:30","slug":"butchers-cut-premium-malbec-75-cl","status":"publish","type":"product","link":"https:\/\/www.raschvin.com\/sv\/produkt\/butchers-cut-premium-malbec-75-cl\/","title":{"rendered":"Butcher&#8217;s Cut Premium Malbec 75 cl."},"content":{"rendered":"<p>En absolut topp Malbec med intensitet och kraft i fin balans<\/p>\n<p>Bra p\u00e5:<br \/>\nGrill, n\u00f6tk\u00f6tt, ost &#8211; starkt, r\u00f6tt k\u00f6tt<\/p>\n<p>MJUKT OCH CHARMANT<\/p>\n<p>En absolut topp Malbec med intensitet och kraft i fin balans. Vinet framst\u00e5r som djupr\u00f6tt i glaset med violetta markeringar. Doften \u00e4r mjuk och charmig och i gommen upplever du den m\u00f6rka malbecdruvans klassiska egenskaper med hallon, russin, svartpeppar och lite choklad. Butcher&#8217;s Cut Premium Malbec \u00e4r en stolt exponent f\u00f6r Argentinas nationaldruva, Malbec, och vinet \u00e4r ett perfekt s\u00e4llskap till en god biff, grill, kryddiga r\u00e4tter eller ett urval av ostar.<\/p>\n<p>Serveringstemperatur: 16-18\u00b0C<\/p>\n<p>Tillverkning<\/p>\n<p>Druvorna till Butcher&#8217;s Cut Premium sk\u00f6rdas fr\u00e5n f\u00e4lt i Mendoza, d\u00e4r klimatet \u00e4r s\u00e4rskilt gynnsamt f\u00f6r vinodling. Skillnaden i natt- och dagtemperatur ger druvor med intensitet och nerv. Efter sk\u00f6rden f\u00f6rs druvorna till ving\u00e5rden d\u00e4r de vinifieras enligt traditionella metoder.<\/p>\n<p>CO2 &#8211; Milj\u00f6v\u00e4nlig<\/p>\n<p>Transport av vin i bulk fr\u00e5n ursprungslandet till buteljering i Danmark utg\u00f6r en avsev\u00e4rt minskad CO2-belastning j\u00e4mf\u00f6rt med vin som importeras p\u00e5 flaska. Som ett erk\u00e4nnande av det minskade CO2-avtrycket, men ocks\u00e5 f\u00f6rs\u00e4kran om vinets kvalitet samt de ekonomiska f\u00f6rdelarna med att transportera vin i bulk, utg\u00f6r bulkvin en allt st\u00f6rre del av v\u00e5r verksamhet. L\u00e4s mer h\u00e4r &#8211; www.co2friendlywine.eu.<\/p>\n<p>Om tillverkaren<\/p>\n<p>Butcher&#8217;s Cut-serien inneh\u00e5ller en flamboyant Malbec och en fr\u00e4sch Chardonnay fr\u00e5n Argentinas vinhuvudstad Mendoza. Butcher&#8217;s Cut \u00e4r en perfekt representant f\u00f6r Argentinas flaggskepp Malbec och f\u00f6r den fruktiga Chardonnay-druvan.<\/p>\n<p>Recensioner fr\u00e5n andra \u00e5r<\/p>\n<p>\u00c5r 2020<\/p>\n<p>  \u2014 Luca Maroni (2021-11-17)<\/p>\n","protected":false},"excerpt":{"rendered":"<p>Mendoza &#8211; Argentina<\/p>\n","protected":false},"featured_media":38750,"template":"","meta":{"_acf_changed":false,"rs_blank_template":"","rs_page_bg_color":"","slide_template_v7":""},"product_brand":[],"product_cat":[2788,2798],"product_tag":[],"class_list":{"0":"post-38656","1":"product","2":"type-product","3":"status-publish","4":"has-post-thumbnail","6":"product_cat-vin-sv","7":"product_cat-roedvin-sv","8":"pa_drue-malbec-sv","9":"pa_land-argentina-sv","10":"pa_procent-13-sv","11":"pa_producent-butchers-cut-sv","12":"pa_region-mendoza-sv","13":"pa_serveringstemperatur-16-18-sv","14":"pa_volume-75-sv","16":"first","17":"instock","18":"taxable","19":"shipping-taxable","20":"purchasable","21":"product-type-simple"},"bundled_by":[],"bundle_stock_status":"instock","bundle_stock_quantity":null,"bundle_virtual":false,"bundle_layout":"","bundle_add_to_cart_form_location":"","bundle_editable_in_cart":false,"bundle_sold_individually_context":"","bundle_item_grouping":"","bundle_min_size":"","bundle_max_size":"","bundle_price":[],"bundled_items":[],"bundle_sell_ids":[],"acf":[],"_links":{"self":[{"href":"https:\/\/www.raschvin.com\/sv\/wp-json\/wp\/v2\/product\/38656","targetHints":{"allow":["GET"]}}],"collection":[{"href":"https:\/\/www.raschvin.com\/sv\/wp-json\/wp\/v2\/product"}],"about":[{"href":"https:\/\/www.raschvin.com\/sv\/wp-json\/wp\/v2\/types\/product"}],"wp:featuredmedia":[{"embeddable":true,"href":"https:\/\/www.raschvin.com\/sv\/wp-json\/wp\/v2\/media\/38750"}],"wp:attachment":[{"href":"https:\/\/www.raschvin.com\/sv\/wp-json\/wp\/v2\/media?parent=38656"}],"wp:term":[{"taxonomy":"product_brand","embeddable":true,"href":"https:\/\/www.raschvin.com\/sv\/wp-json\/wp\/v2\/product_brand?post=38656"},{"taxonomy":"product_cat","embeddable":true,"href":"https:\/\/www.raschvin.com\/sv\/wp-json\/wp\/v2\/product_cat?post=38656"},{"taxonomy":"product_tag","embeddable":true,"href":"https:\/\/www.raschvin.com\/sv\/wp-json\/wp\/v2\/product_tag?post=38656"}],"curies":[{"name":"wp","href":"https:\/\/api.w.org\/{rel}","templated":true}]}}