{"id":38653,"date":"2023-07-23T19:39:07","date_gmt":"2023-07-23T17:39:07","guid":{"rendered":"https:\/\/www.raschvin.com\/produkt\/bontadini-organic-primitivo-igp-eco-75-cl\/"},"modified":"2023-07-23T19:39:07","modified_gmt":"2023-07-23T17:39:07","slug":"bontadini-organic-primitivo-igp-eco-75-cl","status":"publish","type":"product","link":"https:\/\/www.raschvin.com\/sv\/produkt\/bontadini-organic-primitivo-igp-eco-75-cl\/","title":{"rendered":"Bontadini Organic Primitivo IGP (ECO) 75 cl."},"content":{"rendered":"<p>Ta en sensorisk resa till Puglia med Bontadini Organic Primitivo &#8211; Ett djupt, fylligt och fruktigt vin som lyfter fram regionens unika egenskaper.<\/p>\n<p>Bra p\u00e5:<br \/>\nPasta och pizza, vilt, ost &#8211; stark<\/p>\n<p>F\u00d6RF\u00d6RANDE OCH FULL<\/p>\n<p>Bontadini Organic Primitivo har en lysande rubinr\u00f6d f\u00e4rg och aromer av f\u00f6rf\u00f6riska vilda r\u00f6da b\u00e4r och medelhavsbuskar. Det \u00e4r ett varmt och fylligt vin som \u00e4r extremt behagligt i munnen tack vare sin harmoniska och rika smak med inslag av k\u00f6rsb\u00e4r och lakrits. Finishen \u00e4r l\u00e5ngvarig och silkeslen.<\/p>\n<p>Servera Bontadini med klassiska italienska r\u00e4tter, viltk\u00f6tt och h\u00e5rdostar \u2013 eller helt enkelt p\u00e5 egen hand.<\/p>\n<p>Serveringstemperatur: 16-18\u00b0C<\/p>\n<p>Tillverkning<\/p>\n<p>Den naturliga sammans\u00e4ttningen av lera och lime i jorden ger druvorna exceptionella v\u00e4xtf\u00f6rh\u00e5llanden, d\u00e4r de kan mogna till absolut perfektion. Den unika kombinationen av olika jordtyper s\u00e4kerst\u00e4ller en harmonisk balans mellan n\u00e4rings\u00e4mnen, fukt och dr\u00e4nering, vilket bidrar till druvornas h\u00e4lsa och koncentration av smak. Ving\u00e5rdarna som pryder de sluttande landskapen och str\u00e4cker sig s\u00e5 l\u00e5ngt \u00f6gat n\u00e5r i Puglia \u00e4r bland de h\u00f6gsta i regionen. Det g\u00f6r att druvorna drar nytta av de svala, fr\u00e4scha n\u00e4tter och soliga dagar som pr\u00e4glar omr\u00e5det. Den naturliga variationen i temperatur skapar unika odlingsf\u00f6rh\u00e5llanden, d\u00e4r druvorna mognar l\u00e5ngsamt och utvecklar komplexa smaker och en djup koncentration av aromer. De ekologiska odlingsmetoderna som anv\u00e4nds i ving\u00e5rdarna \u00e4r en sann hyllning till naturens egna rytmer. Genom att v\u00e4lja ett h\u00e5llbart f\u00f6rh\u00e5llningss\u00e4tt till vinproduktionen uppr\u00e4tth\u00e5lls det ekologiska kretsloppet, d\u00e4r druvorna f\u00e5r v\u00e4xa utan anv\u00e4ndning av kemiska bek\u00e4mpningsmedel eller konstg\u00f6dsel. Resultatet \u00e4r en ren och autentisk vinprodukt med en sann \u00e5terspegling av Puglias of\u00f6rst\u00f6rda natur.<\/p>\n","protected":false},"excerpt":{"rendered":"<p>Puglia &#8211; Italy<\/p>\n","protected":false},"featured_media":38711,"template":"","meta":{"_acf_changed":false,"rs_blank_template":"","rs_page_bg_color":"","slide_template_v7":""},"product_brand":[],"product_cat":[2788,2798],"product_tag":[],"class_list":{"0":"post-38653","1":"product","2":"type-product","3":"status-publish","4":"has-post-thumbnail","6":"product_cat-vin-sv","7":"product_cat-roedvin-sv","8":"pa_drue-primitivo-sv-2","9":"pa_land-italien-sv","10":"pa_oekologisk-yes-sv","11":"pa_procent-15-sv","12":"pa_producent-bontadini-sv","13":"pa_region-puglia-sv","14":"pa_serveringstemperatur-16-18-sv","15":"pa_volume-75-sv","17":"first","18":"instock","19":"taxable","20":"shipping-taxable","21":"purchasable","22":"product-type-simple"},"bundled_by":["119768"],"bundle_stock_status":"instock","bundle_stock_quantity":null,"bundle_virtual":false,"bundle_layout":"","bundle_add_to_cart_form_location":"","bundle_editable_in_cart":false,"bundle_sold_individually_context":"","bundle_item_grouping":"","bundle_min_size":"","bundle_max_size":"","bundle_price":[],"bundled_items":[],"bundle_sell_ids":[],"acf":[],"_links":{"self":[{"href":"https:\/\/www.raschvin.com\/sv\/wp-json\/wp\/v2\/product\/38653","targetHints":{"allow":["GET"]}}],"collection":[{"href":"https:\/\/www.raschvin.com\/sv\/wp-json\/wp\/v2\/product"}],"about":[{"href":"https:\/\/www.raschvin.com\/sv\/wp-json\/wp\/v2\/types\/product"}],"wp:featuredmedia":[{"embeddable":true,"href":"https:\/\/www.raschvin.com\/sv\/wp-json\/wp\/v2\/media\/38711"}],"wp:attachment":[{"href":"https:\/\/www.raschvin.com\/sv\/wp-json\/wp\/v2\/media?parent=38653"}],"wp:term":[{"taxonomy":"product_brand","embeddable":true,"href":"https:\/\/www.raschvin.com\/sv\/wp-json\/wp\/v2\/product_brand?post=38653"},{"taxonomy":"product_cat","embeddable":true,"href":"https:\/\/www.raschvin.com\/sv\/wp-json\/wp\/v2\/product_cat?post=38653"},{"taxonomy":"product_tag","embeddable":true,"href":"https:\/\/www.raschvin.com\/sv\/wp-json\/wp\/v2\/product_tag?post=38653"}],"curies":[{"name":"wp","href":"https:\/\/api.w.org\/{rel}","templated":true}]}}