{"id":38647,"date":"2023-07-23T19:15:47","date_gmt":"2023-07-23T17:15:47","guid":{"rendered":"https:\/\/www.raschvin.com\/produkt\/bontadini-negroamaro-igp-75-cl\/"},"modified":"2023-07-23T19:15:47","modified_gmt":"2023-07-23T17:15:47","slug":"bontadini-negroamaro-igp-75-cl","status":"publish","type":"product","link":"https:\/\/www.raschvin.com\/sv\/produkt\/bontadini-negroamaro-igp-75-cl\/","title":{"rendered":"Bontadini Negroamaro IGP 75 cl."},"content":{"rendered":"<p>L\u00e4ckert koncentrerat r\u00f6tt vin med fin ren fruktkarakt\u00e4r och sk\u00f6n mjuk eftersmak.<\/p>\n<p>Bra p\u00e5:<br \/>\nN\u00f6tk\u00f6tt, ost &#8211; stark, vilt<\/p>\n<p>KONCENTRERAD, MJUK OCH FRUKTIG<\/p>\n<p>Bontadini Negroamaro \u00e4r djupr\u00f6d i glaset med lite violetta markeringar. Doften \u00e4r intensiv av mogna b\u00e4r. Smaken \u00e4r ljuvligt koncentrerad och medelfyllig med fin ren fruktkarakt\u00e4r och en h\u00e4rlig mjuk eftersmak.<\/p>\n<p>Vinet \u00e4r ett perfekt allroundvin som passar bra till medelhavsk\u00f6ket, till grillat k\u00f6tt eller vilt och till aromatiska ostar.<\/p>\n<p>Serveringstemperatur: 15-18\u00b0C<\/p>\n<p>Tillverkning<\/p>\n<p>Vinet \u00e4r gjort p\u00e5 Negroamaro-druvor som v\u00e4xer i Salento i den s\u00f6dra delen av Apulien. Jorden \u00e4r r\u00f6d och lerig, klimatet \u00e4r varmt med l\u00e4tta vindar fr\u00e5n Medelhavet, s\u00e5 druvorna utvecklas perfekt och ger massor av intensitet och kraft. Druvorna behandlas traditionellt och lagras i rostfria st\u00e5ltankar under kontrollerade temperaturer f\u00f6r att bevara s\u00e5 mycket frukt som m\u00f6jligt i vinet.<\/p>\n<p>Om tillverkaren<\/p>\n<p>Bontadini-sortimentet representerar det b\u00e4sta fr\u00e5n Italien. Bontadini-vinerna kommer fr\u00e5n de mest prestigefyllda och viktiga vinregionerna i Italien. Druvornas utm\u00e4rkta kvalitet och italienarnas stolta traditioner inom vinproduktion garanterar superkvalitet.<\/p>\n<p>Recensioner fr\u00e5n andra \u00e5r<\/p>\n<p>\u00c5r 2015<\/p>\n<p>  \u2014 Luca Maroni (2017-01-16)<\/p>\n","protected":false},"excerpt":{"rendered":"<p>Salento &#8211; Italy <\/p>\n","protected":false},"featured_media":38690,"template":"","meta":{"_acf_changed":false,"rs_blank_template":"","rs_page_bg_color":"","slide_template_v7":""},"product_brand":[],"product_cat":[2788,2798],"product_tag":[],"class_list":{"0":"post-38647","1":"product","2":"type-product","3":"status-publish","4":"has-post-thumbnail","6":"product_cat-vin-sv","7":"product_cat-roedvin-sv","8":"pa_drue-negroamaro-sv","9":"pa_land-italien-sv","10":"pa_procent-14-5-sv","11":"pa_producent-bontadini-sv","12":"pa_region-salento-sv","13":"pa_serveringstemperatur-15-18-sv","14":"pa_volume-75-sv","16":"first","17":"instock","18":"taxable","19":"shipping-taxable","20":"purchasable","21":"product-type-simple"},"bundled_by":[],"bundle_stock_status":"instock","bundle_stock_quantity":null,"bundle_virtual":false,"bundle_layout":"","bundle_add_to_cart_form_location":"","bundle_editable_in_cart":false,"bundle_sold_individually_context":"","bundle_item_grouping":"","bundle_min_size":"","bundle_max_size":"","bundle_price":[],"bundled_items":[],"bundle_sell_ids":[],"acf":[],"_links":{"self":[{"href":"https:\/\/www.raschvin.com\/sv\/wp-json\/wp\/v2\/product\/38647","targetHints":{"allow":["GET"]}}],"collection":[{"href":"https:\/\/www.raschvin.com\/sv\/wp-json\/wp\/v2\/product"}],"about":[{"href":"https:\/\/www.raschvin.com\/sv\/wp-json\/wp\/v2\/types\/product"}],"wp:featuredmedia":[{"embeddable":true,"href":"https:\/\/www.raschvin.com\/sv\/wp-json\/wp\/v2\/media\/38690"}],"wp:attachment":[{"href":"https:\/\/www.raschvin.com\/sv\/wp-json\/wp\/v2\/media?parent=38647"}],"wp:term":[{"taxonomy":"product_brand","embeddable":true,"href":"https:\/\/www.raschvin.com\/sv\/wp-json\/wp\/v2\/product_brand?post=38647"},{"taxonomy":"product_cat","embeddable":true,"href":"https:\/\/www.raschvin.com\/sv\/wp-json\/wp\/v2\/product_cat?post=38647"},{"taxonomy":"product_tag","embeddable":true,"href":"https:\/\/www.raschvin.com\/sv\/wp-json\/wp\/v2\/product_tag?post=38647"}],"curies":[{"name":"wp","href":"https:\/\/api.w.org\/{rel}","templated":true}]}}