{"id":38600,"date":"2023-07-21T08:10:47","date_gmt":"2023-07-21T06:10:47","guid":{"rendered":"https:\/\/www.raschvin.com\/produkt\/pink-pirate-70-cl-30\/"},"modified":"2023-07-21T08:10:47","modified_gmt":"2023-07-21T06:10:47","slug":"pink-pirate-70-cl-30","status":"publish","type":"product","link":"https:\/\/www.raschvin.com\/sv\/produkt\/pink-pirate-70-cl-30\/","title":{"rendered":"Pink Pirate 70 cl. 30%"},"content":{"rendered":"<p>Pink Pirate Raspberry Rom \u00e4r gjord av originalreceptet p\u00e5 piraternas favoritdryck \u2013 \u00e4kta karibisk rom med naturliga aromer av hallon tillsatta.<\/p>\n<p>Pink Pirate Raspberry Rum erbjuder stora m\u00f6jligheter att blanda l\u00e4ckra, f\u00e4rgglada drinkar och cocktails.<\/p>\n","protected":false},"excerpt":{"rendered":"<p>Raspberry Spirit Drink Based On Caribbean Rum<\/p>\n","protected":false},"featured_media":38620,"template":"","meta":{"_acf_changed":false,"rs_blank_template":"","rs_page_bg_color":"","slide_template_v7":""},"product_brand":[],"product_cat":[2387,4642,2391],"product_tag":[],"class_list":{"0":"post-38600","1":"product","2":"type-product","3":"status-publish","4":"has-post-thumbnail","6":"product_cat-avec-sv","7":"product_cat-flavoured-rom-sv","8":"product_cat-rom-sv","9":"pa_land-danmark-sv","10":"pa_procent-30-sv","11":"pa_producent-spritfabrikken-danmark-sv","12":"pa_volume-70-sv-2","14":"first","15":"instock","16":"sale","17":"taxable","18":"shipping-taxable","19":"purchasable","20":"product-type-simple"},"bundled_by":[],"bundle_stock_status":"instock","bundle_stock_quantity":null,"bundle_virtual":false,"bundle_layout":"","bundle_add_to_cart_form_location":"","bundle_editable_in_cart":false,"bundle_sold_individually_context":"","bundle_item_grouping":"","bundle_min_size":"","bundle_max_size":"","bundle_price":[],"bundled_items":[],"bundle_sell_ids":[],"acf":[],"_links":{"self":[{"href":"https:\/\/www.raschvin.com\/sv\/wp-json\/wp\/v2\/product\/38600","targetHints":{"allow":["GET"]}}],"collection":[{"href":"https:\/\/www.raschvin.com\/sv\/wp-json\/wp\/v2\/product"}],"about":[{"href":"https:\/\/www.raschvin.com\/sv\/wp-json\/wp\/v2\/types\/product"}],"wp:featuredmedia":[{"embeddable":true,"href":"https:\/\/www.raschvin.com\/sv\/wp-json\/wp\/v2\/media\/38620"}],"wp:attachment":[{"href":"https:\/\/www.raschvin.com\/sv\/wp-json\/wp\/v2\/media?parent=38600"}],"wp:term":[{"taxonomy":"product_brand","embeddable":true,"href":"https:\/\/www.raschvin.com\/sv\/wp-json\/wp\/v2\/product_brand?post=38600"},{"taxonomy":"product_cat","embeddable":true,"href":"https:\/\/www.raschvin.com\/sv\/wp-json\/wp\/v2\/product_cat?post=38600"},{"taxonomy":"product_tag","embeddable":true,"href":"https:\/\/www.raschvin.com\/sv\/wp-json\/wp\/v2\/product_tag?post=38600"}],"curies":[{"name":"wp","href":"https:\/\/api.w.org\/{rel}","templated":true}]}}