{"id":38530,"date":"2023-07-17T21:07:16","date_gmt":"2023-07-17T19:07:16","guid":{"rendered":"https:\/\/www.raschvin.com\/produkt\/glen-scotia-12-years-amontillado-sherry-finish-70-cl-533\/"},"modified":"2023-07-17T21:07:16","modified_gmt":"2023-07-17T19:07:16","slug":"glen-scotia-12-years-amontillado-sherry-finish-70-cl-533","status":"publish","type":"product","link":"https:\/\/www.raschvin.com\/sv\/produkt\/glen-scotia-12-years-amontillado-sherry-finish-70-cl-533\/","title":{"rendered":"Glen Scotia &#8211; 12 Years Amontillado Sherry Finish 70 cl. 53,3%"},"content":{"rendered":"<p>Glen Scotia 12 Years Amontillado Sherry Finish \u00e4r destilleriets \u00e5rliga s\u00e4songssl\u00e4pp 2022. Den har \u00e5ldrats p\u00e5 first fill bourbonfat och har legat f\u00e4rdig i 12 m\u00e5nader p\u00e5 Amontillado sherryfat. Tillsammans ger det en fin komplex singelmalt.<\/p>\n<p>F\u00e4rg: Amber.<br \/>\nDoft: Lite s\u00f6tma med vanilj, honung och kola och fina maritima toner.<br \/>\nSmaknoter: Kryddiga toner med kr\u00e4mig vanilj och saltad karamell. L\u00e5ng n\u00f6taktig eftersmak. Som Campbeltown vid jultid.<\/p>\n<p>Serveringsf\u00f6rslag: Njut av det rent, ev med n\u00e5gra droppar vatten.<\/p>\n<p>Glen Scotia f\u00f6ddes p\u00e5 en plats utan dess like &#8211; en liten stad p\u00e5 Skottlands v\u00e4stkust som skulle bli &#8221;V\u00e4rldens viktorianska whiskyhuvudstad&#8221;. Inv\u00e5narna i Campbeltown \u00e4r stoiska och stolta och v\u00e5r whisky har alltid haft ett underbart s\u00e4tt att f\u00f6ra oss samman i n\u00f6den. Glen Scotia triumferade mot alla odds, med ett trettiotal andra lokala destillerier som f\u00f6ll. Idag st\u00e5r den stolt bland de sista av m\u00e5nga, tack vare den gemenskapsanda som definierar Campbeltown.<\/p>\n","protected":false},"excerpt":{"rendered":"<p>Campbeltown Single Malt Scotch Whisky<\/p>\n","protected":false},"featured_media":38553,"template":"","meta":{"_acf_changed":false,"rs_blank_template":"","rs_page_bg_color":"","slide_template_v7":""},"product_brand":[],"product_cat":[2387,2392,4651],"product_tag":[],"class_list":{"0":"post-38530","1":"product","2":"type-product","3":"status-publish","4":"has-post-thumbnail","6":"product_cat-avec-sv","7":"product_cat-whisky-sv","8":"product_cat-single-malt-sv","9":"pa_champagne-type-single-cask-sv","10":"pa_land-skottland","11":"pa_procent-53-3-sv-2","12":"pa_producent-glen-scotia-sv","13":"pa_region-campbeltown-sv","14":"pa_traefad-amontillado-sv","15":"pa_volume-70-sv-2","17":"first","18":"instock","19":"sale","20":"taxable","21":"shipping-taxable","22":"purchasable","23":"product-type-simple"},"bundled_by":[],"bundle_stock_status":"instock","bundle_stock_quantity":null,"bundle_virtual":false,"bundle_layout":"","bundle_add_to_cart_form_location":"","bundle_editable_in_cart":false,"bundle_sold_individually_context":"","bundle_item_grouping":"","bundle_min_size":"","bundle_max_size":"","bundle_price":[],"bundled_items":[],"bundle_sell_ids":[],"acf":[],"_links":{"self":[{"href":"https:\/\/www.raschvin.com\/sv\/wp-json\/wp\/v2\/product\/38530","targetHints":{"allow":["GET"]}}],"collection":[{"href":"https:\/\/www.raschvin.com\/sv\/wp-json\/wp\/v2\/product"}],"about":[{"href":"https:\/\/www.raschvin.com\/sv\/wp-json\/wp\/v2\/types\/product"}],"wp:featuredmedia":[{"embeddable":true,"href":"https:\/\/www.raschvin.com\/sv\/wp-json\/wp\/v2\/media\/38553"}],"wp:attachment":[{"href":"https:\/\/www.raschvin.com\/sv\/wp-json\/wp\/v2\/media?parent=38530"}],"wp:term":[{"taxonomy":"product_brand","embeddable":true,"href":"https:\/\/www.raschvin.com\/sv\/wp-json\/wp\/v2\/product_brand?post=38530"},{"taxonomy":"product_cat","embeddable":true,"href":"https:\/\/www.raschvin.com\/sv\/wp-json\/wp\/v2\/product_cat?post=38530"},{"taxonomy":"product_tag","embeddable":true,"href":"https:\/\/www.raschvin.com\/sv\/wp-json\/wp\/v2\/product_tag?post=38530"}],"curies":[{"name":"wp","href":"https:\/\/api.w.org\/{rel}","templated":true}]}}